{"id":117719,"date":"2025-04-02T12:33:54","date_gmt":"2025-04-02T10:33:54","guid":{"rendered":"https:\/\/disimi.hr\/proizvod\/obuca-za-more-aqua-surf-zenske-junior-tockice-vel-35-40-asz2201\/"},"modified":"2026-04-29T14:13:42","modified_gmt":"2026-04-29T12:13:42","slug":"obuca-za-more-aqua-surf-zenske-junior-tockice-vel-35-40-asz2201","status":"publish","type":"product","link":"https:\/\/disimi.hr\/de\/produkt\/obuca-za-more-aqua-surf-zenske-junior-tockice-vel-35-40-asz2201\/","title":{"rendered":"Aqua Surf Damen-\/Junior-Schwimmschuhe \u201eDots\u201c, Gr\u00f6\u00dfe 35-40 &#8211; asz2201"},"content":{"rendered":"<div class=\"wpb-content-wrapper\"><p>[vc_row][vc_column][vc_column_text woodmart_inline=&#8221;no&#8221; text_larger=&#8221;yes&#8221;] <\/p>\n<p style=\"text-align: center;\">\u2714<strong> Rutschfest<\/strong>: Die Sohle mit Spikes verhindert Ausrutschen.<\/p>\n<div class=\"product-glavni-tekst\">\n<p style=\"text-align: center;\">\u2714<strong> Schnelltrocknend<\/strong>: Das Obermaterial trocknet extrem schnell.<\/p>\n<p style=\"text-align: center;\">\u2714<strong> Modernes Design<\/strong>: Bei den DiSiMi? Hausschuhen werden keine Kompromisse beim Design gemacht. Aqua Surf mit einzigartigem und attraktivem Design, attraktiv und bequem!<\/p>\n<p style=\"text-align: center;\">\u2714<strong> Einfachheit<\/strong>: Das dehnbare Obermaterial erm\u00f6glicht schnelles und einfaches Anziehen<\/p>\n<\/div>\n<p>[\/vc_column_text][vc_row_inner][vc_column_inner width=&#8221;1\/2&#8243;][vc_single_image image=&#8221;2580&#8243; img_size=&#8221;full&#8221; alignment=&#8221;center&#8221; parallax_scroll=&#8221;no&#8221; woodmart_inline=&#8221;no&#8221;][\/vc_column_inner][vc_column_inner width=&#8221;1\/2&#8243;][vc_single_image image=&#8221;7452&#8243; img_size=&#8221;full&#8221; alignment=&#8221;center&#8221; parallax_scroll=&#8221;no&#8221; woodmart_inline=&#8221;no&#8221;][\/vc_column_inner][\/vc_row_inner][vc_row_inner][vc_column_inner][vc_column_text woodmart_inline=&#8221;no&#8221; text_larger=&#8221;no&#8221;] <\/p>\n<p style=\"text-align: center;\">Unsere Garantie: Wir sind fest davon \u00fcberzeugt, dass unsere Surfbretter von herausragender Qualit\u00e4t und erstklassigem Design sind. Wir glauben so sehr an unser Produkt, dass wir sicher sind, dass es Sie begeistern wird. Sollten die DiSiMi?-Surfbretter Ihre Erwartungen nicht erf\u00fcllen, k\u00f6nnen Sie sie jederzeit zur\u00fcckgeben und wir erstatten Ihnen innerhalb der ersten 30 Tage den vollen Kaufpreis.<\/p>\n<p>[\/vc_column_text][\/vc_column_inner][\/vc_row_inner][\/vc_column][\/vc_row]<\/p>\n<\/div>","protected":false},"excerpt":{"rendered":"<p>Rutschfest <\/p>\n<p>Schnelltrocknend <\/p>\n<p>Leicht an- und auszuziehen <\/p>\n<p>Einzigartiges Design <\/p>\n<div>\n<table border=\"0\" width=\"253\" cellspacing=\"0\" cellpadding=\"0\">\n<tbody>\n<tr>\n<td valign=\"bottom\" nowrap=\"nowrap\" width=\"127\">\n<div>GR\u00d6SSE<u><\/u><u><\/u><\/div>\n<\/td>\n<td valign=\"bottom\" nowrap=\"nowrap\" width=\"127\">L\u00c4NGE IN MILLIMETERN<\/td>\n<\/tr>\n<tr>\n<td valign=\"bottom\" nowrap=\"nowrap\" width=\"127\">\n<div>35<\/div>\n<\/td>\n<td valign=\"bottom\" nowrap=\"nowrap\" width=\"127\">\n<div>228<\/div>\n<\/td>\n<\/tr>\n<tr>\n<td valign=\"bottom\" nowrap=\"nowrap\" width=\"127\">\n<div>36<\/div>\n<\/td>\n<td valign=\"bottom\" nowrap=\"nowrap\" width=\"127\">238<\/td>\n<\/tr>\n<tr>\n<td valign=\"bottom\" nowrap=\"nowrap\" width=\"127\">\n<div>37<\/div>\n<\/td>\n<td valign=\"bottom\" nowrap=\"nowrap\" width=\"127\">\n<div>247<\/div>\n<\/td>\n<\/tr>\n<tr>\n<td valign=\"bottom\" nowrap=\"nowrap\" width=\"127\">38<\/td>\n<td valign=\"bottom\" nowrap=\"nowrap\" width=\"127\">\n<div>256<\/div>\n<\/td>\n<\/tr>\n<tr>\n<td valign=\"bottom\" nowrap=\"nowrap\" width=\"127\">39<\/td>\n<td valign=\"bottom\" nowrap=\"nowrap\" width=\"127\">\n<div>262<\/div>\n<\/td>\n<\/tr>\n<tr>\n<td valign=\"bottom\" nowrap=\"nowrap\" width=\"127\">\n<div>40<\/div>\n<\/td>\n<td valign=\"bottom\" nowrap=\"nowrap\" width=\"127\">\n<div>274<\/div>\n<div><\/div>\n<\/td>\n<\/tr>\n<\/tbody>\n<\/table>\n<\/div>\n","protected":false},"featured_media":117720,"template":"","meta":[],"product_brand":[],"product_cat":[242,247],"product_tag":[],"class_list":{"0":"post-117719","1":"product","2":"type-product","3":"status-publish","4":"has-post-thumbnail","6":"product_cat-sommerschuhe","7":"product_cat-wasserschuhe","9":"first","10":"instock","11":"taxable","12":"shipping-taxable","13":"purchasable","14":"product-type-variable"},"yoast_head":"<!-- This site is optimized with the Yoast SEO plugin v27.3 - https:\/\/yoast.com\/product\/yoast-seo-wordpress\/ -->\n<title>Aqua Surf Damen-\/Junior-Schwimmschuhe \u201eDots\u201c, Gr\u00f6\u00dfe 35-40 - asz2201 - DISIMI?<\/title>\n<meta name=\"robots\" content=\"index, follow, max-snippet:-1, max-image-preview:large, max-video-preview:-1\" \/>\n<link rel=\"canonical\" href=\"https:\/\/disimi.hr\/de\/produkt\/obuca-za-more-aqua-surf-zenske-junior-tockice-vel-35-40-asz2201\/\" \/>\n<meta property=\"og:locale\" content=\"de_DE\" \/>\n<meta property=\"og:type\" content=\"article\" \/>\n<meta property=\"og:title\" content=\"Aqua Surf Damen-\/Junior-Schwimmschuhe \u201eDots\u201c, Gr\u00f6\u00dfe 35-40 - asz2201 - DISIMI?\" \/>\n<meta property=\"og:description\" content=\"Rutschfest  Schnelltrocknend  Leicht an- und auszuziehen  Einzigartiges Design      GR\u00d6SSE L\u00c4NGE IN MILLIMETERN    35  228    36 238    37  247   38  256   39  262    40  274\" \/>\n<meta property=\"og:url\" content=\"https:\/\/disimi.hr\/de\/produkt\/obuca-za-more-aqua-surf-zenske-junior-tockice-vel-35-40-asz2201\/\" \/>\n<meta property=\"og:site_name\" content=\"DISIMI?\" \/>\n<meta property=\"article:publisher\" content=\"https:\/\/www.facebook.com\/DISIMI.hr\/\" \/>\n<meta property=\"article:modified_time\" content=\"2026-04-29T12:13:42+00:00\" \/>\n<meta property=\"og:image\" content=\"https:\/\/disimi.hr\/wp-content\/uploads\/2025\/04\/ASZ2201-w.jpg\" \/>\n\t<meta property=\"og:image:width\" content=\"800\" \/>\n\t<meta property=\"og:image:height\" content=\"800\" \/>\n\t<meta property=\"og:image:type\" content=\"image\/jpeg\" \/>\n<meta name=\"twitter:card\" content=\"summary_large_image\" \/>\n<meta name=\"twitter:label1\" content=\"Gesch\u00e4tzte Lesezeit\" \/>\n\t<meta name=\"twitter:data1\" content=\"1\u00a0Minute\" \/>\n<script type=\"application\/ld+json\" class=\"yoast-schema-graph\">{\"@context\":\"https:\\\/\\\/schema.org\",\"@graph\":[{\"@type\":\"WebPage\",\"@id\":\"https:\\\/\\\/disimi.hr\\\/de\\\/produkt\\\/obuca-za-more-aqua-surf-zenske-junior-tockice-vel-35-40-asz2201\\\/\",\"url\":\"https:\\\/\\\/disimi.hr\\\/de\\\/produkt\\\/obuca-za-more-aqua-surf-zenske-junior-tockice-vel-35-40-asz2201\\\/\",\"name\":\"Aqua Surf Damen-\\\/Junior-Schwimmschuhe \u201eDots\u201c, Gr\u00f6\u00dfe 35-40 - asz2201 - DISIMI?\",\"isPartOf\":{\"@id\":\"https:\\\/\\\/disimi.hr\\\/#website\"},\"primaryImageOfPage\":{\"@id\":\"https:\\\/\\\/disimi.hr\\\/de\\\/produkt\\\/obuca-za-more-aqua-surf-zenske-junior-tockice-vel-35-40-asz2201\\\/#primaryimage\"},\"image\":{\"@id\":\"https:\\\/\\\/disimi.hr\\\/de\\\/produkt\\\/obuca-za-more-aqua-surf-zenske-junior-tockice-vel-35-40-asz2201\\\/#primaryimage\"},\"thumbnailUrl\":\"https:\\\/\\\/disimi.hr\\\/wp-content\\\/uploads\\\/2025\\\/04\\\/ASZ2201-w.jpg\",\"datePublished\":\"2025-04-02T10:33:54+00:00\",\"dateModified\":\"2026-04-29T12:13:42+00:00\",\"breadcrumb\":{\"@id\":\"https:\\\/\\\/disimi.hr\\\/de\\\/produkt\\\/obuca-za-more-aqua-surf-zenske-junior-tockice-vel-35-40-asz2201\\\/#breadcrumb\"},\"inLanguage\":\"de\",\"potentialAction\":[{\"@type\":\"ReadAction\",\"target\":[\"https:\\\/\\\/disimi.hr\\\/de\\\/produkt\\\/obuca-za-more-aqua-surf-zenske-junior-tockice-vel-35-40-asz2201\\\/\"]}]},{\"@type\":\"ImageObject\",\"inLanguage\":\"de\",\"@id\":\"https:\\\/\\\/disimi.hr\\\/de\\\/produkt\\\/obuca-za-more-aqua-surf-zenske-junior-tockice-vel-35-40-asz2201\\\/#primaryimage\",\"url\":\"https:\\\/\\\/disimi.hr\\\/wp-content\\\/uploads\\\/2025\\\/04\\\/ASZ2201-w.jpg\",\"contentUrl\":\"https:\\\/\\\/disimi.hr\\\/wp-content\\\/uploads\\\/2025\\\/04\\\/ASZ2201-w.jpg\",\"width\":800,\"height\":800},{\"@type\":\"BreadcrumbList\",\"@id\":\"https:\\\/\\\/disimi.hr\\\/de\\\/produkt\\\/obuca-za-more-aqua-surf-zenske-junior-tockice-vel-35-40-asz2201\\\/#breadcrumb\",\"itemListElement\":[{\"@type\":\"ListItem\",\"position\":1,\"name\":\"Po\u010detna stranica\",\"item\":\"https:\\\/\\\/disimi.hr\\\/de\\\/\"},{\"@type\":\"ListItem\",\"position\":2,\"name\":\"Produkte\",\"item\":\"https:\\\/\\\/disimi.hr\\\/de\\\/produkte\\\/\"},{\"@type\":\"ListItem\",\"position\":3,\"name\":\"Aqua Surf Damen-\\\/Junior-Schwimmschuhe \u201eDots\u201c, Gr\u00f6\u00dfe 35-40 &#8211; asz2201\"}]},{\"@type\":\"WebSite\",\"@id\":\"https:\\\/\\\/disimi.hr\\\/#website\",\"url\":\"https:\\\/\\\/disimi.hr\\\/\",\"name\":\"DISIMI?\",\"description\":\"Hrvatski brand i jedinstveni dizajn!\",\"publisher\":{\"@id\":\"https:\\\/\\\/disimi.hr\\\/#organization\"},\"potentialAction\":[{\"@type\":\"SearchAction\",\"target\":{\"@type\":\"EntryPoint\",\"urlTemplate\":\"https:\\\/\\\/disimi.hr\\\/?s={search_term_string}\"},\"query-input\":{\"@type\":\"PropertyValueSpecification\",\"valueRequired\":true,\"valueName\":\"search_term_string\"}}],\"inLanguage\":\"de\"},{\"@type\":\"Organization\",\"@id\":\"https:\\\/\\\/disimi.hr\\\/#organization\",\"name\":\"DiSiMi?\",\"url\":\"https:\\\/\\\/disimi.hr\\\/\",\"logo\":{\"@type\":\"ImageObject\",\"inLanguage\":\"de\",\"@id\":\"https:\\\/\\\/disimi.hr\\\/#\\\/schema\\\/logo\\\/image\\\/\",\"url\":\"https:\\\/\\\/disimi.hr\\\/wp-content\\\/uploads\\\/2022\\\/02\\\/logo2.jpg\",\"contentUrl\":\"https:\\\/\\\/disimi.hr\\\/wp-content\\\/uploads\\\/2022\\\/02\\\/logo2.jpg\",\"width\":250,\"height\":79,\"caption\":\"DiSiMi?\"},\"image\":{\"@id\":\"https:\\\/\\\/disimi.hr\\\/#\\\/schema\\\/logo\\\/image\\\/\"},\"sameAs\":[\"https:\\\/\\\/www.facebook.com\\\/DISIMI.hr\\\/\",\"https:\\\/\\\/www.instagram.com\\\/disimi.hr\\\/\"]}]}<\/script>\n<!-- \/ Yoast SEO plugin. -->","yoast_head_json":{"title":"Aqua Surf Damen-\/Junior-Schwimmschuhe \u201eDots\u201c, Gr\u00f6\u00dfe 35-40 - asz2201 - DISIMI?","robots":{"index":"index","follow":"follow","max-snippet":"max-snippet:-1","max-image-preview":"max-image-preview:large","max-video-preview":"max-video-preview:-1"},"canonical":"https:\/\/disimi.hr\/de\/produkt\/obuca-za-more-aqua-surf-zenske-junior-tockice-vel-35-40-asz2201\/","og_locale":"de_DE","og_type":"article","og_title":"Aqua Surf Damen-\/Junior-Schwimmschuhe \u201eDots\u201c, Gr\u00f6\u00dfe 35-40 - asz2201 - DISIMI?","og_description":"Rutschfest  Schnelltrocknend  Leicht an- und auszuziehen  Einzigartiges Design      GR\u00d6SSE L\u00c4NGE IN MILLIMETERN    35  228    36 238    37  247   38  256   39  262    40  274","og_url":"https:\/\/disimi.hr\/de\/produkt\/obuca-za-more-aqua-surf-zenske-junior-tockice-vel-35-40-asz2201\/","og_site_name":"DISIMI?","article_publisher":"https:\/\/www.facebook.com\/DISIMI.hr\/","article_modified_time":"2026-04-29T12:13:42+00:00","og_image":[{"width":800,"height":800,"url":"https:\/\/disimi.hr\/wp-content\/uploads\/2025\/04\/ASZ2201-w.jpg","type":"image\/jpeg"}],"twitter_card":"summary_large_image","twitter_misc":{"Gesch\u00e4tzte Lesezeit":"1\u00a0Minute"},"schema":{"@context":"https:\/\/schema.org","@graph":[{"@type":"WebPage","@id":"https:\/\/disimi.hr\/de\/produkt\/obuca-za-more-aqua-surf-zenske-junior-tockice-vel-35-40-asz2201\/","url":"https:\/\/disimi.hr\/de\/produkt\/obuca-za-more-aqua-surf-zenske-junior-tockice-vel-35-40-asz2201\/","name":"Aqua Surf Damen-\/Junior-Schwimmschuhe \u201eDots\u201c, Gr\u00f6\u00dfe 35-40 - asz2201 - DISIMI?","isPartOf":{"@id":"https:\/\/disimi.hr\/#website"},"primaryImageOfPage":{"@id":"https:\/\/disimi.hr\/de\/produkt\/obuca-za-more-aqua-surf-zenske-junior-tockice-vel-35-40-asz2201\/#primaryimage"},"image":{"@id":"https:\/\/disimi.hr\/de\/produkt\/obuca-za-more-aqua-surf-zenske-junior-tockice-vel-35-40-asz2201\/#primaryimage"},"thumbnailUrl":"https:\/\/disimi.hr\/wp-content\/uploads\/2025\/04\/ASZ2201-w.jpg","datePublished":"2025-04-02T10:33:54+00:00","dateModified":"2026-04-29T12:13:42+00:00","breadcrumb":{"@id":"https:\/\/disimi.hr\/de\/produkt\/obuca-za-more-aqua-surf-zenske-junior-tockice-vel-35-40-asz2201\/#breadcrumb"},"inLanguage":"de","potentialAction":[{"@type":"ReadAction","target":["https:\/\/disimi.hr\/de\/produkt\/obuca-za-more-aqua-surf-zenske-junior-tockice-vel-35-40-asz2201\/"]}]},{"@type":"ImageObject","inLanguage":"de","@id":"https:\/\/disimi.hr\/de\/produkt\/obuca-za-more-aqua-surf-zenske-junior-tockice-vel-35-40-asz2201\/#primaryimage","url":"https:\/\/disimi.hr\/wp-content\/uploads\/2025\/04\/ASZ2201-w.jpg","contentUrl":"https:\/\/disimi.hr\/wp-content\/uploads\/2025\/04\/ASZ2201-w.jpg","width":800,"height":800},{"@type":"BreadcrumbList","@id":"https:\/\/disimi.hr\/de\/produkt\/obuca-za-more-aqua-surf-zenske-junior-tockice-vel-35-40-asz2201\/#breadcrumb","itemListElement":[{"@type":"ListItem","position":1,"name":"Po\u010detna stranica","item":"https:\/\/disimi.hr\/de\/"},{"@type":"ListItem","position":2,"name":"Produkte","item":"https:\/\/disimi.hr\/de\/produkte\/"},{"@type":"ListItem","position":3,"name":"Aqua Surf Damen-\/Junior-Schwimmschuhe \u201eDots\u201c, Gr\u00f6\u00dfe 35-40 &#8211; asz2201"}]},{"@type":"WebSite","@id":"https:\/\/disimi.hr\/#website","url":"https:\/\/disimi.hr\/","name":"DISIMI?","description":"Hrvatski brand i jedinstveni dizajn!","publisher":{"@id":"https:\/\/disimi.hr\/#organization"},"potentialAction":[{"@type":"SearchAction","target":{"@type":"EntryPoint","urlTemplate":"https:\/\/disimi.hr\/?s={search_term_string}"},"query-input":{"@type":"PropertyValueSpecification","valueRequired":true,"valueName":"search_term_string"}}],"inLanguage":"de"},{"@type":"Organization","@id":"https:\/\/disimi.hr\/#organization","name":"DiSiMi?","url":"https:\/\/disimi.hr\/","logo":{"@type":"ImageObject","inLanguage":"de","@id":"https:\/\/disimi.hr\/#\/schema\/logo\/image\/","url":"https:\/\/disimi.hr\/wp-content\/uploads\/2022\/02\/logo2.jpg","contentUrl":"https:\/\/disimi.hr\/wp-content\/uploads\/2022\/02\/logo2.jpg","width":250,"height":79,"caption":"DiSiMi?"},"image":{"@id":"https:\/\/disimi.hr\/#\/schema\/logo\/image\/"},"sameAs":["https:\/\/www.facebook.com\/DISIMI.hr\/","https:\/\/www.instagram.com\/disimi.hr\/"]}]}},"_links":{"self":[{"href":"https:\/\/disimi.hr\/de\/wp-json\/wp\/v2\/product\/117719","targetHints":{"allow":["GET"]}}],"collection":[{"href":"https:\/\/disimi.hr\/de\/wp-json\/wp\/v2\/product"}],"about":[{"href":"https:\/\/disimi.hr\/de\/wp-json\/wp\/v2\/types\/product"}],"wp:featuredmedia":[{"embeddable":true,"href":"https:\/\/disimi.hr\/de\/wp-json\/wp\/v2\/media\/117720"}],"wp:attachment":[{"href":"https:\/\/disimi.hr\/de\/wp-json\/wp\/v2\/media?parent=117719"}],"wp:term":[{"taxonomy":"product_brand","embeddable":true,"href":"https:\/\/disimi.hr\/de\/wp-json\/wp\/v2\/product_brand?post=117719"},{"taxonomy":"product_cat","embeddable":true,"href":"https:\/\/disimi.hr\/de\/wp-json\/wp\/v2\/product_cat?post=117719"},{"taxonomy":"product_tag","embeddable":true,"href":"https:\/\/disimi.hr\/de\/wp-json\/wp\/v2\/product_tag?post=117719"}],"curies":[{"name":"wp","href":"https:\/\/api.w.org\/{rel}","templated":true}]}}