{"id":117712,"date":"2025-04-02T12:43:36","date_gmt":"2025-04-02T10:43:36","guid":{"rendered":"https:\/\/disimi.hr\/proizvod\/japanke-zenske-sa-visokom-petom-5-cm-insole-print-bijele-tockice-jzf901-b\/"},"modified":"2026-05-06T10:24:11","modified_gmt":"2026-05-06T08:24:11","slug":"japanke-zenske-sa-visokom-petom-5-cm-insole-print-bijele-tockice-jzf901-b","status":"publish","type":"product","link":"https:\/\/disimi.hr\/de\/produkt\/japanke-zenske-sa-visokom-petom-5-cm-insole-print-bijele-tockice-jzf901-b\/","title":{"rendered":"Damen-Flip-Flops mit hohem Absatz (5 cm), wei\u00dfe Punkte auf der Innensohle \u2013 jzf901-b"},"content":{"rendered":"<div class=\"wpb-content-wrapper\"><p>[vc_row][vc_column][vc_column_text woodmart_inline=&#8221;no&#8221; text_larger=&#8221;yes&#8221;] <\/p>\n<p style=\"text-align: center;\"><strong class=\"naslov-product-tekst\">Komfort sah noch nie so gut aus.<\/strong><\/p>\n<p style=\"text-align: center;\">Die DiSiMi\u00ae Flip-Flops sind nicht nur unglaublich bequem, sondern auch ein echter Hingucker und machen das Laufen wie auf Wolken zum Alltag. Sie sind \u00e4u\u00dferst komfortabel, anatomisch geformt und entsprechen den neuesten Standards der Modebranche. Wenn wir sagen, dass diese Flip-Flops die Zeit anhalten lassen, meinen wir das auch so. Probieren Sie sie einfach mal mit Ihren Freunden aus und Sie werden der Star der Party sein.<\/p>\n<p style=\"text-align: center;\"><strong class=\"naslov-product-tekst\">Verw\u00f6hnen Sie Ihre F\u00fc\u00dfe diesen Sommer.<\/strong><\/p>\n<div class=\"product-glavni-tekst\">\n<p style=\"text-align: center;\">\u2714<strong> Komfort steht an erster Stelle<\/strong>:<\/p>\n<p style=\"text-align: center;\">\u2714<strong> Sie sparen Geld<\/strong>: Trotz ihrer hohen Qualit\u00e4t sind sie f\u00fcr jedes Budget erschwinglich.<\/p>\n<p style=\"text-align: center;\">\u2714<strong> Rutschfeste Sohle<\/strong>: Die EVA-Sohle sorgt f\u00fcr perfekten Halt auf jedem Untergrund.<\/p>\n<p style=\"text-align: center;\">\u2714<strong> Modernes Design: Bei DiSiMi\u00ae Flip-Flops gibt es keine Kompromisse beim Design. Flip-Flops mit einzigartigem und attraktivem Design \u2013 attraktiv und bequem! \u2714 Robust und dennoch weich: Ob am Strand oder im gesch\u00e4ftigen Stadtleben \u2013 DiSiMi\u00ae Flip-Flops sind immer die richtige Wahl. Flip-Flops haften perfekt auf dem Untergrund und vermitteln bei jedem Schritt ein Gef\u00fchl von Sicherheit und Freiheit.<\/p>\n<\/div>\n<p>[\/vc_column_text][vc_row_inner][vc_column_inner width=&#8221;1\/2&#8243;][vc_single_image image=&#8221;2580&#8243; img_size=&#8221;full&#8221; alignment=&#8221;center&#8221; parallax_scroll=&#8221;no&#8221; woodmart_inline=&#8221;no&#8221;][\/vc_column_inner][vc_column_inner width=&#8221;1\/2&#8243;][vc_single_image image=&#8221;7452&#8243; img_size=&#8221;full&#8221; alignment=&#8221;center&#8221; parallax_scroll=&#8221;no&#8221; woodmart_inline=&#8221;no&#8221;][\/vc_column_inner][\/vc_row_inner][vc_row_inner][vc_column_inner][vc_column_text woodmart_inline=&#8221;no&#8221; text_larger=&#8221;no&#8221;] Bei der Auswahl Ihrer neuen DiSiMi? Flip-Flops sollten Sie auf die richtige Gr\u00f6\u00dfe achten. Zu kleine Flip-Flops sind nie bequem, zu gro\u00dfe k\u00f6nnen gef\u00e4hrlich sein, besonders wenn Sie viel Treppen steigen. Messen Sie daher bitte vor der Bestellung Ihre F\u00fc\u00dfe und vergleichen Sie die Ma\u00dfe mit unserer Gr\u00f6\u00dfentabelle. Unsere Garantie: Wir sind von der herausragenden Qualit\u00e4t und dem Design unserer Produkte \u00fcberzeugt. Wir glauben so sehr an unser Produkt, dass wir sicher sind, dass es Sie begeistern wird. Sollten die DiSiMi? Flip-Flops Ihre Erwartungen nicht erf\u00fcllen, k\u00f6nnen Sie sie jederzeit innerhalb von 30 Tagen zur\u00fcckgeben und erhalten den vollen Kaufpreis erstattet.<\/p>\n<\/div>","protected":false},"excerpt":{"rendered":"<p>Bequem und praktisch: Flip-Flops geh\u00f6ren zu den wichtigsten Schuhmodellen f\u00fcr die w\u00e4rmsten Fr\u00fchlings- und Sommertage. Eleganz und Komfort \u2013 die perfekte Sommerkombination! Hergestellt aus strapazierf\u00e4higem EVA-Material. <\/p>\n<table style=\"height: 214px\" border=\"0\" width=\"252\" cellspacing=\"0\" cellpadding=\"0\">\n<tbody>\n<tr>\n<td valign=\"bottom\" nowrap=\"nowrap\" width=\"127\">\n<div>GR\u00d6SSE<u><\/u><u><\/u><\/div>\n<\/td>\n<td valign=\"bottom\" nowrap=\"nowrap\" width=\"127\">L\u00c4NGE IN MILLIMETERN<\/td>\n<\/tr>\n<tr>\n<td valign=\"bottom\" nowrap=\"nowrap\" width=\"127\">\n<div>37<u><\/u><\/div>\n<\/td>\n<td valign=\"bottom\" nowrap=\"nowrap\" width=\"127\">\n<div>235<\/div>\n<\/td>\n<\/tr>\n<tr>\n<td valign=\"bottom\" nowrap=\"nowrap\" width=\"127\">\n<div>38<u><\/u><\/div>\n<\/td>\n<td valign=\"bottom\" nowrap=\"nowrap\" width=\"127\">\n<div>245<\/div>\n<\/td>\n<\/tr>\n<tr>\n<td valign=\"bottom\" nowrap=\"nowrap\" width=\"127\">\n<div>39<u><\/u><\/div>\n<\/td>\n<td valign=\"bottom\" nowrap=\"nowrap\" width=\"127\">\n<div>250<\/div>\n<\/td>\n<\/tr>\n<tr>\n<td valign=\"bottom\" nowrap=\"nowrap\" width=\"127\">40<\/td>\n<td valign=\"bottom\" nowrap=\"nowrap\" width=\"127\">\n<div>260<\/div>\n<\/td>\n<\/tr>\n<tr>\n<td valign=\"bottom\" nowrap=\"nowrap\" width=\"127\">\n<div>41<u><\/u><\/div>\n<\/td>\n<td valign=\"bottom\" nowrap=\"nowrap\" width=\"127\">\n<div>264<\/div>\n<\/td>\n<\/tr>\n<\/tbody>\n<\/table>\n","protected":false},"featured_media":132145,"template":"","meta":[],"product_brand":[],"product_cat":[242,241],"product_tag":[],"class_list":{"0":"post-117712","1":"product","2":"type-product","3":"status-publish","4":"has-post-thumbnail","6":"product_cat-sommerschuhe","7":"product_cat-zehentrenner","9":"first","10":"instock","11":"taxable","12":"shipping-taxable","13":"purchasable","14":"product-type-variable"},"yoast_head":"<!-- This site is optimized with the Yoast SEO plugin v27.5 - https:\/\/yoast.com\/product\/yoast-seo-wordpress\/ -->\n<title>Damen-Flip-Flops mit hohem Absatz (5 cm), wei\u00dfe Punkte auf der Innensohle \u2013 jzf901-b - DISIMI?<\/title>\n<meta name=\"robots\" content=\"index, follow, max-snippet:-1, max-image-preview:large, max-video-preview:-1\" \/>\n<link rel=\"canonical\" href=\"https:\/\/disimi.hr\/de\/produkt\/japanke-zenske-sa-visokom-petom-5-cm-insole-print-bijele-tockice-jzf901-b\/\" \/>\n<meta property=\"og:locale\" content=\"de_DE\" \/>\n<meta property=\"og:type\" content=\"article\" \/>\n<meta property=\"og:title\" content=\"Damen-Flip-Flops mit hohem Absatz (5 cm), wei\u00dfe Punkte auf der Innensohle \u2013 jzf901-b - DISIMI?\" \/>\n<meta property=\"og:description\" content=\"Bequem und praktisch: Flip-Flops geh\u00f6ren zu den wichtigsten Schuhmodellen f\u00fcr die w\u00e4rmsten Fr\u00fchlings- und Sommertage. Eleganz und Komfort \u2013 die perfekte Sommerkombination! Hergestellt aus strapazierf\u00e4higem EVA-Material.     GR\u00d6SSE L\u00c4NGE IN MILLIMETERN    37  235    38  245    39  250   40  260    41  264\" \/>\n<meta property=\"og:url\" content=\"https:\/\/disimi.hr\/de\/produkt\/japanke-zenske-sa-visokom-petom-5-cm-insole-print-bijele-tockice-jzf901-b\/\" \/>\n<meta property=\"og:site_name\" content=\"DISIMI?\" \/>\n<meta property=\"article:publisher\" content=\"https:\/\/www.facebook.com\/DISIMI.hr\/\" \/>\n<meta property=\"article:modified_time\" content=\"2026-05-06T08:24:11+00:00\" \/>\n<meta property=\"og:image\" content=\"https:\/\/disimi.hr\/wp-content\/uploads\/2025\/04\/JZF901-w.jpg\" \/>\n\t<meta property=\"og:image:width\" content=\"800\" \/>\n\t<meta property=\"og:image:height\" content=\"800\" \/>\n\t<meta property=\"og:image:type\" content=\"image\/jpeg\" \/>\n<meta name=\"twitter:card\" content=\"summary_large_image\" \/>\n<meta name=\"twitter:label1\" content=\"Gesch\u00e4tzte Lesezeit\" \/>\n\t<meta name=\"twitter:data1\" content=\"2\u00a0Minute\" \/>\n<script type=\"application\/ld+json\" class=\"yoast-schema-graph\">{\"@context\":\"https:\\\/\\\/schema.org\",\"@graph\":[{\"@type\":\"WebPage\",\"@id\":\"https:\\\/\\\/disimi.hr\\\/de\\\/produkt\\\/japanke-zenske-sa-visokom-petom-5-cm-insole-print-bijele-tockice-jzf901-b\\\/\",\"url\":\"https:\\\/\\\/disimi.hr\\\/de\\\/produkt\\\/japanke-zenske-sa-visokom-petom-5-cm-insole-print-bijele-tockice-jzf901-b\\\/\",\"name\":\"Damen-Flip-Flops mit hohem Absatz (5 cm), wei\u00dfe Punkte auf der Innensohle \u2013 jzf901-b - DISIMI?\",\"isPartOf\":{\"@id\":\"https:\\\/\\\/disimi.hr\\\/#website\"},\"primaryImageOfPage\":{\"@id\":\"https:\\\/\\\/disimi.hr\\\/de\\\/produkt\\\/japanke-zenske-sa-visokom-petom-5-cm-insole-print-bijele-tockice-jzf901-b\\\/#primaryimage\"},\"image\":{\"@id\":\"https:\\\/\\\/disimi.hr\\\/de\\\/produkt\\\/japanke-zenske-sa-visokom-petom-5-cm-insole-print-bijele-tockice-jzf901-b\\\/#primaryimage\"},\"thumbnailUrl\":\"https:\\\/\\\/disimi.hr\\\/wp-content\\\/uploads\\\/2025\\\/04\\\/JZF901-w.jpg\",\"datePublished\":\"2025-04-02T10:43:36+00:00\",\"dateModified\":\"2026-05-06T08:24:11+00:00\",\"breadcrumb\":{\"@id\":\"https:\\\/\\\/disimi.hr\\\/de\\\/produkt\\\/japanke-zenske-sa-visokom-petom-5-cm-insole-print-bijele-tockice-jzf901-b\\\/#breadcrumb\"},\"inLanguage\":\"de\",\"potentialAction\":[{\"@type\":\"ReadAction\",\"target\":[\"https:\\\/\\\/disimi.hr\\\/de\\\/produkt\\\/japanke-zenske-sa-visokom-petom-5-cm-insole-print-bijele-tockice-jzf901-b\\\/\"]}]},{\"@type\":\"ImageObject\",\"inLanguage\":\"de\",\"@id\":\"https:\\\/\\\/disimi.hr\\\/de\\\/produkt\\\/japanke-zenske-sa-visokom-petom-5-cm-insole-print-bijele-tockice-jzf901-b\\\/#primaryimage\",\"url\":\"https:\\\/\\\/disimi.hr\\\/wp-content\\\/uploads\\\/2025\\\/04\\\/JZF901-w.jpg\",\"contentUrl\":\"https:\\\/\\\/disimi.hr\\\/wp-content\\\/uploads\\\/2025\\\/04\\\/JZF901-w.jpg\",\"width\":800,\"height\":800},{\"@type\":\"BreadcrumbList\",\"@id\":\"https:\\\/\\\/disimi.hr\\\/de\\\/produkt\\\/japanke-zenske-sa-visokom-petom-5-cm-insole-print-bijele-tockice-jzf901-b\\\/#breadcrumb\",\"itemListElement\":[{\"@type\":\"ListItem\",\"position\":1,\"name\":\"Po\u010detna stranica\",\"item\":\"https:\\\/\\\/disimi.hr\\\/de\\\/\"},{\"@type\":\"ListItem\",\"position\":2,\"name\":\"Produkte\",\"item\":\"https:\\\/\\\/disimi.hr\\\/de\\\/produkte\\\/\"},{\"@type\":\"ListItem\",\"position\":3,\"name\":\"Damen-Flip-Flops mit hohem Absatz (5 cm), wei\u00dfe Punkte auf der Innensohle \u2013 jzf901-b\"}]},{\"@type\":\"WebSite\",\"@id\":\"https:\\\/\\\/disimi.hr\\\/#website\",\"url\":\"https:\\\/\\\/disimi.hr\\\/\",\"name\":\"DISIMI?\",\"description\":\"Hrvatski brand i jedinstveni dizajn!\",\"publisher\":{\"@id\":\"https:\\\/\\\/disimi.hr\\\/#organization\"},\"potentialAction\":[{\"@type\":\"SearchAction\",\"target\":{\"@type\":\"EntryPoint\",\"urlTemplate\":\"https:\\\/\\\/disimi.hr\\\/?s={search_term_string}\"},\"query-input\":{\"@type\":\"PropertyValueSpecification\",\"valueRequired\":true,\"valueName\":\"search_term_string\"}}],\"inLanguage\":\"de\"},{\"@type\":\"Organization\",\"@id\":\"https:\\\/\\\/disimi.hr\\\/#organization\",\"name\":\"DiSiMi?\",\"url\":\"https:\\\/\\\/disimi.hr\\\/\",\"logo\":{\"@type\":\"ImageObject\",\"inLanguage\":\"de\",\"@id\":\"https:\\\/\\\/disimi.hr\\\/#\\\/schema\\\/logo\\\/image\\\/\",\"url\":\"https:\\\/\\\/disimi.hr\\\/wp-content\\\/uploads\\\/2022\\\/02\\\/logo2.jpg\",\"contentUrl\":\"https:\\\/\\\/disimi.hr\\\/wp-content\\\/uploads\\\/2022\\\/02\\\/logo2.jpg\",\"width\":250,\"height\":79,\"caption\":\"DiSiMi?\"},\"image\":{\"@id\":\"https:\\\/\\\/disimi.hr\\\/#\\\/schema\\\/logo\\\/image\\\/\"},\"sameAs\":[\"https:\\\/\\\/www.facebook.com\\\/DISIMI.hr\\\/\",\"https:\\\/\\\/www.instagram.com\\\/disimi.hr\\\/\"]}]}<\/script>\n<!-- \/ Yoast SEO plugin. -->","yoast_head_json":{"title":"Damen-Flip-Flops mit hohem Absatz (5 cm), wei\u00dfe Punkte auf der Innensohle \u2013 jzf901-b - DISIMI?","robots":{"index":"index","follow":"follow","max-snippet":"max-snippet:-1","max-image-preview":"max-image-preview:large","max-video-preview":"max-video-preview:-1"},"canonical":"https:\/\/disimi.hr\/de\/produkt\/japanke-zenske-sa-visokom-petom-5-cm-insole-print-bijele-tockice-jzf901-b\/","og_locale":"de_DE","og_type":"article","og_title":"Damen-Flip-Flops mit hohem Absatz (5 cm), wei\u00dfe Punkte auf der Innensohle \u2013 jzf901-b - DISIMI?","og_description":"Bequem und praktisch: Flip-Flops geh\u00f6ren zu den wichtigsten Schuhmodellen f\u00fcr die w\u00e4rmsten Fr\u00fchlings- und Sommertage. Eleganz und Komfort \u2013 die perfekte Sommerkombination! Hergestellt aus strapazierf\u00e4higem EVA-Material.     GR\u00d6SSE L\u00c4NGE IN MILLIMETERN    37  235    38  245    39  250   40  260    41  264","og_url":"https:\/\/disimi.hr\/de\/produkt\/japanke-zenske-sa-visokom-petom-5-cm-insole-print-bijele-tockice-jzf901-b\/","og_site_name":"DISIMI?","article_publisher":"https:\/\/www.facebook.com\/DISIMI.hr\/","article_modified_time":"2026-05-06T08:24:11+00:00","og_image":[{"width":800,"height":800,"url":"https:\/\/disimi.hr\/wp-content\/uploads\/2025\/04\/JZF901-w.jpg","type":"image\/jpeg"}],"twitter_card":"summary_large_image","twitter_misc":{"Gesch\u00e4tzte Lesezeit":"2\u00a0Minute"},"schema":{"@context":"https:\/\/schema.org","@graph":[{"@type":"WebPage","@id":"https:\/\/disimi.hr\/de\/produkt\/japanke-zenske-sa-visokom-petom-5-cm-insole-print-bijele-tockice-jzf901-b\/","url":"https:\/\/disimi.hr\/de\/produkt\/japanke-zenske-sa-visokom-petom-5-cm-insole-print-bijele-tockice-jzf901-b\/","name":"Damen-Flip-Flops mit hohem Absatz (5 cm), wei\u00dfe Punkte auf der Innensohle \u2013 jzf901-b - DISIMI?","isPartOf":{"@id":"https:\/\/disimi.hr\/#website"},"primaryImageOfPage":{"@id":"https:\/\/disimi.hr\/de\/produkt\/japanke-zenske-sa-visokom-petom-5-cm-insole-print-bijele-tockice-jzf901-b\/#primaryimage"},"image":{"@id":"https:\/\/disimi.hr\/de\/produkt\/japanke-zenske-sa-visokom-petom-5-cm-insole-print-bijele-tockice-jzf901-b\/#primaryimage"},"thumbnailUrl":"https:\/\/disimi.hr\/wp-content\/uploads\/2025\/04\/JZF901-w.jpg","datePublished":"2025-04-02T10:43:36+00:00","dateModified":"2026-05-06T08:24:11+00:00","breadcrumb":{"@id":"https:\/\/disimi.hr\/de\/produkt\/japanke-zenske-sa-visokom-petom-5-cm-insole-print-bijele-tockice-jzf901-b\/#breadcrumb"},"inLanguage":"de","potentialAction":[{"@type":"ReadAction","target":["https:\/\/disimi.hr\/de\/produkt\/japanke-zenske-sa-visokom-petom-5-cm-insole-print-bijele-tockice-jzf901-b\/"]}]},{"@type":"ImageObject","inLanguage":"de","@id":"https:\/\/disimi.hr\/de\/produkt\/japanke-zenske-sa-visokom-petom-5-cm-insole-print-bijele-tockice-jzf901-b\/#primaryimage","url":"https:\/\/disimi.hr\/wp-content\/uploads\/2025\/04\/JZF901-w.jpg","contentUrl":"https:\/\/disimi.hr\/wp-content\/uploads\/2025\/04\/JZF901-w.jpg","width":800,"height":800},{"@type":"BreadcrumbList","@id":"https:\/\/disimi.hr\/de\/produkt\/japanke-zenske-sa-visokom-petom-5-cm-insole-print-bijele-tockice-jzf901-b\/#breadcrumb","itemListElement":[{"@type":"ListItem","position":1,"name":"Po\u010detna stranica","item":"https:\/\/disimi.hr\/de\/"},{"@type":"ListItem","position":2,"name":"Produkte","item":"https:\/\/disimi.hr\/de\/produkte\/"},{"@type":"ListItem","position":3,"name":"Damen-Flip-Flops mit hohem Absatz (5 cm), wei\u00dfe Punkte auf der Innensohle \u2013 jzf901-b"}]},{"@type":"WebSite","@id":"https:\/\/disimi.hr\/#website","url":"https:\/\/disimi.hr\/","name":"DISIMI?","description":"Hrvatski brand i jedinstveni dizajn!","publisher":{"@id":"https:\/\/disimi.hr\/#organization"},"potentialAction":[{"@type":"SearchAction","target":{"@type":"EntryPoint","urlTemplate":"https:\/\/disimi.hr\/?s={search_term_string}"},"query-input":{"@type":"PropertyValueSpecification","valueRequired":true,"valueName":"search_term_string"}}],"inLanguage":"de"},{"@type":"Organization","@id":"https:\/\/disimi.hr\/#organization","name":"DiSiMi?","url":"https:\/\/disimi.hr\/","logo":{"@type":"ImageObject","inLanguage":"de","@id":"https:\/\/disimi.hr\/#\/schema\/logo\/image\/","url":"https:\/\/disimi.hr\/wp-content\/uploads\/2022\/02\/logo2.jpg","contentUrl":"https:\/\/disimi.hr\/wp-content\/uploads\/2022\/02\/logo2.jpg","width":250,"height":79,"caption":"DiSiMi?"},"image":{"@id":"https:\/\/disimi.hr\/#\/schema\/logo\/image\/"},"sameAs":["https:\/\/www.facebook.com\/DISIMI.hr\/","https:\/\/www.instagram.com\/disimi.hr\/"]}]}},"_links":{"self":[{"href":"https:\/\/disimi.hr\/de\/wp-json\/wp\/v2\/product\/117712","targetHints":{"allow":["GET"]}}],"collection":[{"href":"https:\/\/disimi.hr\/de\/wp-json\/wp\/v2\/product"}],"about":[{"href":"https:\/\/disimi.hr\/de\/wp-json\/wp\/v2\/types\/product"}],"wp:featuredmedia":[{"embeddable":true,"href":"https:\/\/disimi.hr\/de\/wp-json\/wp\/v2\/media\/132145"}],"wp:attachment":[{"href":"https:\/\/disimi.hr\/de\/wp-json\/wp\/v2\/media?parent=117712"}],"wp:term":[{"taxonomy":"product_brand","embeddable":true,"href":"https:\/\/disimi.hr\/de\/wp-json\/wp\/v2\/product_brand?post=117712"},{"taxonomy":"product_cat","embeddable":true,"href":"https:\/\/disimi.hr\/de\/wp-json\/wp\/v2\/product_cat?post=117712"},{"taxonomy":"product_tag","embeddable":true,"href":"https:\/\/disimi.hr\/de\/wp-json\/wp\/v2\/product_tag?post=117712"}],"curies":[{"name":"wp","href":"https:\/\/api.w.org\/{rel}","templated":true}]}}