{"id":117697,"date":"2025-04-24T12:30:28","date_gmt":"2025-04-24T10:30:28","guid":{"rendered":"https:\/\/disimi.hr\/proizvod\/natikace-anatomske-sa-zracnim-jastukom-silver-white-nzf2523\/"},"modified":"2026-04-20T13:49:44","modified_gmt":"2026-04-20T11:49:44","slug":"natikace-anatomske-sa-zracnim-jastukom-silver-white-nzf2523","status":"publish","type":"product","link":"https:\/\/disimi.hr\/de\/produkt\/natikace-anatomske-sa-zracnim-jastukom-silver-white-nzf2523\/","title":{"rendered":"Anatomische Hausschuhe mit Luftpolsterung \u201eSilberwei\u00df\u201c \u2013 nzf2523"},"content":{"rendered":"<div class=\"wpb-content-wrapper\"><p>[vc_row][vc_column][vc_column_text css=&#8221;&#8221; woodmart_inline=&#8221;no&#8221; text_larger=&#8221;yes&#8221;] <\/p>\n<p style=\"text-align: center;\"><strong>Anatomisches Schuhwerk<\/strong><\/p>\n<p style=\"text-align: center;\">Anatomisches Schuhwerk wurde entwickelt, um Wirbels\u00e4ule, Knie, Gelenke und F\u00fc\u00dfe zu entlasten. Um diese Funktion optimal zu erf\u00fcllen, verf\u00fcgt es \u00fcber ein anatomisch geformtes Profil. Solches Schuhwerk tr\u00e4gt wesentlich zur Erhaltung der korrekten Bewegungsphysiologie bei und beugt somit verschiedenen Fehlstellungen und Verletzungen vor. Wenn Sie berufsbedingt viel auf den Beinen sind, auch zu Hause, sind Ihre F\u00fc\u00dfe nicht nur einer h\u00f6heren Belastung ausgesetzt, sondern auch einem erh\u00f6hten Risiko f\u00fcr Fersensporn, H\u00fchneraugen und Venenprobleme. Falls Sie es noch nicht getan haben, sollten Sie unbedingt in ein gutes Paar anatomisch geformte Schuhe investieren.<\/p>\n<p style=\"text-align: center;\"><strong>Luftkissen<\/strong><\/p>\n<p style=\"text-align: center;\">Dank anatomisch geformter Schuhe mit Sto\u00dfd\u00e4mpfern in Form von Luftkissen werden Sie bereits in den ersten Stunden auf den Beinen eine deutliche Druckentlastung der Ferse und eine bessere Durchblutung sp\u00fcren. Bei regelm\u00e4\u00dfigem Tragen reduzieren solche Schuhe auch R\u00fcckenschmerzen, die durch langes Stehen verursacht werden.<\/p>\n<p style=\"text-align: center;\"><strong>Erh\u00f6hter Absatz<\/strong><\/p>\n<p style=\"text-align: center;\">Schuhe mit einer Absatzh\u00f6he von 2 Zentimetern verteilen die Last gleichm\u00e4\u00dfig und machen das Gehen bequemer, w\u00e4hrend der hohe Absatz zus\u00e4tzlich Eleganz unterstreicht!<\/p>\n<p style=\"text-align: center;\">Gesamtabsatzh\u00f6he 5 cm<\/p>\n<p style=\"text-align: center;\">\u2714<strong>Modernes Design<\/strong>: Keine Kompromisse beim Design. Schuhe mit einzigartigem und attraktivem Design, die sowohl optisch als auch fu\u00dffreundlich sind!<\/p>\n<p style=\"text-align: center;\">\u2714<strong>Komfort an erster Stelle<\/strong>: Neben dem weichen Futter, das jeden Fu\u00df verw\u00f6hnt, verf\u00fcgt die Innensohle \u00fcber eine spezielle PU-Schicht f\u00fcr optimalen Tragekomfort!<\/p>\n<p style=\"text-align: center;\">\u2714<strong>Rutschfeste Sohle<\/strong>: Die Sohle aus PU-Material sorgt f\u00fcr perfekten Halt auf jedem Untergrund.<\/p>\n<p style=\"text-align: center;\">\u2714<strong>Sparen Sie Geld<\/strong>: Trotz ihrer hohen Qualit\u00e4t sind diese Schuhe f\u00fcr jedes Budget erschwinglich.<\/p>\n<p>[\/vc_column_text][vc_row_inner][vc_column_inner width=&#8221;1\/2&#8243;][vc_single_image image=&#8221;2580&#8243; img_size=&#8221;full&#8221; alignment=&#8221;center&#8221; parallax_scroll=&#8221;no&#8221; woodmart_inline=&#8221;no&#8221;][\/vc_column_inner][vc_column_inner width=&#8221;1\/2&#8243;][vc_single_image image=&#8221;7452&#8243; img_size=&#8221;full&#8221; alignment=&#8221;center&#8221; parallax_scroll=&#8221;no&#8221; woodmart_inline=&#8221;no&#8221;][\/vc_column_inner][\/vc_row_inner][vc_row_inner][vc_column_inner][vc_column_text woodmart_inline=&#8221;no&#8221; text_larger=&#8221;no&#8221;] <\/p>\n<p style=\"text-align: center;\">Bei der Auswahl Ihrer neuen Disimi-Hausschuhe sollten Sie auf die richtige Gr\u00f6\u00dfe achten. Zu kleine Hausschuhe sind nie bequem, zu gro\u00dfe k\u00f6nnen gef\u00e4hrlich sein, insbesondere wenn Sie viel Treppen steigen. Bitte messen Sie daher vor der Bestellung Ihre F\u00fc\u00dfe und vergleichen Sie die Ma\u00dfe mit unserer Gr\u00f6\u00dfentabelle.<\/p>\n<p style=\"text-align: center;\"><strong>Unsere Garantie:<\/strong> Wir sind von der hohen Qualit\u00e4t und dem ansprechenden Design unserer Hausschuhe \u00fcberzeugt. Wir glauben so sehr an unser Produkt, dass wir sicher sind, dass es Sie begeistern wird. Sollten die Disimi-Hausschuhe Ihre Erwartungen nicht erf\u00fcllen, k\u00f6nnen Sie sie jederzeit zur\u00fccksenden und erhalten innerhalb der ersten 30 Tage eine volle R\u00fcckerstattung.<\/p>\n<p>[\/vc_column_text][\/vc_column_inner][\/vc_row_inner][\/vc_column][\/vc_row]<\/p>\n<\/div>","protected":false},"excerpt":{"rendered":"<p>Absatzh\u00f6he 5 cm <\/p>\n<p>1. Obermaterial: PU \u2013 einzigartiges und attraktives Design<br \/>\n2. Futter\/Innensohle: PU \u2013 unter der Innensohle befindet sich eine 5 mm dicke PU-Schaumschicht f\u00fcr optimalen Komfort<br \/>\n3. Sohle: PU \u2013 hervorragende Haftung des Schuhs auf dem Untergrund. Luftpolsterung f\u00fcr D\u00e4mpfung beim Gehen!<\/p>\n<div><\/div>\n<div>\n<table style=\"height: 194px;\" border=\"0\" width=\"254\" cellspacing=\"0\" cellpadding=\"0\">\n<tbody>\n<tr>\n<td valign=\"bottom\" nowrap=\"nowrap\" width=\"127\">\n<div>GR\u00d6SSE<u><\/u><u><\/u><\/div>\n<\/td>\n<td valign=\"bottom\" nowrap=\"nowrap\" width=\"127\">L\u00c4NGE IN MILLIMETERN<\/td>\n<\/tr>\n<tr>\n<td valign=\"bottom\" nowrap=\"nowrap\" width=\"127\"><\/td>\n<td valign=\"bottom\" nowrap=\"nowrap\" width=\"127\"><\/td>\n<\/tr>\n<tr>\n<td valign=\"bottom\" nowrap=\"nowrap\" width=\"127\">\n<div>37<u><\/u><u><\/u><\/div>\n<\/td>\n<td valign=\"bottom\" nowrap=\"nowrap\" width=\"127\">\n<div>245<\/div>\n<\/td>\n<\/tr>\n<tr>\n<td valign=\"bottom\" nowrap=\"nowrap\" width=\"127\">\n<div>38<u><\/u><u><\/u><\/div>\n<\/td>\n<td valign=\"bottom\" nowrap=\"nowrap\" width=\"127\">\n<div>252<\/div>\n<\/td>\n<\/tr>\n<tr>\n<td valign=\"bottom\" nowrap=\"nowrap\" width=\"127\">\n<div>39<u><\/u><u><\/u><\/div>\n<\/td>\n<td valign=\"bottom\" nowrap=\"nowrap\" width=\"127\">\n<div>257<\/div>\n<\/td>\n<\/tr>\n<tr>\n<td valign=\"bottom\" nowrap=\"nowrap\" width=\"127\">\n<div>40<u><\/u><u><\/u><\/div>\n<\/td>\n<td valign=\"bottom\" nowrap=\"nowrap\" width=\"127\">\n<div>262<\/div>\n<\/td>\n<\/tr>\n<tr>\n<td valign=\"bottom\" nowrap=\"nowrap\" width=\"127\">\n<div>41<u><\/u><u><\/u><\/div>\n<\/td>\n<td valign=\"bottom\" nowrap=\"nowrap\" width=\"127\">\n<div>270<\/div>\n<\/td>\n<\/tr>\n<tr>\n<td valign=\"bottom\" nowrap=\"nowrap\" width=\"127\">42<\/td>\n<td valign=\"bottom\" nowrap=\"nowrap\" width=\"127\">275<\/td>\n<\/tr>\n<\/tbody>\n<\/table>\n<\/div>\n","protected":false},"featured_media":124584,"template":"","meta":[],"product_brand":[],"product_cat":[245,246,242],"product_tag":[237],"class_list":{"0":"post-117697","1":"product","2":"type-product","3":"status-publish","4":"has-post-thumbnail","6":"product_cat-anatomische-pantoletten","7":"product_cat-pantoletten","8":"product_cat-sommerschuhe","9":"product_tag-outfit-4","11":"first","12":"instock","13":"taxable","14":"shipping-taxable","15":"purchasable","16":"product-type-variable"},"yoast_head":"<!-- This site is optimized with the Yoast SEO plugin v27.3 - https:\/\/yoast.com\/product\/yoast-seo-wordpress\/ -->\n<title>Anatomische Hausschuhe mit Luftpolsterung \u201eSilberwei\u00df\u201c \u2013 nzf2523 - DISIMI?<\/title>\n<meta name=\"robots\" content=\"index, follow, max-snippet:-1, max-image-preview:large, max-video-preview:-1\" \/>\n<link rel=\"canonical\" href=\"https:\/\/disimi.hr\/de\/produkt\/natikace-anatomske-sa-zracnim-jastukom-silver-white-nzf2523\/\" \/>\n<meta property=\"og:locale\" content=\"de_DE\" \/>\n<meta property=\"og:type\" content=\"article\" \/>\n<meta property=\"og:title\" content=\"Anatomische Hausschuhe mit Luftpolsterung \u201eSilberwei\u00df\u201c \u2013 nzf2523 - DISIMI?\" \/>\n<meta property=\"og:description\" content=\"Absatzh\u00f6he 5 cm  1. Obermaterial: PU \u2013 einzigartiges und attraktives Design 2. Futter\/Innensohle: PU \u2013 unter der Innensohle befindet sich eine 5 mm dicke PU-Schaumschicht f\u00fcr optimalen Komfort 3. Sohle: PU \u2013 hervorragende Haftung des Schuhs auf dem Untergrund. Luftpolsterung f\u00fcr D\u00e4mpfung beim Gehen!       GR\u00d6SSE L\u00c4NGE IN MILLIMETERN        37  245    38  252    39  257    40  262    41  270   42 275\" \/>\n<meta property=\"og:url\" content=\"https:\/\/disimi.hr\/de\/produkt\/natikace-anatomske-sa-zracnim-jastukom-silver-white-nzf2523\/\" \/>\n<meta property=\"og:site_name\" content=\"DISIMI?\" \/>\n<meta property=\"article:publisher\" content=\"https:\/\/www.facebook.com\/DISIMI.hr\/\" \/>\n<meta property=\"article:modified_time\" content=\"2026-04-20T11:49:44+00:00\" \/>\n<meta property=\"og:image\" content=\"https:\/\/disimi.hr\/wp-content\/uploads\/2025\/04\/nzf2523-w.jpg\" \/>\n\t<meta property=\"og:image:width\" content=\"800\" \/>\n\t<meta property=\"og:image:height\" content=\"800\" \/>\n\t<meta property=\"og:image:type\" content=\"image\/jpeg\" \/>\n<meta name=\"twitter:card\" content=\"summary_large_image\" \/>\n<meta name=\"twitter:label1\" content=\"Gesch\u00e4tzte Lesezeit\" \/>\n\t<meta name=\"twitter:data1\" content=\"2\u00a0Minute\" \/>\n<script type=\"application\/ld+json\" class=\"yoast-schema-graph\">{\"@context\":\"https:\\\/\\\/schema.org\",\"@graph\":[{\"@type\":\"WebPage\",\"@id\":\"https:\\\/\\\/disimi.hr\\\/de\\\/produkt\\\/natikace-anatomske-sa-zracnim-jastukom-silver-white-nzf2523\\\/\",\"url\":\"https:\\\/\\\/disimi.hr\\\/de\\\/produkt\\\/natikace-anatomske-sa-zracnim-jastukom-silver-white-nzf2523\\\/\",\"name\":\"Anatomische Hausschuhe mit Luftpolsterung \u201eSilberwei\u00df\u201c \u2013 nzf2523 - DISIMI?\",\"isPartOf\":{\"@id\":\"https:\\\/\\\/disimi.hr\\\/#website\"},\"primaryImageOfPage\":{\"@id\":\"https:\\\/\\\/disimi.hr\\\/de\\\/produkt\\\/natikace-anatomske-sa-zracnim-jastukom-silver-white-nzf2523\\\/#primaryimage\"},\"image\":{\"@id\":\"https:\\\/\\\/disimi.hr\\\/de\\\/produkt\\\/natikace-anatomske-sa-zracnim-jastukom-silver-white-nzf2523\\\/#primaryimage\"},\"thumbnailUrl\":\"https:\\\/\\\/disimi.hr\\\/wp-content\\\/uploads\\\/2025\\\/04\\\/nzf2523-w.jpg\",\"datePublished\":\"2025-04-24T10:30:28+00:00\",\"dateModified\":\"2026-04-20T11:49:44+00:00\",\"breadcrumb\":{\"@id\":\"https:\\\/\\\/disimi.hr\\\/de\\\/produkt\\\/natikace-anatomske-sa-zracnim-jastukom-silver-white-nzf2523\\\/#breadcrumb\"},\"inLanguage\":\"de\",\"potentialAction\":[{\"@type\":\"ReadAction\",\"target\":[\"https:\\\/\\\/disimi.hr\\\/de\\\/produkt\\\/natikace-anatomske-sa-zracnim-jastukom-silver-white-nzf2523\\\/\"]}]},{\"@type\":\"ImageObject\",\"inLanguage\":\"de\",\"@id\":\"https:\\\/\\\/disimi.hr\\\/de\\\/produkt\\\/natikace-anatomske-sa-zracnim-jastukom-silver-white-nzf2523\\\/#primaryimage\",\"url\":\"https:\\\/\\\/disimi.hr\\\/wp-content\\\/uploads\\\/2025\\\/04\\\/nzf2523-w.jpg\",\"contentUrl\":\"https:\\\/\\\/disimi.hr\\\/wp-content\\\/uploads\\\/2025\\\/04\\\/nzf2523-w.jpg\",\"width\":800,\"height\":800},{\"@type\":\"BreadcrumbList\",\"@id\":\"https:\\\/\\\/disimi.hr\\\/de\\\/produkt\\\/natikace-anatomske-sa-zracnim-jastukom-silver-white-nzf2523\\\/#breadcrumb\",\"itemListElement\":[{\"@type\":\"ListItem\",\"position\":1,\"name\":\"Po\u010detna stranica\",\"item\":\"https:\\\/\\\/disimi.hr\\\/de\\\/\"},{\"@type\":\"ListItem\",\"position\":2,\"name\":\"Produkte\",\"item\":\"https:\\\/\\\/disimi.hr\\\/de\\\/produkte\\\/\"},{\"@type\":\"ListItem\",\"position\":3,\"name\":\"Anatomische Hausschuhe mit Luftpolsterung \u201eSilberwei\u00df\u201c \u2013 nzf2523\"}]},{\"@type\":\"WebSite\",\"@id\":\"https:\\\/\\\/disimi.hr\\\/#website\",\"url\":\"https:\\\/\\\/disimi.hr\\\/\",\"name\":\"DISIMI?\",\"description\":\"Hrvatski brand i jedinstveni dizajn!\",\"publisher\":{\"@id\":\"https:\\\/\\\/disimi.hr\\\/#organization\"},\"potentialAction\":[{\"@type\":\"SearchAction\",\"target\":{\"@type\":\"EntryPoint\",\"urlTemplate\":\"https:\\\/\\\/disimi.hr\\\/?s={search_term_string}\"},\"query-input\":{\"@type\":\"PropertyValueSpecification\",\"valueRequired\":true,\"valueName\":\"search_term_string\"}}],\"inLanguage\":\"de\"},{\"@type\":\"Organization\",\"@id\":\"https:\\\/\\\/disimi.hr\\\/#organization\",\"name\":\"DiSiMi?\",\"url\":\"https:\\\/\\\/disimi.hr\\\/\",\"logo\":{\"@type\":\"ImageObject\",\"inLanguage\":\"de\",\"@id\":\"https:\\\/\\\/disimi.hr\\\/#\\\/schema\\\/logo\\\/image\\\/\",\"url\":\"https:\\\/\\\/disimi.hr\\\/wp-content\\\/uploads\\\/2022\\\/02\\\/logo2.jpg\",\"contentUrl\":\"https:\\\/\\\/disimi.hr\\\/wp-content\\\/uploads\\\/2022\\\/02\\\/logo2.jpg\",\"width\":250,\"height\":79,\"caption\":\"DiSiMi?\"},\"image\":{\"@id\":\"https:\\\/\\\/disimi.hr\\\/#\\\/schema\\\/logo\\\/image\\\/\"},\"sameAs\":[\"https:\\\/\\\/www.facebook.com\\\/DISIMI.hr\\\/\",\"https:\\\/\\\/www.instagram.com\\\/disimi.hr\\\/\"]}]}<\/script>\n<!-- \/ Yoast SEO plugin. -->","yoast_head_json":{"title":"Anatomische Hausschuhe mit Luftpolsterung \u201eSilberwei\u00df\u201c \u2013 nzf2523 - DISIMI?","robots":{"index":"index","follow":"follow","max-snippet":"max-snippet:-1","max-image-preview":"max-image-preview:large","max-video-preview":"max-video-preview:-1"},"canonical":"https:\/\/disimi.hr\/de\/produkt\/natikace-anatomske-sa-zracnim-jastukom-silver-white-nzf2523\/","og_locale":"de_DE","og_type":"article","og_title":"Anatomische Hausschuhe mit Luftpolsterung \u201eSilberwei\u00df\u201c \u2013 nzf2523 - DISIMI?","og_description":"Absatzh\u00f6he 5 cm  1. Obermaterial: PU \u2013 einzigartiges und attraktives Design 2. Futter\/Innensohle: PU \u2013 unter der Innensohle befindet sich eine 5 mm dicke PU-Schaumschicht f\u00fcr optimalen Komfort 3. Sohle: PU \u2013 hervorragende Haftung des Schuhs auf dem Untergrund. Luftpolsterung f\u00fcr D\u00e4mpfung beim Gehen!       GR\u00d6SSE L\u00c4NGE IN MILLIMETERN        37  245    38  252    39  257    40  262    41  270   42 275","og_url":"https:\/\/disimi.hr\/de\/produkt\/natikace-anatomske-sa-zracnim-jastukom-silver-white-nzf2523\/","og_site_name":"DISIMI?","article_publisher":"https:\/\/www.facebook.com\/DISIMI.hr\/","article_modified_time":"2026-04-20T11:49:44+00:00","og_image":[{"width":800,"height":800,"url":"https:\/\/disimi.hr\/wp-content\/uploads\/2025\/04\/nzf2523-w.jpg","type":"image\/jpeg"}],"twitter_card":"summary_large_image","twitter_misc":{"Gesch\u00e4tzte Lesezeit":"2\u00a0Minute"},"schema":{"@context":"https:\/\/schema.org","@graph":[{"@type":"WebPage","@id":"https:\/\/disimi.hr\/de\/produkt\/natikace-anatomske-sa-zracnim-jastukom-silver-white-nzf2523\/","url":"https:\/\/disimi.hr\/de\/produkt\/natikace-anatomske-sa-zracnim-jastukom-silver-white-nzf2523\/","name":"Anatomische Hausschuhe mit Luftpolsterung \u201eSilberwei\u00df\u201c \u2013 nzf2523 - DISIMI?","isPartOf":{"@id":"https:\/\/disimi.hr\/#website"},"primaryImageOfPage":{"@id":"https:\/\/disimi.hr\/de\/produkt\/natikace-anatomske-sa-zracnim-jastukom-silver-white-nzf2523\/#primaryimage"},"image":{"@id":"https:\/\/disimi.hr\/de\/produkt\/natikace-anatomske-sa-zracnim-jastukom-silver-white-nzf2523\/#primaryimage"},"thumbnailUrl":"https:\/\/disimi.hr\/wp-content\/uploads\/2025\/04\/nzf2523-w.jpg","datePublished":"2025-04-24T10:30:28+00:00","dateModified":"2026-04-20T11:49:44+00:00","breadcrumb":{"@id":"https:\/\/disimi.hr\/de\/produkt\/natikace-anatomske-sa-zracnim-jastukom-silver-white-nzf2523\/#breadcrumb"},"inLanguage":"de","potentialAction":[{"@type":"ReadAction","target":["https:\/\/disimi.hr\/de\/produkt\/natikace-anatomske-sa-zracnim-jastukom-silver-white-nzf2523\/"]}]},{"@type":"ImageObject","inLanguage":"de","@id":"https:\/\/disimi.hr\/de\/produkt\/natikace-anatomske-sa-zracnim-jastukom-silver-white-nzf2523\/#primaryimage","url":"https:\/\/disimi.hr\/wp-content\/uploads\/2025\/04\/nzf2523-w.jpg","contentUrl":"https:\/\/disimi.hr\/wp-content\/uploads\/2025\/04\/nzf2523-w.jpg","width":800,"height":800},{"@type":"BreadcrumbList","@id":"https:\/\/disimi.hr\/de\/produkt\/natikace-anatomske-sa-zracnim-jastukom-silver-white-nzf2523\/#breadcrumb","itemListElement":[{"@type":"ListItem","position":1,"name":"Po\u010detna stranica","item":"https:\/\/disimi.hr\/de\/"},{"@type":"ListItem","position":2,"name":"Produkte","item":"https:\/\/disimi.hr\/de\/produkte\/"},{"@type":"ListItem","position":3,"name":"Anatomische Hausschuhe mit Luftpolsterung \u201eSilberwei\u00df\u201c \u2013 nzf2523"}]},{"@type":"WebSite","@id":"https:\/\/disimi.hr\/#website","url":"https:\/\/disimi.hr\/","name":"DISIMI?","description":"Hrvatski brand i jedinstveni dizajn!","publisher":{"@id":"https:\/\/disimi.hr\/#organization"},"potentialAction":[{"@type":"SearchAction","target":{"@type":"EntryPoint","urlTemplate":"https:\/\/disimi.hr\/?s={search_term_string}"},"query-input":{"@type":"PropertyValueSpecification","valueRequired":true,"valueName":"search_term_string"}}],"inLanguage":"de"},{"@type":"Organization","@id":"https:\/\/disimi.hr\/#organization","name":"DiSiMi?","url":"https:\/\/disimi.hr\/","logo":{"@type":"ImageObject","inLanguage":"de","@id":"https:\/\/disimi.hr\/#\/schema\/logo\/image\/","url":"https:\/\/disimi.hr\/wp-content\/uploads\/2022\/02\/logo2.jpg","contentUrl":"https:\/\/disimi.hr\/wp-content\/uploads\/2022\/02\/logo2.jpg","width":250,"height":79,"caption":"DiSiMi?"},"image":{"@id":"https:\/\/disimi.hr\/#\/schema\/logo\/image\/"},"sameAs":["https:\/\/www.facebook.com\/DISIMI.hr\/","https:\/\/www.instagram.com\/disimi.hr\/"]}]}},"_links":{"self":[{"href":"https:\/\/disimi.hr\/de\/wp-json\/wp\/v2\/product\/117697","targetHints":{"allow":["GET"]}}],"collection":[{"href":"https:\/\/disimi.hr\/de\/wp-json\/wp\/v2\/product"}],"about":[{"href":"https:\/\/disimi.hr\/de\/wp-json\/wp\/v2\/types\/product"}],"wp:featuredmedia":[{"embeddable":true,"href":"https:\/\/disimi.hr\/de\/wp-json\/wp\/v2\/media\/124584"}],"wp:attachment":[{"href":"https:\/\/disimi.hr\/de\/wp-json\/wp\/v2\/media?parent=117697"}],"wp:term":[{"taxonomy":"product_brand","embeddable":true,"href":"https:\/\/disimi.hr\/de\/wp-json\/wp\/v2\/product_brand?post=117697"},{"taxonomy":"product_cat","embeddable":true,"href":"https:\/\/disimi.hr\/de\/wp-json\/wp\/v2\/product_cat?post=117697"},{"taxonomy":"product_tag","embeddable":true,"href":"https:\/\/disimi.hr\/de\/wp-json\/wp\/v2\/product_tag?post=117697"}],"curies":[{"name":"wp","href":"https:\/\/api.w.org\/{rel}","templated":true}]}}