{"id":117641,"date":"2025-06-06T11:16:28","date_gmt":"2025-06-06T09:16:28","guid":{"rendered":"https:\/\/disimi.hr\/proizvod\/tunika-disimi-design-crna-duljina-126-cm-tnk2500-c\/"},"modified":"2026-04-16T13:24:38","modified_gmt":"2026-04-16T11:24:38","slug":"tunika-disimi-design-crna-duljina-126-cm-tnk2500-c","status":"publish","type":"product","link":"https:\/\/disimi.hr\/de\/produkt\/tunika-disimi-design-crna-duljina-126-cm-tnk2500-c\/","title":{"rendered":"Tunika \u201eDiSiMi Design\u201c, schwarz, L\u00e4nge 126 cm \u2013 tnk2500-c"},"content":{"rendered":"<div class=\"wpb-content-wrapper\"><p>[vc_row][vc_column][vc_column_text woodmart_inline=&#8221;no&#8221; text_larger=&#8221;yes&#8221;] <\/p>\n<p style=\"text-align: center;\"><strong class=\"naslov-product-tekst\">Bequeme Kleidung sah noch nie so gut aus.<\/strong><\/p>\n<p style=\"text-align: center;\">Tuniken schmiegen sich perfekt an die Figur an, ihre L\u00e4nge kaschiert kleine Problemzonen und verleiht eine luftige Leichtigkeit. Die Tuniken von DiSiMi? sind sorgf\u00e4ltig ausgew\u00e4hlte Modelle f\u00fcr den Alltag an warmen Fr\u00fchlings- und Sommertagen. Sie sind \u00e4u\u00dferst bequem und vereinen zeitlose Klassiker mit Details, die in der Modewelt aktuell sind. Ob in der Stadt, am Strand oder beim Spaziergang \u2013 mit den Tuniken von Disimi ziehen Sie alle Blicke auf sich und werden zum Mittelpunkt jeder Veranstaltung.<\/p>\n<p style=\"text-align: center;\"><strong class=\"title-product-tekst\">Genie\u00dfen Sie einen entspannten Sommer!<\/strong><\/p>\n<p style=\"text-align: center;\">\u2714<strong> Dekorative Details<\/strong>: Ziern\u00e4hte bringen Ihre gebr\u00e4unte Haut perfekt zur Geltung.<\/p>\n<p style=\"text-align: center;\">\u2714<strong> Sie sparen Geld<\/strong>: Trotz ihrer hohen Qualit\u00e4t sind sie f\u00fcr jedes Budget erschwinglich.<\/p>\n<div class=\"product-glavni-tekst\">\n<p style=\"text-align: center;\">\u2714<strong> Modernes Design<\/strong>: Bei DiSiMi? werden bei der Tunika keine Kompromisse beim Design gemacht. Tuniken mit einzigartigem und attraktivem Design, die nicht nur sch\u00f6n anzusehen, sondern auch angenehm zu tragen sind.<\/p>\n<p style=\"text-align: center;\">\u2714<strong>Ausgew\u00e4hlte Materialien<\/strong>: Materialien, die sich der K\u00f6rperform nat\u00fcrlich anpassen und f\u00fcr hohen Tragekomfort sorgen, w\u00e4hrend sie gleichzeitig die Funktion von Kleidung erf\u00fcllen, die vor der Sonne sch\u00fctzt und einen ausdrucksstarken Modestil bietet. Strandkleid? Warum nicht?<\/p>\n<p style=\"text-align: center;\">\u2714<strong>Komfort steht an erster Stelle<\/strong>: Die Einheitsgr\u00f6\u00dfe verw\u00f6hnt Sie nicht nur mit ihrer Weichheit, sondern passt auch vielen Frauen. DiSiMi? Tuniken k\u00f6nnen das perfekte Abendkleid sein.<\/p>\n<\/div>\n<p>[\/vc_column_text][vc_row_inner][vc_column_inner width=&#8221;1\/2&#8243;][vc_single_image image=&#8221;2580&#8243; img_size=&#8221;full&#8221; alignment=&#8221;center&#8221; parallax_scroll=&#8221;no&#8221; woodmart_inline=&#8221;no&#8221;][\/vc_column_inner][vc_column_inner width=&#8221;1\/2&#8243;][vc_single_image image=&#8221;7452&#8243; img_size=&#8221;full&#8221; alignment=&#8221;center&#8221; parallax_scroll=&#8221;no&#8221; woodmart_inline=&#8221;no&#8221;][\/vc_column_inner][\/vc_row_inner][vc_row_inner][vc_column_inner][vc_column_text woodmart_inline=&#8221;no&#8221; text_larger=&#8221;no&#8221;] <\/p>\n<div class=\"product-zadnje\"> Unsere Garantie: Wir sind fest davon \u00fcberzeugt, dass unsere Tuniken von h\u00f6chster Qualit\u00e4t und mit erstklassigem Design sind. Wir glauben so sehr an unser Produkt, dass wir sicher sind, dass es Sie begeistern wird. Sollten die DiSiMi?-Tuniken Ihre Erwartungen nicht erf\u00fcllen, k\u00f6nnen Sie sie jederzeit zur\u00fccksenden und erhalten innerhalb der ersten 30 Tage eine volle R\u00fcckerstattung.<\/div>\n<p>[\/vc_column_text][\/vc_column_inner][\/vc_row_inner][\/vc_column][\/vc_row]<\/p>\n<\/div>","protected":false},"excerpt":{"rendered":"<p>L\u00e4nge 126 cm <\/p>\n<p>H\u00fcft- und Brustumfang 110 cm <\/p>\n<p>Viskose &#8211; ein Naturmaterial, das anschlie\u00dfend industriell verarbeitet wird, um ein maximal anpassungsf\u00e4higes Produkt zu erhalten; das Material ist pflegeleicht und knittert nicht. <\/p>\n<ul>\n<li data-start=\"82\" data-end=\"134\">\n<p data-start=\"84\" data-end=\"134\">Lange, asymmetrische Tunika aus leichtem Material.<\/p>\n<\/li>\n<li data-start=\"135\" data-end=\"183\">Sie betont eine figurbetonte Silhouette.<\/li>\n<li data-start=\"229\" data-end=\"296\">\n<p data-start=\"231\" data-end=\"296\">Der Saum hat einen seitlichen Schlitz f\u00fcr zus\u00e4tzliche Eleganz und Komfort.<\/p>\n<\/li>\n<li data-start=\"297\" data-end=\"366\">\n<p data-start=\"299\" data-end=\"366\">Die schwarze Farbe eignet sich perfekt f\u00fcr elegante Kombinationen.<\/p>\n<\/li>\n<li data-start=\"297\" L\u00e4sst sich problemlos mit Taschen und Hausschuhen aus unserer neuen Kollektion kombinieren!<\/li>\n<\/ul>\n","protected":false},"featured_media":126619,"template":"","meta":[],"product_brand":[],"product_cat":[234],"product_tag":[236],"class_list":{"0":"post-117641","1":"product","2":"type-product","3":"status-publish","4":"has-post-thumbnail","6":"product_cat-tuniken","7":"product_tag-outfit-7","9":"first","10":"instock","11":"featured","12":"taxable","13":"shipping-taxable","14":"purchasable","15":"product-type-simple"},"yoast_head":"<!-- This site is optimized with the Yoast SEO plugin v27.3 - https:\/\/yoast.com\/product\/yoast-seo-wordpress\/ -->\n<title>Tunika \u201eDiSiMi Design\u201c, schwarz, L\u00e4nge 126 cm \u2013 tnk2500-c - DISIMI?<\/title>\n<meta name=\"robots\" content=\"index, follow, max-snippet:-1, max-image-preview:large, max-video-preview:-1\" \/>\n<link rel=\"canonical\" href=\"https:\/\/disimi.hr\/de\/produkt\/tunika-disimi-design-crna-duljina-126-cm-tnk2500-c\/\" \/>\n<meta property=\"og:locale\" content=\"de_DE\" \/>\n<meta property=\"og:type\" content=\"article\" \/>\n<meta property=\"og:title\" content=\"Tunika \u201eDiSiMi Design\u201c, schwarz, L\u00e4nge 126 cm \u2013 tnk2500-c - DISIMI?\" \/>\n<meta property=\"og:description\" content=\"L\u00e4nge 126 cm  H\u00fcft- und Brustumfang 110 cm  Viskose - ein Naturmaterial, das anschlie\u00dfend industriell verarbeitet wird, um ein maximal anpassungsf\u00e4higes Produkt zu erhalten; das Material ist pflegeleicht und knittert nicht.    Lange, asymmetrische Tunika aus leichtem Material.   Sie betont eine figurbetonte Silhouette.   Der Saum hat einen seitlichen Schlitz f\u00fcr zus\u00e4tzliche Eleganz und Komfort.    Die schwarze Farbe eignet sich perfekt f\u00fcr elegante Kombinationen.\" \/>\n<meta property=\"og:url\" content=\"https:\/\/disimi.hr\/de\/produkt\/tunika-disimi-design-crna-duljina-126-cm-tnk2500-c\/\" \/>\n<meta property=\"og:site_name\" content=\"DISIMI?\" \/>\n<meta property=\"article:publisher\" content=\"https:\/\/www.facebook.com\/DISIMI.hr\/\" \/>\n<meta property=\"article:modified_time\" content=\"2026-04-16T11:24:38+00:00\" \/>\n<meta property=\"og:image\" content=\"https:\/\/disimi.hr\/wp-content\/uploads\/2025\/06\/tnk2500-crna.jpg\" \/>\n\t<meta property=\"og:image:width\" content=\"1200\" \/>\n\t<meta property=\"og:image:height\" content=\"1200\" \/>\n\t<meta property=\"og:image:type\" content=\"image\/jpeg\" \/>\n<meta name=\"twitter:card\" content=\"summary_large_image\" \/>\n<meta name=\"twitter:label1\" content=\"Gesch\u00e4tzte Lesezeit\" \/>\n\t<meta name=\"twitter:data1\" content=\"2\u00a0Minute\" \/>\n<script type=\"application\/ld+json\" class=\"yoast-schema-graph\">{\"@context\":\"https:\\\/\\\/schema.org\",\"@graph\":[{\"@type\":\"WebPage\",\"@id\":\"https:\\\/\\\/disimi.hr\\\/de\\\/produkt\\\/tunika-disimi-design-crna-duljina-126-cm-tnk2500-c\\\/\",\"url\":\"https:\\\/\\\/disimi.hr\\\/de\\\/produkt\\\/tunika-disimi-design-crna-duljina-126-cm-tnk2500-c\\\/\",\"name\":\"Tunika \u201eDiSiMi Design\u201c, schwarz, L\u00e4nge 126 cm \u2013 tnk2500-c - DISIMI?\",\"isPartOf\":{\"@id\":\"https:\\\/\\\/disimi.hr\\\/#website\"},\"primaryImageOfPage\":{\"@id\":\"https:\\\/\\\/disimi.hr\\\/de\\\/produkt\\\/tunika-disimi-design-crna-duljina-126-cm-tnk2500-c\\\/#primaryimage\"},\"image\":{\"@id\":\"https:\\\/\\\/disimi.hr\\\/de\\\/produkt\\\/tunika-disimi-design-crna-duljina-126-cm-tnk2500-c\\\/#primaryimage\"},\"thumbnailUrl\":\"https:\\\/\\\/disimi.hr\\\/wp-content\\\/uploads\\\/2025\\\/06\\\/tnk2500-crna.jpg\",\"datePublished\":\"2025-06-06T09:16:28+00:00\",\"dateModified\":\"2026-04-16T11:24:38+00:00\",\"breadcrumb\":{\"@id\":\"https:\\\/\\\/disimi.hr\\\/de\\\/produkt\\\/tunika-disimi-design-crna-duljina-126-cm-tnk2500-c\\\/#breadcrumb\"},\"inLanguage\":\"de\",\"potentialAction\":[{\"@type\":\"ReadAction\",\"target\":[\"https:\\\/\\\/disimi.hr\\\/de\\\/produkt\\\/tunika-disimi-design-crna-duljina-126-cm-tnk2500-c\\\/\"]}]},{\"@type\":\"ImageObject\",\"inLanguage\":\"de\",\"@id\":\"https:\\\/\\\/disimi.hr\\\/de\\\/produkt\\\/tunika-disimi-design-crna-duljina-126-cm-tnk2500-c\\\/#primaryimage\",\"url\":\"https:\\\/\\\/disimi.hr\\\/wp-content\\\/uploads\\\/2025\\\/06\\\/tnk2500-crna.jpg\",\"contentUrl\":\"https:\\\/\\\/disimi.hr\\\/wp-content\\\/uploads\\\/2025\\\/06\\\/tnk2500-crna.jpg\",\"width\":1200,\"height\":1200},{\"@type\":\"BreadcrumbList\",\"@id\":\"https:\\\/\\\/disimi.hr\\\/de\\\/produkt\\\/tunika-disimi-design-crna-duljina-126-cm-tnk2500-c\\\/#breadcrumb\",\"itemListElement\":[{\"@type\":\"ListItem\",\"position\":1,\"name\":\"Po\u010detna stranica\",\"item\":\"https:\\\/\\\/disimi.hr\\\/de\\\/\"},{\"@type\":\"ListItem\",\"position\":2,\"name\":\"Produkte\",\"item\":\"https:\\\/\\\/disimi.hr\\\/de\\\/produkte\\\/\"},{\"@type\":\"ListItem\",\"position\":3,\"name\":\"Tunika \u201eDiSiMi Design\u201c, schwarz, L\u00e4nge 126 cm \u2013 tnk2500-c\"}]},{\"@type\":\"WebSite\",\"@id\":\"https:\\\/\\\/disimi.hr\\\/#website\",\"url\":\"https:\\\/\\\/disimi.hr\\\/\",\"name\":\"DISIMI?\",\"description\":\"Hrvatski brand i jedinstveni dizajn!\",\"publisher\":{\"@id\":\"https:\\\/\\\/disimi.hr\\\/#organization\"},\"potentialAction\":[{\"@type\":\"SearchAction\",\"target\":{\"@type\":\"EntryPoint\",\"urlTemplate\":\"https:\\\/\\\/disimi.hr\\\/?s={search_term_string}\"},\"query-input\":{\"@type\":\"PropertyValueSpecification\",\"valueRequired\":true,\"valueName\":\"search_term_string\"}}],\"inLanguage\":\"de\"},{\"@type\":\"Organization\",\"@id\":\"https:\\\/\\\/disimi.hr\\\/#organization\",\"name\":\"DiSiMi?\",\"url\":\"https:\\\/\\\/disimi.hr\\\/\",\"logo\":{\"@type\":\"ImageObject\",\"inLanguage\":\"de\",\"@id\":\"https:\\\/\\\/disimi.hr\\\/#\\\/schema\\\/logo\\\/image\\\/\",\"url\":\"https:\\\/\\\/disimi.hr\\\/wp-content\\\/uploads\\\/2022\\\/02\\\/logo2.jpg\",\"contentUrl\":\"https:\\\/\\\/disimi.hr\\\/wp-content\\\/uploads\\\/2022\\\/02\\\/logo2.jpg\",\"width\":250,\"height\":79,\"caption\":\"DiSiMi?\"},\"image\":{\"@id\":\"https:\\\/\\\/disimi.hr\\\/#\\\/schema\\\/logo\\\/image\\\/\"},\"sameAs\":[\"https:\\\/\\\/www.facebook.com\\\/DISIMI.hr\\\/\",\"https:\\\/\\\/www.instagram.com\\\/disimi.hr\\\/\"]}]}<\/script>\n<!-- \/ Yoast SEO plugin. -->","yoast_head_json":{"title":"Tunika \u201eDiSiMi Design\u201c, schwarz, L\u00e4nge 126 cm \u2013 tnk2500-c - DISIMI?","robots":{"index":"index","follow":"follow","max-snippet":"max-snippet:-1","max-image-preview":"max-image-preview:large","max-video-preview":"max-video-preview:-1"},"canonical":"https:\/\/disimi.hr\/de\/produkt\/tunika-disimi-design-crna-duljina-126-cm-tnk2500-c\/","og_locale":"de_DE","og_type":"article","og_title":"Tunika \u201eDiSiMi Design\u201c, schwarz, L\u00e4nge 126 cm \u2013 tnk2500-c - DISIMI?","og_description":"L\u00e4nge 126 cm  H\u00fcft- und Brustumfang 110 cm  Viskose - ein Naturmaterial, das anschlie\u00dfend industriell verarbeitet wird, um ein maximal anpassungsf\u00e4higes Produkt zu erhalten; das Material ist pflegeleicht und knittert nicht.    Lange, asymmetrische Tunika aus leichtem Material.   Sie betont eine figurbetonte Silhouette.   Der Saum hat einen seitlichen Schlitz f\u00fcr zus\u00e4tzliche Eleganz und Komfort.    Die schwarze Farbe eignet sich perfekt f\u00fcr elegante Kombinationen.","og_url":"https:\/\/disimi.hr\/de\/produkt\/tunika-disimi-design-crna-duljina-126-cm-tnk2500-c\/","og_site_name":"DISIMI?","article_publisher":"https:\/\/www.facebook.com\/DISIMI.hr\/","article_modified_time":"2026-04-16T11:24:38+00:00","og_image":[{"width":1200,"height":1200,"url":"https:\/\/disimi.hr\/wp-content\/uploads\/2025\/06\/tnk2500-crna.jpg","type":"image\/jpeg"}],"twitter_card":"summary_large_image","twitter_misc":{"Gesch\u00e4tzte Lesezeit":"2\u00a0Minute"},"schema":{"@context":"https:\/\/schema.org","@graph":[{"@type":"WebPage","@id":"https:\/\/disimi.hr\/de\/produkt\/tunika-disimi-design-crna-duljina-126-cm-tnk2500-c\/","url":"https:\/\/disimi.hr\/de\/produkt\/tunika-disimi-design-crna-duljina-126-cm-tnk2500-c\/","name":"Tunika \u201eDiSiMi Design\u201c, schwarz, L\u00e4nge 126 cm \u2013 tnk2500-c - DISIMI?","isPartOf":{"@id":"https:\/\/disimi.hr\/#website"},"primaryImageOfPage":{"@id":"https:\/\/disimi.hr\/de\/produkt\/tunika-disimi-design-crna-duljina-126-cm-tnk2500-c\/#primaryimage"},"image":{"@id":"https:\/\/disimi.hr\/de\/produkt\/tunika-disimi-design-crna-duljina-126-cm-tnk2500-c\/#primaryimage"},"thumbnailUrl":"https:\/\/disimi.hr\/wp-content\/uploads\/2025\/06\/tnk2500-crna.jpg","datePublished":"2025-06-06T09:16:28+00:00","dateModified":"2026-04-16T11:24:38+00:00","breadcrumb":{"@id":"https:\/\/disimi.hr\/de\/produkt\/tunika-disimi-design-crna-duljina-126-cm-tnk2500-c\/#breadcrumb"},"inLanguage":"de","potentialAction":[{"@type":"ReadAction","target":["https:\/\/disimi.hr\/de\/produkt\/tunika-disimi-design-crna-duljina-126-cm-tnk2500-c\/"]}]},{"@type":"ImageObject","inLanguage":"de","@id":"https:\/\/disimi.hr\/de\/produkt\/tunika-disimi-design-crna-duljina-126-cm-tnk2500-c\/#primaryimage","url":"https:\/\/disimi.hr\/wp-content\/uploads\/2025\/06\/tnk2500-crna.jpg","contentUrl":"https:\/\/disimi.hr\/wp-content\/uploads\/2025\/06\/tnk2500-crna.jpg","width":1200,"height":1200},{"@type":"BreadcrumbList","@id":"https:\/\/disimi.hr\/de\/produkt\/tunika-disimi-design-crna-duljina-126-cm-tnk2500-c\/#breadcrumb","itemListElement":[{"@type":"ListItem","position":1,"name":"Po\u010detna stranica","item":"https:\/\/disimi.hr\/de\/"},{"@type":"ListItem","position":2,"name":"Produkte","item":"https:\/\/disimi.hr\/de\/produkte\/"},{"@type":"ListItem","position":3,"name":"Tunika \u201eDiSiMi Design\u201c, schwarz, L\u00e4nge 126 cm \u2013 tnk2500-c"}]},{"@type":"WebSite","@id":"https:\/\/disimi.hr\/#website","url":"https:\/\/disimi.hr\/","name":"DISIMI?","description":"Hrvatski brand i jedinstveni dizajn!","publisher":{"@id":"https:\/\/disimi.hr\/#organization"},"potentialAction":[{"@type":"SearchAction","target":{"@type":"EntryPoint","urlTemplate":"https:\/\/disimi.hr\/?s={search_term_string}"},"query-input":{"@type":"PropertyValueSpecification","valueRequired":true,"valueName":"search_term_string"}}],"inLanguage":"de"},{"@type":"Organization","@id":"https:\/\/disimi.hr\/#organization","name":"DiSiMi?","url":"https:\/\/disimi.hr\/","logo":{"@type":"ImageObject","inLanguage":"de","@id":"https:\/\/disimi.hr\/#\/schema\/logo\/image\/","url":"https:\/\/disimi.hr\/wp-content\/uploads\/2022\/02\/logo2.jpg","contentUrl":"https:\/\/disimi.hr\/wp-content\/uploads\/2022\/02\/logo2.jpg","width":250,"height":79,"caption":"DiSiMi?"},"image":{"@id":"https:\/\/disimi.hr\/#\/schema\/logo\/image\/"},"sameAs":["https:\/\/www.facebook.com\/DISIMI.hr\/","https:\/\/www.instagram.com\/disimi.hr\/"]}]}},"_links":{"self":[{"href":"https:\/\/disimi.hr\/de\/wp-json\/wp\/v2\/product\/117641","targetHints":{"allow":["GET"]}}],"collection":[{"href":"https:\/\/disimi.hr\/de\/wp-json\/wp\/v2\/product"}],"about":[{"href":"https:\/\/disimi.hr\/de\/wp-json\/wp\/v2\/types\/product"}],"wp:featuredmedia":[{"embeddable":true,"href":"https:\/\/disimi.hr\/de\/wp-json\/wp\/v2\/media\/126619"}],"wp:attachment":[{"href":"https:\/\/disimi.hr\/de\/wp-json\/wp\/v2\/media?parent=117641"}],"wp:term":[{"taxonomy":"product_brand","embeddable":true,"href":"https:\/\/disimi.hr\/de\/wp-json\/wp\/v2\/product_brand?post=117641"},{"taxonomy":"product_cat","embeddable":true,"href":"https:\/\/disimi.hr\/de\/wp-json\/wp\/v2\/product_cat?post=117641"},{"taxonomy":"product_tag","embeddable":true,"href":"https:\/\/disimi.hr\/de\/wp-json\/wp\/v2\/product_tag?post=117641"}],"curies":[{"name":"wp","href":"https:\/\/api.w.org\/{rel}","templated":true}]}}