{"id":117604,"date":"2025-06-27T12:53:50","date_gmt":"2025-06-27T10:53:50","guid":{"rendered":"https:\/\/disimi.hr\/proizvod\/novcanik-zebra-dim-13cm-x-10cm-x-4cm-nov003\/"},"modified":"2026-04-02T13:52:38","modified_gmt":"2026-04-02T11:52:38","slug":"novcanik-zebra-dim-13cm-x-10cm-x-4cm-nov003","status":"publish","type":"product","link":"https:\/\/disimi.hr\/de\/produkt\/novcanik-zebra-dim-13cm-x-10cm-x-4cm-nov003\/","title":{"rendered":"Geldb\u00f6rse \u201eZebra\u201c, Ma\u00dfe 13 cm x 10 cm x 4 cm &#8211; NOV003"},"content":{"rendered":"<div class=\"wpb-content-wrapper\"><p>[vc_row][vc_column][vc_column_text css=&#8221;&#8221; woodmart_inline=&#8221;no&#8221; text_larger=&#8221;yes&#8221;] <\/p>\n<h2 id=\"designer-newbie-di-si-mi--combination-of-style-and-function\" class=\"mb-2 mt-6 text-base font-[500] first:mt-0 md:text-lg dark:font-[475] [hr+&amp;]:mt-4\">Designer-Geldb\u00f6rse &#8220;Di Si Us?&#8221; \u2013 Kombination aus Stil und Funktionalit\u00e4t<\/h2>\n<p class=\"my-0\">Verleihen Sie Ihrem Alltag mit der Designer-Geldb\u00f6rse &#8220;Di Si Mi?&#8221; einen Hauch von Kunst und Eleganz. Dieses attraktive Modell ist aus hochwertigem, strapazierf\u00e4higem \u00d6ko-Leder mit einem markanten Zebra-Motiv gefertigt und somit die richtige Wahl f\u00fcr alle, die einen originellen und modernen Look lieben.<\/p>\n<p class=\"my-0\"><strong>Warum Sie es lieben werden:<\/strong><\/p>\n<ul class=\"marker:text-textOff list-disc\">\n<li>\n<p class=\"my-0\">Einzigartiges Design: Die Kombination aus Rot und Schwarz sowie das unverwechselbare Zebra-Muster machen diese Geldb\u00f6rse zu einem echten Hingucker.<\/p>\n<\/li>\n<li>\n<p class=\"my-0\">Praktische Organisation: Mehrere Kartenf\u00e4cher, ein transparentes Fach f\u00fcr Ausweis oder Foto und ein spezielles Rei\u00dfverschlussfach f\u00fcr M\u00fcnzen sorgen daf\u00fcr, dass alle wichtigen Dinge ihren Platz haben.<\/p>\n<\/li>\n<li>\n<p class=\"my-0\">Sicherer Verschluss: Ein stabiler Verschluss sorgt daf\u00fcr, dass der Inhalt der Geldb\u00f6rse immer sicher verwahrt ist. gesch\u00fctzt.<\/p>\n<\/li>\n<li>\n<p class=\"my-0\">Kompakt und dennoch ger\u00e4umig: Klein genug f\u00fcr jede Handtasche, aber ger\u00e4umig genug f\u00fcr all Ihre Bed\u00fcrfnisse.<\/p>\n<\/li>\n<\/ul>\n<p class=\"my-0\">Diese Geldb\u00f6rse ist das perfekte Geschenk f\u00fcr Sie oder einen lieben Menschen, der Funktionalit\u00e4t und einzigartiges Design zu sch\u00e4tzen wei\u00df. Verleihen Sie Ihrem Stil eine pers\u00f6nliche Note und praktische Vorteile \u2013 w\u00e4hlen Sie &#8220;DiSiMi?&#8221; Geldb\u00f6rse und genie\u00dfe jedes Detail!<\/p>\n<p>[\/vc_column_text][vc_row_inner][vc_column_inner width=&#8221;1\/2&#8243;][vc_single_image image=&#8221;2580&#8243; img_size=&#8221;full&#8221; alignment=&#8221;center&#8221; parallax_scroll=&#8221;no&#8221; woodmart_inline=&#8221;no&#8221;][\/vc_column_inner][vc_column_inner width=&#8221;1\/2&#8243;][vc_single_image image=&#8221;7452&#8243; img_size=&#8221;full&#8221; alignment=&#8221;center&#8221; parallax_scroll=&#8221;no&#8221; woodmart_inline=&#8221;no&#8221;][\/vc_column_inner][\/vc_row_inner][vc_row_inner][vc_column_inner][vc_column_text css=&#8221;&#8221; woodmart_inline=&#8221;no&#8221; text_larger=&#8221;no&#8221;] <\/p>\n<p style=\"text-align: center;\">Ein einzigartiges Design, das verschiedene Drucke kombiniert Mit Liebe zum Detail!<\/p>\n<p style=\"text-align: center;\">Material: 100 % Polyurethan<br \/>\nAbmessungen: 13 x 10 x 4 cm<\/p>\n<p style=\"text-align: center;\">Wir sind fest davon \u00fcberzeugt, dass unsere Produkte von herausragender Qualit\u00e4t und erstklassigem Design sind. Wir glauben so sehr an unser Produkt, dass wir sicher sind, dass es Sie begeistern wird. Sollten die Produkte von DiSiMi? Ihre Erwartungen nicht erf\u00fcllen, k\u00f6nnen Sie sie jederzeit zur\u00fcckgeben und erhalten innerhalb der ersten 30 Tage eine volle R\u00fcckerstattung.<\/p>\n<p>[\/vc_column_text][\/vc_column_inner][\/vc_row_inner][\/vc_column][\/vc_row]<\/p>\n<\/div>","protected":false},"excerpt":{"rendered":"<p>Geldb\u00f6rse aus komfortablem und strapazierf\u00e4higem Material mit einzigartigem Design. <\/p>\n<p>Rei\u00dfverschluss mit 3 Kn\u00f6pfen, M\u00fcnzfach, zus\u00e4tzlicher Rei\u00dfverschluss. Separates Fach f\u00fcr Karten und pers\u00f6nliche Dokumente. <\/p>\n<p>Material: Polyurethan<br \/>\nAbmessungen: 13 x 10 x 4 cm <\/p>\n<p>&nbsp;<\/p>\n","protected":false},"featured_media":125339,"template":"","meta":[],"product_brand":[],"product_cat":[233,232],"product_tag":[],"class_list":{"0":"post-117604","1":"product","2":"type-product","3":"status-publish","4":"has-post-thumbnail","6":"product_cat-geldborsen","7":"product_cat-zubehor","9":"first","10":"instock","11":"featured","12":"taxable","13":"shipping-taxable","14":"purchasable","15":"product-type-simple"},"yoast_head":"<!-- This site is optimized with the Yoast SEO plugin v27.3 - https:\/\/yoast.com\/product\/yoast-seo-wordpress\/ -->\n<title>Geldb\u00f6rse \u201eZebra\u201c, Ma\u00dfe 13 cm x 10 cm x 4 cm - NOV003 - DISIMI?<\/title>\n<meta name=\"robots\" content=\"index, follow, max-snippet:-1, max-image-preview:large, max-video-preview:-1\" \/>\n<link rel=\"canonical\" href=\"https:\/\/disimi.hr\/de\/produkt\/novcanik-zebra-dim-13cm-x-10cm-x-4cm-nov003\/\" \/>\n<meta property=\"og:locale\" content=\"de_DE\" \/>\n<meta property=\"og:type\" content=\"article\" \/>\n<meta property=\"og:title\" content=\"Geldb\u00f6rse \u201eZebra\u201c, Ma\u00dfe 13 cm x 10 cm x 4 cm - NOV003 - DISIMI?\" \/>\n<meta property=\"og:description\" content=\"Geldb\u00f6rse aus komfortablem und strapazierf\u00e4higem Material mit einzigartigem Design.  Rei\u00dfverschluss mit 3 Kn\u00f6pfen, M\u00fcnzfach, zus\u00e4tzlicher Rei\u00dfverschluss. Separates Fach f\u00fcr Karten und pers\u00f6nliche Dokumente.  Material: Polyurethan Abmessungen: 13 x 10 x 4 cm  &nbsp;\" \/>\n<meta property=\"og:url\" content=\"https:\/\/disimi.hr\/de\/produkt\/novcanik-zebra-dim-13cm-x-10cm-x-4cm-nov003\/\" \/>\n<meta property=\"og:site_name\" content=\"DISIMI?\" \/>\n<meta property=\"article:publisher\" content=\"https:\/\/www.facebook.com\/DISIMI.hr\/\" \/>\n<meta property=\"article:modified_time\" content=\"2026-04-02T11:52:38+00:00\" \/>\n<meta property=\"og:image\" content=\"https:\/\/disimi.hr\/wp-content\/uploads\/2025\/06\/NOV003.jpg\" \/>\n\t<meta property=\"og:image:width\" content=\"800\" \/>\n\t<meta property=\"og:image:height\" content=\"800\" \/>\n\t<meta property=\"og:image:type\" content=\"image\/jpeg\" \/>\n<meta name=\"twitter:card\" content=\"summary_large_image\" \/>\n<meta name=\"twitter:label1\" content=\"Gesch\u00e4tzte Lesezeit\" \/>\n\t<meta name=\"twitter:data1\" content=\"2\u00a0Minute\" \/>\n<script type=\"application\/ld+json\" class=\"yoast-schema-graph\">{\"@context\":\"https:\\\/\\\/schema.org\",\"@graph\":[{\"@type\":\"WebPage\",\"@id\":\"https:\\\/\\\/disimi.hr\\\/de\\\/produkt\\\/novcanik-zebra-dim-13cm-x-10cm-x-4cm-nov003\\\/\",\"url\":\"https:\\\/\\\/disimi.hr\\\/de\\\/produkt\\\/novcanik-zebra-dim-13cm-x-10cm-x-4cm-nov003\\\/\",\"name\":\"Geldb\u00f6rse \u201eZebra\u201c, Ma\u00dfe 13 cm x 10 cm x 4 cm - NOV003 - DISIMI?\",\"isPartOf\":{\"@id\":\"https:\\\/\\\/disimi.hr\\\/#website\"},\"primaryImageOfPage\":{\"@id\":\"https:\\\/\\\/disimi.hr\\\/de\\\/produkt\\\/novcanik-zebra-dim-13cm-x-10cm-x-4cm-nov003\\\/#primaryimage\"},\"image\":{\"@id\":\"https:\\\/\\\/disimi.hr\\\/de\\\/produkt\\\/novcanik-zebra-dim-13cm-x-10cm-x-4cm-nov003\\\/#primaryimage\"},\"thumbnailUrl\":\"https:\\\/\\\/disimi.hr\\\/wp-content\\\/uploads\\\/2025\\\/06\\\/NOV003.jpg\",\"datePublished\":\"2025-06-27T10:53:50+00:00\",\"dateModified\":\"2026-04-02T11:52:38+00:00\",\"breadcrumb\":{\"@id\":\"https:\\\/\\\/disimi.hr\\\/de\\\/produkt\\\/novcanik-zebra-dim-13cm-x-10cm-x-4cm-nov003\\\/#breadcrumb\"},\"inLanguage\":\"de\",\"potentialAction\":[{\"@type\":\"ReadAction\",\"target\":[\"https:\\\/\\\/disimi.hr\\\/de\\\/produkt\\\/novcanik-zebra-dim-13cm-x-10cm-x-4cm-nov003\\\/\"]}]},{\"@type\":\"ImageObject\",\"inLanguage\":\"de\",\"@id\":\"https:\\\/\\\/disimi.hr\\\/de\\\/produkt\\\/novcanik-zebra-dim-13cm-x-10cm-x-4cm-nov003\\\/#primaryimage\",\"url\":\"https:\\\/\\\/disimi.hr\\\/wp-content\\\/uploads\\\/2025\\\/06\\\/NOV003.jpg\",\"contentUrl\":\"https:\\\/\\\/disimi.hr\\\/wp-content\\\/uploads\\\/2025\\\/06\\\/NOV003.jpg\",\"width\":800,\"height\":800},{\"@type\":\"BreadcrumbList\",\"@id\":\"https:\\\/\\\/disimi.hr\\\/de\\\/produkt\\\/novcanik-zebra-dim-13cm-x-10cm-x-4cm-nov003\\\/#breadcrumb\",\"itemListElement\":[{\"@type\":\"ListItem\",\"position\":1,\"name\":\"Po\u010detna stranica\",\"item\":\"https:\\\/\\\/disimi.hr\\\/de\\\/\"},{\"@type\":\"ListItem\",\"position\":2,\"name\":\"Produkte\",\"item\":\"https:\\\/\\\/disimi.hr\\\/de\\\/produkte\\\/\"},{\"@type\":\"ListItem\",\"position\":3,\"name\":\"Geldb\u00f6rse \u201eZebra\u201c, Ma\u00dfe 13 cm x 10 cm x 4 cm &#8211; NOV003\"}]},{\"@type\":\"WebSite\",\"@id\":\"https:\\\/\\\/disimi.hr\\\/#website\",\"url\":\"https:\\\/\\\/disimi.hr\\\/\",\"name\":\"DISIMI?\",\"description\":\"Hrvatski brand i jedinstveni dizajn!\",\"publisher\":{\"@id\":\"https:\\\/\\\/disimi.hr\\\/#organization\"},\"potentialAction\":[{\"@type\":\"SearchAction\",\"target\":{\"@type\":\"EntryPoint\",\"urlTemplate\":\"https:\\\/\\\/disimi.hr\\\/?s={search_term_string}\"},\"query-input\":{\"@type\":\"PropertyValueSpecification\",\"valueRequired\":true,\"valueName\":\"search_term_string\"}}],\"inLanguage\":\"de\"},{\"@type\":\"Organization\",\"@id\":\"https:\\\/\\\/disimi.hr\\\/#organization\",\"name\":\"DiSiMi?\",\"url\":\"https:\\\/\\\/disimi.hr\\\/\",\"logo\":{\"@type\":\"ImageObject\",\"inLanguage\":\"de\",\"@id\":\"https:\\\/\\\/disimi.hr\\\/#\\\/schema\\\/logo\\\/image\\\/\",\"url\":\"https:\\\/\\\/disimi.hr\\\/wp-content\\\/uploads\\\/2022\\\/02\\\/logo2.jpg\",\"contentUrl\":\"https:\\\/\\\/disimi.hr\\\/wp-content\\\/uploads\\\/2022\\\/02\\\/logo2.jpg\",\"width\":250,\"height\":79,\"caption\":\"DiSiMi?\"},\"image\":{\"@id\":\"https:\\\/\\\/disimi.hr\\\/#\\\/schema\\\/logo\\\/image\\\/\"},\"sameAs\":[\"https:\\\/\\\/www.facebook.com\\\/DISIMI.hr\\\/\",\"https:\\\/\\\/www.instagram.com\\\/disimi.hr\\\/\"]}]}<\/script>\n<!-- \/ Yoast SEO plugin. -->","yoast_head_json":{"title":"Geldb\u00f6rse \u201eZebra\u201c, Ma\u00dfe 13 cm x 10 cm x 4 cm - NOV003 - DISIMI?","robots":{"index":"index","follow":"follow","max-snippet":"max-snippet:-1","max-image-preview":"max-image-preview:large","max-video-preview":"max-video-preview:-1"},"canonical":"https:\/\/disimi.hr\/de\/produkt\/novcanik-zebra-dim-13cm-x-10cm-x-4cm-nov003\/","og_locale":"de_DE","og_type":"article","og_title":"Geldb\u00f6rse \u201eZebra\u201c, Ma\u00dfe 13 cm x 10 cm x 4 cm - NOV003 - DISIMI?","og_description":"Geldb\u00f6rse aus komfortablem und strapazierf\u00e4higem Material mit einzigartigem Design.  Rei\u00dfverschluss mit 3 Kn\u00f6pfen, M\u00fcnzfach, zus\u00e4tzlicher Rei\u00dfverschluss. Separates Fach f\u00fcr Karten und pers\u00f6nliche Dokumente.  Material: Polyurethan Abmessungen: 13 x 10 x 4 cm  &nbsp;","og_url":"https:\/\/disimi.hr\/de\/produkt\/novcanik-zebra-dim-13cm-x-10cm-x-4cm-nov003\/","og_site_name":"DISIMI?","article_publisher":"https:\/\/www.facebook.com\/DISIMI.hr\/","article_modified_time":"2026-04-02T11:52:38+00:00","og_image":[{"width":800,"height":800,"url":"https:\/\/disimi.hr\/wp-content\/uploads\/2025\/06\/NOV003.jpg","type":"image\/jpeg"}],"twitter_card":"summary_large_image","twitter_misc":{"Gesch\u00e4tzte Lesezeit":"2\u00a0Minute"},"schema":{"@context":"https:\/\/schema.org","@graph":[{"@type":"WebPage","@id":"https:\/\/disimi.hr\/de\/produkt\/novcanik-zebra-dim-13cm-x-10cm-x-4cm-nov003\/","url":"https:\/\/disimi.hr\/de\/produkt\/novcanik-zebra-dim-13cm-x-10cm-x-4cm-nov003\/","name":"Geldb\u00f6rse \u201eZebra\u201c, Ma\u00dfe 13 cm x 10 cm x 4 cm - NOV003 - DISIMI?","isPartOf":{"@id":"https:\/\/disimi.hr\/#website"},"primaryImageOfPage":{"@id":"https:\/\/disimi.hr\/de\/produkt\/novcanik-zebra-dim-13cm-x-10cm-x-4cm-nov003\/#primaryimage"},"image":{"@id":"https:\/\/disimi.hr\/de\/produkt\/novcanik-zebra-dim-13cm-x-10cm-x-4cm-nov003\/#primaryimage"},"thumbnailUrl":"https:\/\/disimi.hr\/wp-content\/uploads\/2025\/06\/NOV003.jpg","datePublished":"2025-06-27T10:53:50+00:00","dateModified":"2026-04-02T11:52:38+00:00","breadcrumb":{"@id":"https:\/\/disimi.hr\/de\/produkt\/novcanik-zebra-dim-13cm-x-10cm-x-4cm-nov003\/#breadcrumb"},"inLanguage":"de","potentialAction":[{"@type":"ReadAction","target":["https:\/\/disimi.hr\/de\/produkt\/novcanik-zebra-dim-13cm-x-10cm-x-4cm-nov003\/"]}]},{"@type":"ImageObject","inLanguage":"de","@id":"https:\/\/disimi.hr\/de\/produkt\/novcanik-zebra-dim-13cm-x-10cm-x-4cm-nov003\/#primaryimage","url":"https:\/\/disimi.hr\/wp-content\/uploads\/2025\/06\/NOV003.jpg","contentUrl":"https:\/\/disimi.hr\/wp-content\/uploads\/2025\/06\/NOV003.jpg","width":800,"height":800},{"@type":"BreadcrumbList","@id":"https:\/\/disimi.hr\/de\/produkt\/novcanik-zebra-dim-13cm-x-10cm-x-4cm-nov003\/#breadcrumb","itemListElement":[{"@type":"ListItem","position":1,"name":"Po\u010detna stranica","item":"https:\/\/disimi.hr\/de\/"},{"@type":"ListItem","position":2,"name":"Produkte","item":"https:\/\/disimi.hr\/de\/produkte\/"},{"@type":"ListItem","position":3,"name":"Geldb\u00f6rse \u201eZebra\u201c, Ma\u00dfe 13 cm x 10 cm x 4 cm &#8211; NOV003"}]},{"@type":"WebSite","@id":"https:\/\/disimi.hr\/#website","url":"https:\/\/disimi.hr\/","name":"DISIMI?","description":"Hrvatski brand i jedinstveni dizajn!","publisher":{"@id":"https:\/\/disimi.hr\/#organization"},"potentialAction":[{"@type":"SearchAction","target":{"@type":"EntryPoint","urlTemplate":"https:\/\/disimi.hr\/?s={search_term_string}"},"query-input":{"@type":"PropertyValueSpecification","valueRequired":true,"valueName":"search_term_string"}}],"inLanguage":"de"},{"@type":"Organization","@id":"https:\/\/disimi.hr\/#organization","name":"DiSiMi?","url":"https:\/\/disimi.hr\/","logo":{"@type":"ImageObject","inLanguage":"de","@id":"https:\/\/disimi.hr\/#\/schema\/logo\/image\/","url":"https:\/\/disimi.hr\/wp-content\/uploads\/2022\/02\/logo2.jpg","contentUrl":"https:\/\/disimi.hr\/wp-content\/uploads\/2022\/02\/logo2.jpg","width":250,"height":79,"caption":"DiSiMi?"},"image":{"@id":"https:\/\/disimi.hr\/#\/schema\/logo\/image\/"},"sameAs":["https:\/\/www.facebook.com\/DISIMI.hr\/","https:\/\/www.instagram.com\/disimi.hr\/"]}]}},"_links":{"self":[{"href":"https:\/\/disimi.hr\/de\/wp-json\/wp\/v2\/product\/117604","targetHints":{"allow":["GET"]}}],"collection":[{"href":"https:\/\/disimi.hr\/de\/wp-json\/wp\/v2\/product"}],"about":[{"href":"https:\/\/disimi.hr\/de\/wp-json\/wp\/v2\/types\/product"}],"wp:featuredmedia":[{"embeddable":true,"href":"https:\/\/disimi.hr\/de\/wp-json\/wp\/v2\/media\/125339"}],"wp:attachment":[{"href":"https:\/\/disimi.hr\/de\/wp-json\/wp\/v2\/media?parent=117604"}],"wp:term":[{"taxonomy":"product_brand","embeddable":true,"href":"https:\/\/disimi.hr\/de\/wp-json\/wp\/v2\/product_brand?post=117604"},{"taxonomy":"product_cat","embeddable":true,"href":"https:\/\/disimi.hr\/de\/wp-json\/wp\/v2\/product_cat?post=117604"},{"taxonomy":"product_tag","embeddable":true,"href":"https:\/\/disimi.hr\/de\/wp-json\/wp\/v2\/product_tag?post=117604"}],"curies":[{"name":"wp","href":"https:\/\/api.w.org\/{rel}","templated":true}]}}