{"id":117590,"date":"2025-09-04T10:09:04","date_gmt":"2025-09-04T08:09:04","guid":{"rendered":"https:\/\/disimi.hr\/proizvod\/ruksak-zlatne-tockice-dim-21x31x15-cm-tzf2524\/"},"modified":"2026-04-17T13:18:51","modified_gmt":"2026-04-17T11:18:51","slug":"ruksak-zlatne-tockice-dim-21x31x15-cm-tzf2524","status":"publish","type":"product","link":"https:\/\/disimi.hr\/de\/produkt\/ruksak-zlatne-tockice-dim-21x31x15-cm-tzf2524\/","title":{"rendered":"Rucksack \u201eGoldene Punkte\u201c, Gr\u00f6\u00dfe 21 x 31 x 15 cm &#8211; tzf2524"},"content":{"rendered":"<div class=\"wpb-content-wrapper\"><p>[vc_row][vc_column][vc_column_text css=&#8221;&#8221; woodmart_inline=&#8221;no&#8221; text_larger=&#8221;yes&#8221;] <\/p>\n<p style=\"text-align: center;\"><strong>Modeaccessoires, von denen wir uns nicht trennen k\u00f6nnen<\/strong><\/p>\n<p style=\"text-align: center;\">Charmanter Rucksack DiSiMi?<\/p>\n<p style=\"text-align: center;\">Verleihen Sie Ihrem Stil mit diesem charmanten Rucksack aus der DiSiMi?-Kollektion einen Hauch von Verspieltheit. Ideal f\u00fcr alle Abenteuer des Alltags: Dieser Rucksack vereint Funktionalit\u00e4t mit unwiderstehlichem Design.<\/p>\n<p style=\"text-align: center;\"><strong>Das perfekte Geschenk \u2026 f\u00fcr dich!<\/strong><\/p>\n<p style=\"text-align: center;\"><strong>\u2714 Passt zu jedem Outfit<\/strong> und sorgt f\u00fcr einen l\u00e4ssigen Look.<\/p>\n<p style=\"text-align: center;\"><strong>\u2714 Spart Geld:<\/strong> Trotz hoher Qualit\u00e4t ist dieser Rucksack f\u00fcr jedes Budget erschwinglich.<\/p>\n<p style=\"text-align: center;\"><strong>\u2714 Modernes Design:<\/strong> Bei DiSiMi? wurden beim Design keine Kompromisse gemacht. Eine Tasche ist ein wesentlicher Bestandteil der Identit\u00e4t einer Frau und muss daher das gewisse Etwas haben.<\/p>\n<p style=\"text-align: center;\"><strong>\u2714 Was ist wichtiger als eine Tasche?<\/strong> Selbst wenn Frauen unbegrenzt Geld h\u00e4tten, k\u00f6nnten sie sich sicherlich nicht alle Taschen leisten, die ihnen gefallen \u2013 und vor allem brauchen sie diese Taschen. Eine Tasche ist ein unverzichtbarer Bestandteil jedes gelungenen Outfits. Oftmals macht schon der Wechsel der Tasche den entscheidenden Unterschied. Warum ist das so? Denn eine Tasche ist ein modisches Accessoire, das das Ganze abrundet, hervorsticht und somit Aufmerksamkeit erregt.<\/p>\n<p>[\/vc_column_text][vc_row_inner][vc_column_inner width=&#8221;1\/2&#8243;][vc_single_image image=&#8221;2580&#8243; img_size=&#8221;full&#8221; alignment=&#8221;center&#8221; parallax_scroll=&#8221;no&#8221; woodmart_inline=&#8221;no&#8221;][\/vc_column_inner][vc_column_inner width=&#8221;1\/2&#8243;][vc_single_image image=&#8221;7452&#8243; img_size=&#8221;full&#8221; alignment=&#8221;center&#8221; parallax_scroll=&#8221;no&#8221; woodmart_inline=&#8221;no&#8221;][\/vc_column_inner][\/vc_row_inner][vc_row_inner][vc_column_inner][vc_column_text woodmart_inline=&#8221;no&#8221; text_larger=&#8221;no&#8221;] <\/p>\n<div>\n<p style=\"text-align: center;\"> Wir sind fest davon \u00fcberzeugt, dass unsere Taschen von h\u00f6chster Qualit\u00e4t und mit erstklassigem Design sind. Wir glauben so sehr an unser Produkt, dass wir sicher sind, es wird Sie begeistern. Sollten die DiSiMi?-Taschen Ihre Erwartungen nicht erf\u00fcllen, k\u00f6nnen Sie sie jederzeit zur\u00fcckgeben und wir erstatten Ihnen innerhalb der ersten 30 Tage den vollen Kaufpreis.<\/p>\n<\/div>\n<p>[\/vc_column_text][\/vc_column_inner][\/vc_row_inner][\/vc_column][\/vc_row]<\/p>\n<\/div>","protected":false},"excerpt":{"rendered":"<p>Pflegehinweis: Mit einem feuchten Tuch abwischen. Nicht von Hand waschen oder in der Waschmaschine waschen. <\/p>\n<p>Die Tasche besteht aus Baumwolle, Polyester und PVC und ist gef\u00fcttert. Sie verf\u00fcgt \u00fcber eine Innentasche. <\/p>\n<p>Mit Rei\u00dfverschluss und kurzem Tragegriff. Rei\u00dfverschlusstasche auf der R\u00fcckseite. <\/p>\n<p>Farbe: Rauchgrau. 21 (Breite) x 31 (H\u00f6he) x 15 (Tiefe am Boden) cm <\/p>\n<p>Dieser Rucksack ist ein stylisches und praktisches Accessoire, ideal f\u00fcr den Alltag. Er ist aus strapazierf\u00e4higem, schwarzem Material mit goldenen Punkten gefertigt und besticht durch einen markanten Metallrahmen und einen Verschluss, der von Retro-Handtaschen inspiriert ist. <\/p>\n<p><strong>Design und Funktionalit\u00e4t<\/strong> <\/p>\n<ul>\n<li>Die Vorderseite des Rucksacks ist mit einer dezenten, gestickten Aufschrift \u201eDiSiMi?\u201c verziert.<\/li>\n<li>Die Metallschnalle oben erm\u00f6glicht ein einfaches \u00d6ffnen und Schlie\u00dfen, w\u00e4hrend die weite \u00d6ffnung den Zugriff auf das Innere erleichtert.<\/li>\n<li>Auf der R\u00fcckseite befinden sich gepolsterte Schultergurte und ein praktisches Netzgewebe f\u00fcr hohen Tragekomfort.<\/li>\n<li>Eine zus\u00e4tzliche kleine Rei\u00dfverschlusstasche befindet sich auf der R\u00fcckseite und eignet sich ideal zur sicheren Aufbewahrung kleiner Gegenst\u00e4nde wie Schl\u00fcssel oder Karten.<\/li>\n<li>An den Seiten befinden sich praktische F\u00e4cher f\u00fcr z. B. Eine Flasche, ein kleiner Regenschirm usw.<\/li>\n<\/ul>\n<p><strong>Material und Abmessungen<\/strong> <\/p>\n<ul>\n<li>Der Rucksack ist aus hochwertigem Textil mit Polyesteranteil gefertigt und daher weniger empfindlich gegen Regen.<\/li>\n<li>Der Metallrahmen und die Schnalle sorgen f\u00fcr zus\u00e4tzliche Sicherheit und einen Vintage-Look.<\/li>\n<li>Innen bietet der Rucksack ausreichend Platz f\u00fcr Alltagsgegenst\u00e4nde und weniger wichtige Dinge.<\/li>\n<\/ul>\n<p><strong>Praktische Verwendung<\/strong> <\/p>\n<ul>\n<li>Die Kombination aus Funktionalit\u00e4t und Stil macht ihn f\u00fcr jedes Outfit und jeden Anlass geeignet.<\/li>\n<\/ul>\n<p>Erg\u00e4nzen Sie Ihre Sammlung mit diesem Rucksack und heben Sie sich durch sein einzigartiges Design und seine Praktikabilit\u00e4t ab.<\/p>\n","protected":false},"featured_media":127044,"template":"","meta":[],"product_brand":[],"product_cat":[229,216],"product_tag":[],"class_list":{"0":"post-117590","1":"product","2":"type-product","3":"status-publish","4":"has-post-thumbnail","6":"product_cat-mode-taschen","7":"product_cat-taschen","9":"first","10":"outofstock","11":"featured","12":"taxable","13":"shipping-taxable","14":"purchasable","15":"product-type-simple"},"yoast_head":"<!-- This site is optimized with the Yoast SEO plugin v27.5 - https:\/\/yoast.com\/product\/yoast-seo-wordpress\/ -->\n<title>Rucksack \u201eGoldene Punkte\u201c, Gr\u00f6\u00dfe 21 x 31 x 15 cm - tzf2524 - DISIMI?<\/title>\n<meta name=\"robots\" content=\"index, follow, max-snippet:-1, max-image-preview:large, max-video-preview:-1\" \/>\n<link rel=\"canonical\" href=\"https:\/\/disimi.hr\/de\/produkt\/ruksak-zlatne-tockice-dim-21x31x15-cm-tzf2524\/\" \/>\n<meta property=\"og:locale\" content=\"de_DE\" \/>\n<meta property=\"og:type\" content=\"article\" \/>\n<meta property=\"og:title\" content=\"Rucksack \u201eGoldene Punkte\u201c, Gr\u00f6\u00dfe 21 x 31 x 15 cm - tzf2524 - DISIMI?\" \/>\n<meta property=\"og:description\" content=\"Pflegehinweis: Mit einem feuchten Tuch abwischen. Nicht von Hand waschen oder in der Waschmaschine waschen.  Die Tasche besteht aus Baumwolle, Polyester und PVC und ist gef\u00fcttert. Sie verf\u00fcgt \u00fcber eine Innentasche.  Mit Rei\u00dfverschluss und kurzem Tragegriff. Rei\u00dfverschlusstasche auf der R\u00fcckseite.  Farbe: Rauchgrau. 21 (Breite) x 31 (H\u00f6he) x 15 (Tiefe am Boden) cm  Dieser Rucksack ist ein stylisches und praktisches Accessoire, ideal f\u00fcr den Alltag. Er ist aus strapazierf\u00e4higem, schwarzem Material mit goldenen Punkten gefertigt und besticht durch einen markanten Metallrahmen und einen Verschluss, der von Retro-Handtaschen inspiriert ist.  Design und Funktionalit\u00e4t   Die Vorderseite des Rucksacks ist mit einer dezenten, gestickten Aufschrift \u201eDiSiMi?\u201c verziert.  Die Metallschnalle oben erm\u00f6glicht ein einfaches \u00d6ffnen und Schlie\u00dfen, w\u00e4hrend die weite \u00d6ffnung den Zugriff auf das Innere erleichtert.  Auf der R\u00fcckseite befinden sich gepolsterte Schultergurte und ein praktisches Netzgewebe f\u00fcr hohen Tragekomfort.  Eine zus\u00e4tzliche kleine Rei\u00dfverschlusstasche befindet sich auf der R\u00fcckseite und eignet sich ideal zur sicheren Aufbewahrung kleiner Gegenst\u00e4nde wie Schl\u00fcssel oder Karten.  An den Seiten befinden sich praktische F\u00e4cher f\u00fcr z. B. Eine Flasche, ein kleiner Regenschirm usw.  Material und Abmessungen   Der Rucksack ist aus hochwertigem Textil mit Polyesteranteil gefertigt und daher weniger empfindlich gegen Regen.  Der Metallrahmen und die Schnalle sorgen f\u00fcr zus\u00e4tzliche Sicherheit und einen Vintage-Look.  Innen bietet der Rucksack ausreichend Platz f\u00fcr Alltagsgegenst\u00e4nde und weniger wichtige Dinge.  Praktische Verwendung   Die Kombination aus Funktionalit\u00e4t und Stil macht ihn f\u00fcr jedes Outfit und jeden Anlass geeignet.  Erg\u00e4nzen Sie Ihre Sammlung mit diesem Rucksack und heben Sie sich durch sein einzigartiges Design und seine Praktikabilit\u00e4t ab.\" \/>\n<meta property=\"og:url\" content=\"https:\/\/disimi.hr\/de\/produkt\/ruksak-zlatne-tockice-dim-21x31x15-cm-tzf2524\/\" \/>\n<meta property=\"og:site_name\" content=\"DISIMI?\" \/>\n<meta property=\"article:publisher\" content=\"https:\/\/www.facebook.com\/DISIMI.hr\/\" \/>\n<meta property=\"article:modified_time\" content=\"2026-04-17T11:18:51+00:00\" \/>\n<meta property=\"og:image\" content=\"https:\/\/disimi.hr\/wp-content\/uploads\/2025\/09\/tzf2524-W.jpg\" \/>\n\t<meta property=\"og:image:width\" content=\"800\" \/>\n\t<meta property=\"og:image:height\" content=\"800\" \/>\n\t<meta property=\"og:image:type\" content=\"image\/jpeg\" \/>\n<meta name=\"twitter:card\" content=\"summary_large_image\" \/>\n<meta name=\"twitter:label1\" content=\"Gesch\u00e4tzte Lesezeit\" \/>\n\t<meta name=\"twitter:data1\" content=\"2\u00a0Minute\" \/>\n<script type=\"application\/ld+json\" class=\"yoast-schema-graph\">{\"@context\":\"https:\\\/\\\/schema.org\",\"@graph\":[{\"@type\":\"WebPage\",\"@id\":\"https:\\\/\\\/disimi.hr\\\/de\\\/produkt\\\/ruksak-zlatne-tockice-dim-21x31x15-cm-tzf2524\\\/\",\"url\":\"https:\\\/\\\/disimi.hr\\\/de\\\/produkt\\\/ruksak-zlatne-tockice-dim-21x31x15-cm-tzf2524\\\/\",\"name\":\"Rucksack \u201eGoldene Punkte\u201c, Gr\u00f6\u00dfe 21 x 31 x 15 cm - tzf2524 - DISIMI?\",\"isPartOf\":{\"@id\":\"https:\\\/\\\/disimi.hr\\\/#website\"},\"primaryImageOfPage\":{\"@id\":\"https:\\\/\\\/disimi.hr\\\/de\\\/produkt\\\/ruksak-zlatne-tockice-dim-21x31x15-cm-tzf2524\\\/#primaryimage\"},\"image\":{\"@id\":\"https:\\\/\\\/disimi.hr\\\/de\\\/produkt\\\/ruksak-zlatne-tockice-dim-21x31x15-cm-tzf2524\\\/#primaryimage\"},\"thumbnailUrl\":\"https:\\\/\\\/disimi.hr\\\/wp-content\\\/uploads\\\/2025\\\/09\\\/tzf2524-W.jpg\",\"datePublished\":\"2025-09-04T08:09:04+00:00\",\"dateModified\":\"2026-04-17T11:18:51+00:00\",\"breadcrumb\":{\"@id\":\"https:\\\/\\\/disimi.hr\\\/de\\\/produkt\\\/ruksak-zlatne-tockice-dim-21x31x15-cm-tzf2524\\\/#breadcrumb\"},\"inLanguage\":\"de\",\"potentialAction\":[{\"@type\":\"ReadAction\",\"target\":[\"https:\\\/\\\/disimi.hr\\\/de\\\/produkt\\\/ruksak-zlatne-tockice-dim-21x31x15-cm-tzf2524\\\/\"]}]},{\"@type\":\"ImageObject\",\"inLanguage\":\"de\",\"@id\":\"https:\\\/\\\/disimi.hr\\\/de\\\/produkt\\\/ruksak-zlatne-tockice-dim-21x31x15-cm-tzf2524\\\/#primaryimage\",\"url\":\"https:\\\/\\\/disimi.hr\\\/wp-content\\\/uploads\\\/2025\\\/09\\\/tzf2524-W.jpg\",\"contentUrl\":\"https:\\\/\\\/disimi.hr\\\/wp-content\\\/uploads\\\/2025\\\/09\\\/tzf2524-W.jpg\",\"width\":800,\"height\":800},{\"@type\":\"BreadcrumbList\",\"@id\":\"https:\\\/\\\/disimi.hr\\\/de\\\/produkt\\\/ruksak-zlatne-tockice-dim-21x31x15-cm-tzf2524\\\/#breadcrumb\",\"itemListElement\":[{\"@type\":\"ListItem\",\"position\":1,\"name\":\"Po\u010detna stranica\",\"item\":\"https:\\\/\\\/disimi.hr\\\/de\\\/\"},{\"@type\":\"ListItem\",\"position\":2,\"name\":\"Produkte\",\"item\":\"https:\\\/\\\/disimi.hr\\\/de\\\/produkte\\\/\"},{\"@type\":\"ListItem\",\"position\":3,\"name\":\"Rucksack \u201eGoldene Punkte\u201c, Gr\u00f6\u00dfe 21 x 31 x 15 cm &#8211; tzf2524\"}]},{\"@type\":\"WebSite\",\"@id\":\"https:\\\/\\\/disimi.hr\\\/#website\",\"url\":\"https:\\\/\\\/disimi.hr\\\/\",\"name\":\"DISIMI?\",\"description\":\"Hrvatski brand i jedinstveni dizajn!\",\"publisher\":{\"@id\":\"https:\\\/\\\/disimi.hr\\\/#organization\"},\"potentialAction\":[{\"@type\":\"SearchAction\",\"target\":{\"@type\":\"EntryPoint\",\"urlTemplate\":\"https:\\\/\\\/disimi.hr\\\/?s={search_term_string}\"},\"query-input\":{\"@type\":\"PropertyValueSpecification\",\"valueRequired\":true,\"valueName\":\"search_term_string\"}}],\"inLanguage\":\"de\"},{\"@type\":\"Organization\",\"@id\":\"https:\\\/\\\/disimi.hr\\\/#organization\",\"name\":\"DiSiMi?\",\"url\":\"https:\\\/\\\/disimi.hr\\\/\",\"logo\":{\"@type\":\"ImageObject\",\"inLanguage\":\"de\",\"@id\":\"https:\\\/\\\/disimi.hr\\\/#\\\/schema\\\/logo\\\/image\\\/\",\"url\":\"https:\\\/\\\/disimi.hr\\\/wp-content\\\/uploads\\\/2022\\\/02\\\/logo2.jpg\",\"contentUrl\":\"https:\\\/\\\/disimi.hr\\\/wp-content\\\/uploads\\\/2022\\\/02\\\/logo2.jpg\",\"width\":250,\"height\":79,\"caption\":\"DiSiMi?\"},\"image\":{\"@id\":\"https:\\\/\\\/disimi.hr\\\/#\\\/schema\\\/logo\\\/image\\\/\"},\"sameAs\":[\"https:\\\/\\\/www.facebook.com\\\/DISIMI.hr\\\/\",\"https:\\\/\\\/www.instagram.com\\\/disimi.hr\\\/\"]}]}<\/script>\n<!-- \/ Yoast SEO plugin. -->","yoast_head_json":{"title":"Rucksack \u201eGoldene Punkte\u201c, Gr\u00f6\u00dfe 21 x 31 x 15 cm - tzf2524 - DISIMI?","robots":{"index":"index","follow":"follow","max-snippet":"max-snippet:-1","max-image-preview":"max-image-preview:large","max-video-preview":"max-video-preview:-1"},"canonical":"https:\/\/disimi.hr\/de\/produkt\/ruksak-zlatne-tockice-dim-21x31x15-cm-tzf2524\/","og_locale":"de_DE","og_type":"article","og_title":"Rucksack \u201eGoldene Punkte\u201c, Gr\u00f6\u00dfe 21 x 31 x 15 cm - tzf2524 - DISIMI?","og_description":"Pflegehinweis: Mit einem feuchten Tuch abwischen. Nicht von Hand waschen oder in der Waschmaschine waschen.  Die Tasche besteht aus Baumwolle, Polyester und PVC und ist gef\u00fcttert. Sie verf\u00fcgt \u00fcber eine Innentasche.  Mit Rei\u00dfverschluss und kurzem Tragegriff. Rei\u00dfverschlusstasche auf der R\u00fcckseite.  Farbe: Rauchgrau. 21 (Breite) x 31 (H\u00f6he) x 15 (Tiefe am Boden) cm  Dieser Rucksack ist ein stylisches und praktisches Accessoire, ideal f\u00fcr den Alltag. Er ist aus strapazierf\u00e4higem, schwarzem Material mit goldenen Punkten gefertigt und besticht durch einen markanten Metallrahmen und einen Verschluss, der von Retro-Handtaschen inspiriert ist.  Design und Funktionalit\u00e4t   Die Vorderseite des Rucksacks ist mit einer dezenten, gestickten Aufschrift \u201eDiSiMi?\u201c verziert.  Die Metallschnalle oben erm\u00f6glicht ein einfaches \u00d6ffnen und Schlie\u00dfen, w\u00e4hrend die weite \u00d6ffnung den Zugriff auf das Innere erleichtert.  Auf der R\u00fcckseite befinden sich gepolsterte Schultergurte und ein praktisches Netzgewebe f\u00fcr hohen Tragekomfort.  Eine zus\u00e4tzliche kleine Rei\u00dfverschlusstasche befindet sich auf der R\u00fcckseite und eignet sich ideal zur sicheren Aufbewahrung kleiner Gegenst\u00e4nde wie Schl\u00fcssel oder Karten.  An den Seiten befinden sich praktische F\u00e4cher f\u00fcr z. B. Eine Flasche, ein kleiner Regenschirm usw.  Material und Abmessungen   Der Rucksack ist aus hochwertigem Textil mit Polyesteranteil gefertigt und daher weniger empfindlich gegen Regen.  Der Metallrahmen und die Schnalle sorgen f\u00fcr zus\u00e4tzliche Sicherheit und einen Vintage-Look.  Innen bietet der Rucksack ausreichend Platz f\u00fcr Alltagsgegenst\u00e4nde und weniger wichtige Dinge.  Praktische Verwendung   Die Kombination aus Funktionalit\u00e4t und Stil macht ihn f\u00fcr jedes Outfit und jeden Anlass geeignet.  Erg\u00e4nzen Sie Ihre Sammlung mit diesem Rucksack und heben Sie sich durch sein einzigartiges Design und seine Praktikabilit\u00e4t ab.","og_url":"https:\/\/disimi.hr\/de\/produkt\/ruksak-zlatne-tockice-dim-21x31x15-cm-tzf2524\/","og_site_name":"DISIMI?","article_publisher":"https:\/\/www.facebook.com\/DISIMI.hr\/","article_modified_time":"2026-04-17T11:18:51+00:00","og_image":[{"width":800,"height":800,"url":"https:\/\/disimi.hr\/wp-content\/uploads\/2025\/09\/tzf2524-W.jpg","type":"image\/jpeg"}],"twitter_card":"summary_large_image","twitter_misc":{"Gesch\u00e4tzte Lesezeit":"2\u00a0Minute"},"schema":{"@context":"https:\/\/schema.org","@graph":[{"@type":"WebPage","@id":"https:\/\/disimi.hr\/de\/produkt\/ruksak-zlatne-tockice-dim-21x31x15-cm-tzf2524\/","url":"https:\/\/disimi.hr\/de\/produkt\/ruksak-zlatne-tockice-dim-21x31x15-cm-tzf2524\/","name":"Rucksack \u201eGoldene Punkte\u201c, Gr\u00f6\u00dfe 21 x 31 x 15 cm - tzf2524 - DISIMI?","isPartOf":{"@id":"https:\/\/disimi.hr\/#website"},"primaryImageOfPage":{"@id":"https:\/\/disimi.hr\/de\/produkt\/ruksak-zlatne-tockice-dim-21x31x15-cm-tzf2524\/#primaryimage"},"image":{"@id":"https:\/\/disimi.hr\/de\/produkt\/ruksak-zlatne-tockice-dim-21x31x15-cm-tzf2524\/#primaryimage"},"thumbnailUrl":"https:\/\/disimi.hr\/wp-content\/uploads\/2025\/09\/tzf2524-W.jpg","datePublished":"2025-09-04T08:09:04+00:00","dateModified":"2026-04-17T11:18:51+00:00","breadcrumb":{"@id":"https:\/\/disimi.hr\/de\/produkt\/ruksak-zlatne-tockice-dim-21x31x15-cm-tzf2524\/#breadcrumb"},"inLanguage":"de","potentialAction":[{"@type":"ReadAction","target":["https:\/\/disimi.hr\/de\/produkt\/ruksak-zlatne-tockice-dim-21x31x15-cm-tzf2524\/"]}]},{"@type":"ImageObject","inLanguage":"de","@id":"https:\/\/disimi.hr\/de\/produkt\/ruksak-zlatne-tockice-dim-21x31x15-cm-tzf2524\/#primaryimage","url":"https:\/\/disimi.hr\/wp-content\/uploads\/2025\/09\/tzf2524-W.jpg","contentUrl":"https:\/\/disimi.hr\/wp-content\/uploads\/2025\/09\/tzf2524-W.jpg","width":800,"height":800},{"@type":"BreadcrumbList","@id":"https:\/\/disimi.hr\/de\/produkt\/ruksak-zlatne-tockice-dim-21x31x15-cm-tzf2524\/#breadcrumb","itemListElement":[{"@type":"ListItem","position":1,"name":"Po\u010detna stranica","item":"https:\/\/disimi.hr\/de\/"},{"@type":"ListItem","position":2,"name":"Produkte","item":"https:\/\/disimi.hr\/de\/produkte\/"},{"@type":"ListItem","position":3,"name":"Rucksack \u201eGoldene Punkte\u201c, Gr\u00f6\u00dfe 21 x 31 x 15 cm &#8211; tzf2524"}]},{"@type":"WebSite","@id":"https:\/\/disimi.hr\/#website","url":"https:\/\/disimi.hr\/","name":"DISIMI?","description":"Hrvatski brand i jedinstveni dizajn!","publisher":{"@id":"https:\/\/disimi.hr\/#organization"},"potentialAction":[{"@type":"SearchAction","target":{"@type":"EntryPoint","urlTemplate":"https:\/\/disimi.hr\/?s={search_term_string}"},"query-input":{"@type":"PropertyValueSpecification","valueRequired":true,"valueName":"search_term_string"}}],"inLanguage":"de"},{"@type":"Organization","@id":"https:\/\/disimi.hr\/#organization","name":"DiSiMi?","url":"https:\/\/disimi.hr\/","logo":{"@type":"ImageObject","inLanguage":"de","@id":"https:\/\/disimi.hr\/#\/schema\/logo\/image\/","url":"https:\/\/disimi.hr\/wp-content\/uploads\/2022\/02\/logo2.jpg","contentUrl":"https:\/\/disimi.hr\/wp-content\/uploads\/2022\/02\/logo2.jpg","width":250,"height":79,"caption":"DiSiMi?"},"image":{"@id":"https:\/\/disimi.hr\/#\/schema\/logo\/image\/"},"sameAs":["https:\/\/www.facebook.com\/DISIMI.hr\/","https:\/\/www.instagram.com\/disimi.hr\/"]}]}},"_links":{"self":[{"href":"https:\/\/disimi.hr\/de\/wp-json\/wp\/v2\/product\/117590","targetHints":{"allow":["GET"]}}],"collection":[{"href":"https:\/\/disimi.hr\/de\/wp-json\/wp\/v2\/product"}],"about":[{"href":"https:\/\/disimi.hr\/de\/wp-json\/wp\/v2\/types\/product"}],"wp:featuredmedia":[{"embeddable":true,"href":"https:\/\/disimi.hr\/de\/wp-json\/wp\/v2\/media\/127044"}],"wp:attachment":[{"href":"https:\/\/disimi.hr\/de\/wp-json\/wp\/v2\/media?parent=117590"}],"wp:term":[{"taxonomy":"product_brand","embeddable":true,"href":"https:\/\/disimi.hr\/de\/wp-json\/wp\/v2\/product_brand?post=117590"},{"taxonomy":"product_cat","embeddable":true,"href":"https:\/\/disimi.hr\/de\/wp-json\/wp\/v2\/product_cat?post=117590"},{"taxonomy":"product_tag","embeddable":true,"href":"https:\/\/disimi.hr\/de\/wp-json\/wp\/v2\/product_tag?post=117590"}],"curies":[{"name":"wp","href":"https:\/\/api.w.org\/{rel}","templated":true}]}}