{"id":117556,"date":"2025-09-04T10:49:55","date_gmt":"2025-09-04T08:49:55","guid":{"rendered":"https:\/\/disimi.hr\/proizvod\/torba-daisy-crna-dim-22x10x14-cm-tzf2532\/"},"modified":"2026-04-29T14:21:39","modified_gmt":"2026-04-29T12:21:39","slug":"torba-daisy-crna-dim-22x10x14-cm-tzf2532","status":"publish","type":"product","link":"https:\/\/disimi.hr\/de\/produkt\/torba-daisy-crna-dim-22x10x14-cm-tzf2532\/","title":{"rendered":"Tasche \u201eDaisy\u201c, schwarz ger\u00e4uchert. 22 x 10 x 14 cm \u2013 TZF2532"},"content":{"rendered":"<div class=\"wpb-content-wrapper\"><p>[vc_row][vc_column][vc_column_text css=&#8221;&#8221; woodmart_inline=&#8221;no&#8221; text_larger=&#8221;yes&#8221;] <\/p>\n<p style=\"text-align: center;\"><strong class=\"naslov-product-tekst\">Modische Accessoires, von denen wir uns nicht trennen k\u00f6nnen<\/strong><\/p>\n<p style=\"text-align: center;\">Eine Tasche in unserem unverkennbaren Design aus Polyurethan<\/p>\n<p style=\"text-align: center;\"><strong class=\"naslov-sesiri-tekst\">Das perfekte Geschenk \u2026 genau f\u00fcr Sie!<\/strong><\/p>\n<p style=\"text-align: center;\">\u2714<strong>Eine Tasche<\/strong>, die zu jeder Garderobe passt und f\u00fcr einen l\u00e4ssigen Look sorgt<\/p>\n<p style=\"text-align: center;\">\u2714<strong>Sparen Sie Geld<\/strong>: Trotz hoher Qualit\u00e4t ist der Preis f\u00fcr jeden erschwinglich. Budget.<\/p>\n<div class=\"product-glavni-tekst\">\n<p style=\"text-align: center;\">\u2714<strong> Modernes Design: Bei DiSiMi?-Taschen<\/strong> werden keine Kompromisse beim Design gemacht. Eine Tasche ist ein integraler Bestandteil der Identit\u00e4t einer Frau und muss daher das gewisse Etwas haben.<\/p>\n<p style=\"text-align: center;\">\u2714<strong> Was ist wichtiger als eine Tasche?<\/strong> Selbst wenn Frauen \u00fcber unbegrenzte finanzielle Mittel verf\u00fcgen w\u00fcrden, k\u00f6nnten sie sich sicherlich nicht alle Taschen leisten, die sie m\u00f6gen \u2013 und vor allem brauchen sie diese Taschen. Eine Tasche ist ein unverzichtbarer Bestandteil jedes gelungenen Outfits. Oftmals macht der Wechsel der Tasche den Unterschied in einem Outfit aus. Warum ist das so? Weil eine Tasche ein modisches Accessoire ist, das das Ganze abrundet, hervorsticht und somit Aufmerksamkeit erregt..<\/p>\n<\/div>\n<p>[\/vc_column_text][vc_row_inner][vc_column_inner width=&#8221;1\/2&#8243;][vc_single_image image=&#8221;2580&#8243; img_size=&#8221;full&#8221; alignment=&#8221;center&#8221; parallax_scroll=&#8221;no&#8221; woodmart_inline=&#8221;no&#8221;][\/vc_column_inner][vc_column_inner width=&#8221;1\/2&#8243;][vc_single_image image=&#8221;7452&#8243; img_size=&#8221;full&#8221; alignment=&#8221;center&#8221; parallax_scroll=&#8221;no&#8221; woodmart_inline=&#8221;no&#8221;][\/vc_column_inner][\/vc_row_inner][vc_row_inner][vc_column_inner][vc_column_text css=&#8221;&#8221; woodmart_inline=&#8221;no&#8221; text_larger=&#8221;no&#8221;] <\/p>\n<p style=\"text-align: center;\">Eine originelle Tasche mit unserem unverwechselbaren Design<\/p>\n<p style=\"text-align: center;\">Material: Polyurethan<br \/>\nAbmessungen: 22 x 10 x 14 cm<\/p>\n<p style=\"text-align: center;\">Wir sind fest davon \u00fcberzeugt, dass unsere Taschen von herausragender Qualit\u00e4t und mit einem exzellenten Design sind. Wir glauben so sehr an unser Produkt, dass wir sicher sind, dass es Sie begeistern wird. Sollten die DiSiMi?-Taschen Ihre Erwartungen nicht erf\u00fcllen, k\u00f6nnen Sie sie jederzeit zur\u00fcckgeben und wir erstatten Ihnen innerhalb der ersten 30 Tage den vollen Kaufpreis.<\/p>\n<p>[\/vc_column_text][\/vc_column_inner][\/vc_row_inner][\/vc_column][\/vc_row]<\/p>\n<\/div>","protected":false},"excerpt":{"rendered":"<p>Eine Tasche mit interessanter Form! <\/p>\n<p>Passt zu jedem Outfit und sorgt f\u00fcr einen l\u00e4ssigen Look! <\/p>\n<p>Material: Polyurethan<br \/>\nMa\u00dfe: 22 x 10 x 14 cm <\/p>\n<p>Lackierter Rei\u00dfverschluss <\/p>\n<p>Verstellbarer Schulterriemen bis zu 55 cm lang. Zus\u00e4tzlicher Riemen 28 cm hoch <\/p>\n<p>Mit Futter. Innentasche mit Rei\u00dfverschluss. <\/p>\n<p><strong>Elegante Tasche mit Blume<\/strong> <\/p>\n<p>Verleihen Sie Ihrem Stil mit dieser wundersch\u00f6nen Tasche der Marke &#8220;DiSiMi?&#8221; einen Hauch von Raffinesse. Sie ist aus hochwertigem Polyurethan gefertigt. Ihr modernes Design wird durch ein gemaltes Blumendetail in Schwarz-Wei\u00df mit goldenen Akzenten erg\u00e4nzt, was ihr einen einzigartigen und k\u00fcnstlerischen Look verleiht. <\/p>\n<p>Diese Tasche ist die perfekte Wahl f\u00fcr alle Anl\u00e4sse \u2013 ob f\u00fcrs B\u00fcro, zum Kaffeetrinken oder f\u00fcr einen Abend in der Stadt. Heben Sie sich von der Masse ab und tragen Sie Kunst bei sich! <\/p>\n<p>&nbsp;<\/p>\n","protected":false},"featured_media":126843,"template":"","meta":[],"product_brand":[],"product_cat":[229,216],"product_tag":[],"class_list":{"0":"post-117556","1":"product","2":"type-product","3":"status-publish","4":"has-post-thumbnail","6":"product_cat-mode-taschen","7":"product_cat-taschen","9":"first","10":"instock","11":"featured","12":"taxable","13":"shipping-taxable","14":"purchasable","15":"product-type-simple"},"yoast_head":"<!-- This site is optimized with the Yoast SEO plugin v27.5 - https:\/\/yoast.com\/product\/yoast-seo-wordpress\/ -->\n<title>Tasche \u201eDaisy\u201c, schwarz ger\u00e4uchert. 22 x 10 x 14 cm \u2013 TZF2532 - DISIMI?<\/title>\n<meta name=\"robots\" content=\"index, follow, max-snippet:-1, max-image-preview:large, max-video-preview:-1\" \/>\n<link rel=\"canonical\" href=\"https:\/\/disimi.hr\/de\/produkt\/torba-daisy-crna-dim-22x10x14-cm-tzf2532\/\" \/>\n<meta property=\"og:locale\" content=\"de_DE\" \/>\n<meta property=\"og:type\" content=\"article\" \/>\n<meta property=\"og:title\" content=\"Tasche \u201eDaisy\u201c, schwarz ger\u00e4uchert. 22 x 10 x 14 cm \u2013 TZF2532 - DISIMI?\" \/>\n<meta property=\"og:description\" content=\"Eine Tasche mit interessanter Form!   Passt zu jedem Outfit und sorgt f\u00fcr einen l\u00e4ssigen Look!   Material: Polyurethan  Ma\u00dfe: 22 x 10 x 14 cm   Lackierter Rei\u00dfverschluss   Verstellbarer Schulterriemen bis zu 55 cm lang. Zus\u00e4tzlicher Riemen 28 cm hoch   Mit Futter. Innentasche mit Rei\u00dfverschluss.   Elegante Tasche mit Blume   Verleihen Sie Ihrem Stil mit dieser wundersch\u00f6nen Tasche der Marke &quot;DiSiMi?&quot; einen Hauch von Raffinesse. Sie ist aus hochwertigem Polyurethan gefertigt. Ihr modernes Design wird durch ein gemaltes Blumendetail in Schwarz-Wei\u00df mit goldenen Akzenten erg\u00e4nzt, was ihr einen einzigartigen und k\u00fcnstlerischen Look verleiht.   Diese Tasche ist die perfekte Wahl f\u00fcr alle Anl\u00e4sse \u2013 ob f\u00fcrs B\u00fcro, zum Kaffeetrinken oder f\u00fcr einen Abend in der Stadt. Heben Sie sich von der Masse ab und tragen Sie Kunst bei sich!   &nbsp;\" \/>\n<meta property=\"og:url\" content=\"https:\/\/disimi.hr\/de\/produkt\/torba-daisy-crna-dim-22x10x14-cm-tzf2532\/\" \/>\n<meta property=\"og:site_name\" content=\"DISIMI?\" \/>\n<meta property=\"article:publisher\" content=\"https:\/\/www.facebook.com\/DISIMI.hr\/\" \/>\n<meta property=\"article:modified_time\" content=\"2026-04-29T12:21:39+00:00\" \/>\n<meta property=\"og:image\" content=\"https:\/\/disimi.hr\/wp-content\/uploads\/2025\/09\/tzf2532-W.jpg\" \/>\n\t<meta property=\"og:image:width\" content=\"800\" \/>\n\t<meta property=\"og:image:height\" content=\"800\" \/>\n\t<meta property=\"og:image:type\" content=\"image\/jpeg\" \/>\n<meta name=\"twitter:card\" content=\"summary_large_image\" \/>\n<meta name=\"twitter:label1\" content=\"Gesch\u00e4tzte Lesezeit\" \/>\n\t<meta name=\"twitter:data1\" content=\"2\u00a0Minute\" \/>\n<script type=\"application\/ld+json\" class=\"yoast-schema-graph\">{\"@context\":\"https:\\\/\\\/schema.org\",\"@graph\":[{\"@type\":\"WebPage\",\"@id\":\"https:\\\/\\\/disimi.hr\\\/de\\\/produkt\\\/torba-daisy-crna-dim-22x10x14-cm-tzf2532\\\/\",\"url\":\"https:\\\/\\\/disimi.hr\\\/de\\\/produkt\\\/torba-daisy-crna-dim-22x10x14-cm-tzf2532\\\/\",\"name\":\"Tasche \u201eDaisy\u201c, schwarz ger\u00e4uchert. 22 x 10 x 14 cm \u2013 TZF2532 - DISIMI?\",\"isPartOf\":{\"@id\":\"https:\\\/\\\/disimi.hr\\\/#website\"},\"primaryImageOfPage\":{\"@id\":\"https:\\\/\\\/disimi.hr\\\/de\\\/produkt\\\/torba-daisy-crna-dim-22x10x14-cm-tzf2532\\\/#primaryimage\"},\"image\":{\"@id\":\"https:\\\/\\\/disimi.hr\\\/de\\\/produkt\\\/torba-daisy-crna-dim-22x10x14-cm-tzf2532\\\/#primaryimage\"},\"thumbnailUrl\":\"https:\\\/\\\/disimi.hr\\\/wp-content\\\/uploads\\\/2025\\\/09\\\/tzf2532-W.jpg\",\"datePublished\":\"2025-09-04T08:49:55+00:00\",\"dateModified\":\"2026-04-29T12:21:39+00:00\",\"breadcrumb\":{\"@id\":\"https:\\\/\\\/disimi.hr\\\/de\\\/produkt\\\/torba-daisy-crna-dim-22x10x14-cm-tzf2532\\\/#breadcrumb\"},\"inLanguage\":\"de\",\"potentialAction\":[{\"@type\":\"ReadAction\",\"target\":[\"https:\\\/\\\/disimi.hr\\\/de\\\/produkt\\\/torba-daisy-crna-dim-22x10x14-cm-tzf2532\\\/\"]}]},{\"@type\":\"ImageObject\",\"inLanguage\":\"de\",\"@id\":\"https:\\\/\\\/disimi.hr\\\/de\\\/produkt\\\/torba-daisy-crna-dim-22x10x14-cm-tzf2532\\\/#primaryimage\",\"url\":\"https:\\\/\\\/disimi.hr\\\/wp-content\\\/uploads\\\/2025\\\/09\\\/tzf2532-W.jpg\",\"contentUrl\":\"https:\\\/\\\/disimi.hr\\\/wp-content\\\/uploads\\\/2025\\\/09\\\/tzf2532-W.jpg\",\"width\":800,\"height\":800},{\"@type\":\"BreadcrumbList\",\"@id\":\"https:\\\/\\\/disimi.hr\\\/de\\\/produkt\\\/torba-daisy-crna-dim-22x10x14-cm-tzf2532\\\/#breadcrumb\",\"itemListElement\":[{\"@type\":\"ListItem\",\"position\":1,\"name\":\"Po\u010detna stranica\",\"item\":\"https:\\\/\\\/disimi.hr\\\/de\\\/\"},{\"@type\":\"ListItem\",\"position\":2,\"name\":\"Produkte\",\"item\":\"https:\\\/\\\/disimi.hr\\\/de\\\/produkte\\\/\"},{\"@type\":\"ListItem\",\"position\":3,\"name\":\"Tasche \u201eDaisy\u201c, schwarz ger\u00e4uchert. 22 x 10 x 14 cm \u2013 TZF2532\"}]},{\"@type\":\"WebSite\",\"@id\":\"https:\\\/\\\/disimi.hr\\\/#website\",\"url\":\"https:\\\/\\\/disimi.hr\\\/\",\"name\":\"DISIMI?\",\"description\":\"Hrvatski brand i jedinstveni dizajn!\",\"publisher\":{\"@id\":\"https:\\\/\\\/disimi.hr\\\/#organization\"},\"potentialAction\":[{\"@type\":\"SearchAction\",\"target\":{\"@type\":\"EntryPoint\",\"urlTemplate\":\"https:\\\/\\\/disimi.hr\\\/?s={search_term_string}\"},\"query-input\":{\"@type\":\"PropertyValueSpecification\",\"valueRequired\":true,\"valueName\":\"search_term_string\"}}],\"inLanguage\":\"de\"},{\"@type\":\"Organization\",\"@id\":\"https:\\\/\\\/disimi.hr\\\/#organization\",\"name\":\"DiSiMi?\",\"url\":\"https:\\\/\\\/disimi.hr\\\/\",\"logo\":{\"@type\":\"ImageObject\",\"inLanguage\":\"de\",\"@id\":\"https:\\\/\\\/disimi.hr\\\/#\\\/schema\\\/logo\\\/image\\\/\",\"url\":\"https:\\\/\\\/disimi.hr\\\/wp-content\\\/uploads\\\/2022\\\/02\\\/logo2.jpg\",\"contentUrl\":\"https:\\\/\\\/disimi.hr\\\/wp-content\\\/uploads\\\/2022\\\/02\\\/logo2.jpg\",\"width\":250,\"height\":79,\"caption\":\"DiSiMi?\"},\"image\":{\"@id\":\"https:\\\/\\\/disimi.hr\\\/#\\\/schema\\\/logo\\\/image\\\/\"},\"sameAs\":[\"https:\\\/\\\/www.facebook.com\\\/DISIMI.hr\\\/\",\"https:\\\/\\\/www.instagram.com\\\/disimi.hr\\\/\"]}]}<\/script>\n<!-- \/ Yoast SEO plugin. -->","yoast_head_json":{"title":"Tasche \u201eDaisy\u201c, schwarz ger\u00e4uchert. 22 x 10 x 14 cm \u2013 TZF2532 - DISIMI?","robots":{"index":"index","follow":"follow","max-snippet":"max-snippet:-1","max-image-preview":"max-image-preview:large","max-video-preview":"max-video-preview:-1"},"canonical":"https:\/\/disimi.hr\/de\/produkt\/torba-daisy-crna-dim-22x10x14-cm-tzf2532\/","og_locale":"de_DE","og_type":"article","og_title":"Tasche \u201eDaisy\u201c, schwarz ger\u00e4uchert. 22 x 10 x 14 cm \u2013 TZF2532 - DISIMI?","og_description":"Eine Tasche mit interessanter Form!   Passt zu jedem Outfit und sorgt f\u00fcr einen l\u00e4ssigen Look!   Material: Polyurethan  Ma\u00dfe: 22 x 10 x 14 cm   Lackierter Rei\u00dfverschluss   Verstellbarer Schulterriemen bis zu 55 cm lang. Zus\u00e4tzlicher Riemen 28 cm hoch   Mit Futter. Innentasche mit Rei\u00dfverschluss.   Elegante Tasche mit Blume   Verleihen Sie Ihrem Stil mit dieser wundersch\u00f6nen Tasche der Marke \"DiSiMi?\" einen Hauch von Raffinesse. Sie ist aus hochwertigem Polyurethan gefertigt. Ihr modernes Design wird durch ein gemaltes Blumendetail in Schwarz-Wei\u00df mit goldenen Akzenten erg\u00e4nzt, was ihr einen einzigartigen und k\u00fcnstlerischen Look verleiht.   Diese Tasche ist die perfekte Wahl f\u00fcr alle Anl\u00e4sse \u2013 ob f\u00fcrs B\u00fcro, zum Kaffeetrinken oder f\u00fcr einen Abend in der Stadt. Heben Sie sich von der Masse ab und tragen Sie Kunst bei sich!   &nbsp;","og_url":"https:\/\/disimi.hr\/de\/produkt\/torba-daisy-crna-dim-22x10x14-cm-tzf2532\/","og_site_name":"DISIMI?","article_publisher":"https:\/\/www.facebook.com\/DISIMI.hr\/","article_modified_time":"2026-04-29T12:21:39+00:00","og_image":[{"width":800,"height":800,"url":"https:\/\/disimi.hr\/wp-content\/uploads\/2025\/09\/tzf2532-W.jpg","type":"image\/jpeg"}],"twitter_card":"summary_large_image","twitter_misc":{"Gesch\u00e4tzte Lesezeit":"2\u00a0Minute"},"schema":{"@context":"https:\/\/schema.org","@graph":[{"@type":"WebPage","@id":"https:\/\/disimi.hr\/de\/produkt\/torba-daisy-crna-dim-22x10x14-cm-tzf2532\/","url":"https:\/\/disimi.hr\/de\/produkt\/torba-daisy-crna-dim-22x10x14-cm-tzf2532\/","name":"Tasche \u201eDaisy\u201c, schwarz ger\u00e4uchert. 22 x 10 x 14 cm \u2013 TZF2532 - DISIMI?","isPartOf":{"@id":"https:\/\/disimi.hr\/#website"},"primaryImageOfPage":{"@id":"https:\/\/disimi.hr\/de\/produkt\/torba-daisy-crna-dim-22x10x14-cm-tzf2532\/#primaryimage"},"image":{"@id":"https:\/\/disimi.hr\/de\/produkt\/torba-daisy-crna-dim-22x10x14-cm-tzf2532\/#primaryimage"},"thumbnailUrl":"https:\/\/disimi.hr\/wp-content\/uploads\/2025\/09\/tzf2532-W.jpg","datePublished":"2025-09-04T08:49:55+00:00","dateModified":"2026-04-29T12:21:39+00:00","breadcrumb":{"@id":"https:\/\/disimi.hr\/de\/produkt\/torba-daisy-crna-dim-22x10x14-cm-tzf2532\/#breadcrumb"},"inLanguage":"de","potentialAction":[{"@type":"ReadAction","target":["https:\/\/disimi.hr\/de\/produkt\/torba-daisy-crna-dim-22x10x14-cm-tzf2532\/"]}]},{"@type":"ImageObject","inLanguage":"de","@id":"https:\/\/disimi.hr\/de\/produkt\/torba-daisy-crna-dim-22x10x14-cm-tzf2532\/#primaryimage","url":"https:\/\/disimi.hr\/wp-content\/uploads\/2025\/09\/tzf2532-W.jpg","contentUrl":"https:\/\/disimi.hr\/wp-content\/uploads\/2025\/09\/tzf2532-W.jpg","width":800,"height":800},{"@type":"BreadcrumbList","@id":"https:\/\/disimi.hr\/de\/produkt\/torba-daisy-crna-dim-22x10x14-cm-tzf2532\/#breadcrumb","itemListElement":[{"@type":"ListItem","position":1,"name":"Po\u010detna stranica","item":"https:\/\/disimi.hr\/de\/"},{"@type":"ListItem","position":2,"name":"Produkte","item":"https:\/\/disimi.hr\/de\/produkte\/"},{"@type":"ListItem","position":3,"name":"Tasche \u201eDaisy\u201c, schwarz ger\u00e4uchert. 22 x 10 x 14 cm \u2013 TZF2532"}]},{"@type":"WebSite","@id":"https:\/\/disimi.hr\/#website","url":"https:\/\/disimi.hr\/","name":"DISIMI?","description":"Hrvatski brand i jedinstveni dizajn!","publisher":{"@id":"https:\/\/disimi.hr\/#organization"},"potentialAction":[{"@type":"SearchAction","target":{"@type":"EntryPoint","urlTemplate":"https:\/\/disimi.hr\/?s={search_term_string}"},"query-input":{"@type":"PropertyValueSpecification","valueRequired":true,"valueName":"search_term_string"}}],"inLanguage":"de"},{"@type":"Organization","@id":"https:\/\/disimi.hr\/#organization","name":"DiSiMi?","url":"https:\/\/disimi.hr\/","logo":{"@type":"ImageObject","inLanguage":"de","@id":"https:\/\/disimi.hr\/#\/schema\/logo\/image\/","url":"https:\/\/disimi.hr\/wp-content\/uploads\/2022\/02\/logo2.jpg","contentUrl":"https:\/\/disimi.hr\/wp-content\/uploads\/2022\/02\/logo2.jpg","width":250,"height":79,"caption":"DiSiMi?"},"image":{"@id":"https:\/\/disimi.hr\/#\/schema\/logo\/image\/"},"sameAs":["https:\/\/www.facebook.com\/DISIMI.hr\/","https:\/\/www.instagram.com\/disimi.hr\/"]}]}},"_links":{"self":[{"href":"https:\/\/disimi.hr\/de\/wp-json\/wp\/v2\/product\/117556","targetHints":{"allow":["GET"]}}],"collection":[{"href":"https:\/\/disimi.hr\/de\/wp-json\/wp\/v2\/product"}],"about":[{"href":"https:\/\/disimi.hr\/de\/wp-json\/wp\/v2\/types\/product"}],"wp:featuredmedia":[{"embeddable":true,"href":"https:\/\/disimi.hr\/de\/wp-json\/wp\/v2\/media\/126843"}],"wp:attachment":[{"href":"https:\/\/disimi.hr\/de\/wp-json\/wp\/v2\/media?parent=117556"}],"wp:term":[{"taxonomy":"product_brand","embeddable":true,"href":"https:\/\/disimi.hr\/de\/wp-json\/wp\/v2\/product_brand?post=117556"},{"taxonomy":"product_cat","embeddable":true,"href":"https:\/\/disimi.hr\/de\/wp-json\/wp\/v2\/product_cat?post=117556"},{"taxonomy":"product_tag","embeddable":true,"href":"https:\/\/disimi.hr\/de\/wp-json\/wp\/v2\/product_tag?post=117556"}],"curies":[{"name":"wp","href":"https:\/\/api.w.org\/{rel}","templated":true}]}}