{"id":117540,"date":"2025-09-04T11:23:29","date_gmt":"2025-09-04T09:23:29","guid":{"rendered":"https:\/\/disimi.hr\/proizvod\/torba-avant-garde-crna-dim-38x46x17-cm-tzf2531\/"},"modified":"2026-05-06T10:31:59","modified_gmt":"2026-05-06T08:31:59","slug":"torba-avant-garde-crna-dim-38x46x17-cm-tzf2531","status":"publish","type":"product","link":"https:\/\/disimi.hr\/de\/produkt\/torba-avant-garde-crna-dim-38x46x17-cm-tzf2531\/","title":{"rendered":"Tasche \u201eAvant-Garde\u201c, schwarz ger\u00e4uchert. 38 x 46 x 17 cm \u2013 TZF2531"},"content":{"rendered":"<div class=\"wpb-content-wrapper\"><p>[vc_row][vc_column][vc_column_text css=&#8221;&#8221; woodmart_inline=&#8221;no&#8221; text_larger=&#8221;yes&#8221;] <\/p>\n<p style=\"text-align: center;\"><strong class=\"naslov-product-tekst\">Modische Accessoires, von denen wir uns nicht trennen k\u00f6nnen<\/strong><\/p>\n<p style=\"text-align: center;\">Eine Tasche in unserem unverkennbaren Design aus Polyester<\/p>\n<p style=\"text-align: center;\"><strong class=\"naslov-sesiri-tekst\">Das perfekte Geschenk \u2026 genau f\u00fcr Sie!<\/strong><\/p>\n<p style=\"text-align: center;\">\u2714<strong>Eine Tasche<\/strong>, die zu jeder Garderobe passt und f\u00fcr einen l\u00e4ssigen Look sorgt<\/p>\n<p style=\"text-align: center;\">\u2714<strong>Spart Geld<\/strong>: Trotz hoher Qualit\u00e4t ist der Preis f\u00fcr jeden erschwinglich. Budget.<\/p>\n<div class=\"product-glavni-tekst\">\n<p style=\"text-align: center;\">\u2714<strong> Modernes Design: Bei DiSiMi?-Taschen<\/strong> werden keine Kompromisse beim Design gemacht. Eine Tasche ist ein integraler Bestandteil der Identit\u00e4t einer Frau und muss daher das gewisse Etwas haben.<\/p>\n<p style=\"text-align: center;\">\u2714<strong> Was ist wichtiger als eine Tasche?<\/strong> Selbst wenn Frauen \u00fcber unbegrenzte finanzielle Mittel verf\u00fcgen w\u00fcrden, k\u00f6nnten sie sich sicherlich nicht alle Taschen leisten, die sie m\u00f6gen \u2013 und vor allem brauchen sie diese Taschen. Eine Tasche ist ein unverzichtbarer Bestandteil jedes gelungenen Outfits. Oftmals macht der Wechsel der Tasche den Unterschied in einem Outfit aus. Warum ist das so? Weil eine Tasche ein modisches Accessoire ist, das das Ganze abrundet, hervorsticht und somit Aufmerksamkeit erregt..<\/p>\n<\/div>\n<p>[\/vc_column_text][vc_row_inner][vc_column_inner width=&#8221;1\/2&#8243;][vc_single_image image=&#8221;2580&#8243; img_size=&#8221;full&#8221; alignment=&#8221;center&#8221; parallax_scroll=&#8221;no&#8221; woodmart_inline=&#8221;no&#8221;][\/vc_column_inner][vc_column_inner width=&#8221;1\/2&#8243;][vc_single_image image=&#8221;7452&#8243; img_size=&#8221;full&#8221; alignment=&#8221;center&#8221; parallax_scroll=&#8221;no&#8221; woodmart_inline=&#8221;no&#8221;][\/vc_column_inner][\/vc_row_inner][vc_row_inner][vc_column_inner][vc_column_text css=&#8221;&#8221; woodmart_inline=&#8221;no&#8221; text_larger=&#8221;no&#8221;] <\/p>\n<p style=\"text-align: center;\">Eine originelle Tasche mit unserem unverwechselbaren Design<\/p>\n<p style=\"text-align: center;\">Material: Polyester<br \/>\nMa\u00dfe: 37 x 33 x 8 cm<\/p>\n<p style=\"text-align: center;\">Wir sind fest davon \u00fcberzeugt, dass unsere Taschen von herausragender Qualit\u00e4t und mit einem exzellenten Design sind. Wir glauben so sehr an unser Produkt, dass wir sicher sind, dass es Sie begeistern wird. Sollten die DiSiMi?-Taschen Ihre Erwartungen nicht erf\u00fcllen, k\u00f6nnen Sie sie jederzeit zur\u00fcckgeben und wir erstatten Ihnen innerhalb der ersten 30 Tage den vollen Kaufpreis.<\/p>\n<p>[\/vc_column_text][\/vc_column_inner][\/vc_row_inner][\/vc_column][\/vc_row]<\/p>\n<\/div>","protected":false},"excerpt":{"rendered":"<p>Eine Tasche mit ungew\u00f6hnlicher Form! <\/p>\n<p>Passt zu jedem Outfit und sorgt f\u00fcr einen l\u00e4ssigen Look! <\/p>\n<p>Material: Polyester<br \/>\nMa\u00dfe: 38 x 46 x 17 cm <\/p>\n<p>Rei\u00dfverschluss <\/p>\n<p>Gef\u00fcttert. Innentasche mit Rei\u00dfverschluss. <\/p>\n<p><strong>Schwarze Hobo-Tasche<\/strong> <\/p>\n<p>Minimalistisch, modern und unglaublich praktisch \u2013 diese Hobo-Tasche ist das perfekte Accessoire f\u00fcr jeden Tag. Mit ihren weichen Linien und dem tiefen V-Ausschnitt vereint sie Komfort und Stil in einem schlichten, aber dennoch markanten Design. <\/p>\n<p><strong>Eigenschaften:<\/strong> <\/p>\n<ul>\n<li>Material: Leichtes und strapazierf\u00e4higes Polyester<\/li>\n<li>Farbe: Elegantes Schwarz<\/li>\n<li>Design: Hobo-Stil mit weiter \u00d6ffnung und kurzem Henkel<\/li>\n<li>Au\u00dfentasche vorne f\u00fcr schnellen Zugriff<\/li>\n<li>Innen: Ger\u00e4umig und praktisch f\u00fcr Alltagsgegenst\u00e4nde<\/li>\n<li>Dezent auf der Vorderseite platziertes Markenlogo<\/li>\n<li>Geeignet f\u00fcr: Alltag, Shopping, Stadtbummel oder Arbeit<\/li>\n<\/ul>\n<p>Diese zeitlose und vielseitig kombinierbare Tasche passt zu jedem Stil \u2013 von l\u00e4ssig bis elegant. Wenn Sie eine leichte, modische und funktionelle Tasche suchen, ist dies die richtige Wahl f\u00fcr Sie!<\/p>\n","protected":false},"featured_media":127016,"template":"","meta":[],"product_brand":[],"product_cat":[229,216],"product_tag":[],"class_list":{"0":"post-117540","1":"product","2":"type-product","3":"status-publish","4":"has-post-thumbnail","6":"product_cat-mode-taschen","7":"product_cat-taschen","9":"first","10":"instock","11":"featured","12":"taxable","13":"shipping-taxable","14":"purchasable","15":"product-type-simple"},"yoast_head":"<!-- This site is optimized with the Yoast SEO plugin v27.5 - https:\/\/yoast.com\/product\/yoast-seo-wordpress\/ -->\n<title>Tasche \u201eAvant-Garde\u201c, schwarz ger\u00e4uchert. 38 x 46 x 17 cm \u2013 TZF2531 - DISIMI?<\/title>\n<meta name=\"robots\" content=\"index, follow, max-snippet:-1, max-image-preview:large, max-video-preview:-1\" \/>\n<link rel=\"canonical\" href=\"https:\/\/disimi.hr\/de\/produkt\/torba-avant-garde-crna-dim-38x46x17-cm-tzf2531\/\" \/>\n<meta property=\"og:locale\" content=\"de_DE\" \/>\n<meta property=\"og:type\" content=\"article\" \/>\n<meta property=\"og:title\" content=\"Tasche \u201eAvant-Garde\u201c, schwarz ger\u00e4uchert. 38 x 46 x 17 cm \u2013 TZF2531 - DISIMI?\" \/>\n<meta property=\"og:description\" content=\"Eine Tasche mit ungew\u00f6hnlicher Form!   Passt zu jedem Outfit und sorgt f\u00fcr einen l\u00e4ssigen Look!   Material: Polyester  Ma\u00dfe: 38 x 46 x 17 cm   Rei\u00dfverschluss   Gef\u00fcttert. Innentasche mit Rei\u00dfverschluss.   Schwarze Hobo-Tasche   Minimalistisch, modern und unglaublich praktisch \u2013 diese Hobo-Tasche ist das perfekte Accessoire f\u00fcr jeden Tag. Mit ihren weichen Linien und dem tiefen V-Ausschnitt vereint sie Komfort und Stil in einem schlichten, aber dennoch markanten Design.   Eigenschaften:    Material: Leichtes und strapazierf\u00e4higes Polyester  Farbe: Elegantes Schwarz  Design: Hobo-Stil mit weiter \u00d6ffnung und kurzem Henkel  Au\u00dfentasche vorne f\u00fcr schnellen Zugriff  Innen: Ger\u00e4umig und praktisch f\u00fcr Alltagsgegenst\u00e4nde  Dezent auf der Vorderseite platziertes Markenlogo  Geeignet f\u00fcr: Alltag, Shopping, Stadtbummel oder Arbeit   Diese zeitlose und vielseitig kombinierbare Tasche passt zu jedem Stil \u2013 von l\u00e4ssig bis elegant. Wenn Sie eine leichte, modische und funktionelle Tasche suchen, ist dies die richtige Wahl f\u00fcr Sie!\" \/>\n<meta property=\"og:url\" content=\"https:\/\/disimi.hr\/de\/produkt\/torba-avant-garde-crna-dim-38x46x17-cm-tzf2531\/\" \/>\n<meta property=\"og:site_name\" content=\"DISIMI?\" \/>\n<meta property=\"article:publisher\" content=\"https:\/\/www.facebook.com\/DISIMI.hr\/\" \/>\n<meta property=\"article:modified_time\" content=\"2026-05-06T08:31:59+00:00\" \/>\n<meta property=\"og:image\" content=\"https:\/\/disimi.hr\/wp-content\/uploads\/2025\/09\/tzf2531-W.jpg\" \/>\n\t<meta property=\"og:image:width\" content=\"800\" \/>\n\t<meta property=\"og:image:height\" content=\"800\" \/>\n\t<meta property=\"og:image:type\" content=\"image\/jpeg\" \/>\n<meta name=\"twitter:card\" content=\"summary_large_image\" \/>\n<meta name=\"twitter:label1\" content=\"Gesch\u00e4tzte Lesezeit\" \/>\n\t<meta name=\"twitter:data1\" content=\"2\u00a0Minute\" \/>\n<script type=\"application\/ld+json\" class=\"yoast-schema-graph\">{\"@context\":\"https:\\\/\\\/schema.org\",\"@graph\":[{\"@type\":\"WebPage\",\"@id\":\"https:\\\/\\\/disimi.hr\\\/de\\\/produkt\\\/torba-avant-garde-crna-dim-38x46x17-cm-tzf2531\\\/\",\"url\":\"https:\\\/\\\/disimi.hr\\\/de\\\/produkt\\\/torba-avant-garde-crna-dim-38x46x17-cm-tzf2531\\\/\",\"name\":\"Tasche \u201eAvant-Garde\u201c, schwarz ger\u00e4uchert. 38 x 46 x 17 cm \u2013 TZF2531 - DISIMI?\",\"isPartOf\":{\"@id\":\"https:\\\/\\\/disimi.hr\\\/#website\"},\"primaryImageOfPage\":{\"@id\":\"https:\\\/\\\/disimi.hr\\\/de\\\/produkt\\\/torba-avant-garde-crna-dim-38x46x17-cm-tzf2531\\\/#primaryimage\"},\"image\":{\"@id\":\"https:\\\/\\\/disimi.hr\\\/de\\\/produkt\\\/torba-avant-garde-crna-dim-38x46x17-cm-tzf2531\\\/#primaryimage\"},\"thumbnailUrl\":\"https:\\\/\\\/disimi.hr\\\/wp-content\\\/uploads\\\/2025\\\/09\\\/tzf2531-W.jpg\",\"datePublished\":\"2025-09-04T09:23:29+00:00\",\"dateModified\":\"2026-05-06T08:31:59+00:00\",\"breadcrumb\":{\"@id\":\"https:\\\/\\\/disimi.hr\\\/de\\\/produkt\\\/torba-avant-garde-crna-dim-38x46x17-cm-tzf2531\\\/#breadcrumb\"},\"inLanguage\":\"de\",\"potentialAction\":[{\"@type\":\"ReadAction\",\"target\":[\"https:\\\/\\\/disimi.hr\\\/de\\\/produkt\\\/torba-avant-garde-crna-dim-38x46x17-cm-tzf2531\\\/\"]}]},{\"@type\":\"ImageObject\",\"inLanguage\":\"de\",\"@id\":\"https:\\\/\\\/disimi.hr\\\/de\\\/produkt\\\/torba-avant-garde-crna-dim-38x46x17-cm-tzf2531\\\/#primaryimage\",\"url\":\"https:\\\/\\\/disimi.hr\\\/wp-content\\\/uploads\\\/2025\\\/09\\\/tzf2531-W.jpg\",\"contentUrl\":\"https:\\\/\\\/disimi.hr\\\/wp-content\\\/uploads\\\/2025\\\/09\\\/tzf2531-W.jpg\",\"width\":800,\"height\":800},{\"@type\":\"BreadcrumbList\",\"@id\":\"https:\\\/\\\/disimi.hr\\\/de\\\/produkt\\\/torba-avant-garde-crna-dim-38x46x17-cm-tzf2531\\\/#breadcrumb\",\"itemListElement\":[{\"@type\":\"ListItem\",\"position\":1,\"name\":\"Po\u010detna stranica\",\"item\":\"https:\\\/\\\/disimi.hr\\\/de\\\/\"},{\"@type\":\"ListItem\",\"position\":2,\"name\":\"Produkte\",\"item\":\"https:\\\/\\\/disimi.hr\\\/de\\\/produkte\\\/\"},{\"@type\":\"ListItem\",\"position\":3,\"name\":\"Tasche \u201eAvant-Garde\u201c, schwarz ger\u00e4uchert. 38 x 46 x 17 cm \u2013 TZF2531\"}]},{\"@type\":\"WebSite\",\"@id\":\"https:\\\/\\\/disimi.hr\\\/#website\",\"url\":\"https:\\\/\\\/disimi.hr\\\/\",\"name\":\"DISIMI?\",\"description\":\"Hrvatski brand i jedinstveni dizajn!\",\"publisher\":{\"@id\":\"https:\\\/\\\/disimi.hr\\\/#organization\"},\"potentialAction\":[{\"@type\":\"SearchAction\",\"target\":{\"@type\":\"EntryPoint\",\"urlTemplate\":\"https:\\\/\\\/disimi.hr\\\/?s={search_term_string}\"},\"query-input\":{\"@type\":\"PropertyValueSpecification\",\"valueRequired\":true,\"valueName\":\"search_term_string\"}}],\"inLanguage\":\"de\"},{\"@type\":\"Organization\",\"@id\":\"https:\\\/\\\/disimi.hr\\\/#organization\",\"name\":\"DiSiMi?\",\"url\":\"https:\\\/\\\/disimi.hr\\\/\",\"logo\":{\"@type\":\"ImageObject\",\"inLanguage\":\"de\",\"@id\":\"https:\\\/\\\/disimi.hr\\\/#\\\/schema\\\/logo\\\/image\\\/\",\"url\":\"https:\\\/\\\/disimi.hr\\\/wp-content\\\/uploads\\\/2022\\\/02\\\/logo2.jpg\",\"contentUrl\":\"https:\\\/\\\/disimi.hr\\\/wp-content\\\/uploads\\\/2022\\\/02\\\/logo2.jpg\",\"width\":250,\"height\":79,\"caption\":\"DiSiMi?\"},\"image\":{\"@id\":\"https:\\\/\\\/disimi.hr\\\/#\\\/schema\\\/logo\\\/image\\\/\"},\"sameAs\":[\"https:\\\/\\\/www.facebook.com\\\/DISIMI.hr\\\/\",\"https:\\\/\\\/www.instagram.com\\\/disimi.hr\\\/\"]}]}<\/script>\n<!-- \/ Yoast SEO plugin. -->","yoast_head_json":{"title":"Tasche \u201eAvant-Garde\u201c, schwarz ger\u00e4uchert. 38 x 46 x 17 cm \u2013 TZF2531 - DISIMI?","robots":{"index":"index","follow":"follow","max-snippet":"max-snippet:-1","max-image-preview":"max-image-preview:large","max-video-preview":"max-video-preview:-1"},"canonical":"https:\/\/disimi.hr\/de\/produkt\/torba-avant-garde-crna-dim-38x46x17-cm-tzf2531\/","og_locale":"de_DE","og_type":"article","og_title":"Tasche \u201eAvant-Garde\u201c, schwarz ger\u00e4uchert. 38 x 46 x 17 cm \u2013 TZF2531 - DISIMI?","og_description":"Eine Tasche mit ungew\u00f6hnlicher Form!   Passt zu jedem Outfit und sorgt f\u00fcr einen l\u00e4ssigen Look!   Material: Polyester  Ma\u00dfe: 38 x 46 x 17 cm   Rei\u00dfverschluss   Gef\u00fcttert. Innentasche mit Rei\u00dfverschluss.   Schwarze Hobo-Tasche   Minimalistisch, modern und unglaublich praktisch \u2013 diese Hobo-Tasche ist das perfekte Accessoire f\u00fcr jeden Tag. Mit ihren weichen Linien und dem tiefen V-Ausschnitt vereint sie Komfort und Stil in einem schlichten, aber dennoch markanten Design.   Eigenschaften:    Material: Leichtes und strapazierf\u00e4higes Polyester  Farbe: Elegantes Schwarz  Design: Hobo-Stil mit weiter \u00d6ffnung und kurzem Henkel  Au\u00dfentasche vorne f\u00fcr schnellen Zugriff  Innen: Ger\u00e4umig und praktisch f\u00fcr Alltagsgegenst\u00e4nde  Dezent auf der Vorderseite platziertes Markenlogo  Geeignet f\u00fcr: Alltag, Shopping, Stadtbummel oder Arbeit   Diese zeitlose und vielseitig kombinierbare Tasche passt zu jedem Stil \u2013 von l\u00e4ssig bis elegant. Wenn Sie eine leichte, modische und funktionelle Tasche suchen, ist dies die richtige Wahl f\u00fcr Sie!","og_url":"https:\/\/disimi.hr\/de\/produkt\/torba-avant-garde-crna-dim-38x46x17-cm-tzf2531\/","og_site_name":"DISIMI?","article_publisher":"https:\/\/www.facebook.com\/DISIMI.hr\/","article_modified_time":"2026-05-06T08:31:59+00:00","og_image":[{"width":800,"height":800,"url":"https:\/\/disimi.hr\/wp-content\/uploads\/2025\/09\/tzf2531-W.jpg","type":"image\/jpeg"}],"twitter_card":"summary_large_image","twitter_misc":{"Gesch\u00e4tzte Lesezeit":"2\u00a0Minute"},"schema":{"@context":"https:\/\/schema.org","@graph":[{"@type":"WebPage","@id":"https:\/\/disimi.hr\/de\/produkt\/torba-avant-garde-crna-dim-38x46x17-cm-tzf2531\/","url":"https:\/\/disimi.hr\/de\/produkt\/torba-avant-garde-crna-dim-38x46x17-cm-tzf2531\/","name":"Tasche \u201eAvant-Garde\u201c, schwarz ger\u00e4uchert. 38 x 46 x 17 cm \u2013 TZF2531 - DISIMI?","isPartOf":{"@id":"https:\/\/disimi.hr\/#website"},"primaryImageOfPage":{"@id":"https:\/\/disimi.hr\/de\/produkt\/torba-avant-garde-crna-dim-38x46x17-cm-tzf2531\/#primaryimage"},"image":{"@id":"https:\/\/disimi.hr\/de\/produkt\/torba-avant-garde-crna-dim-38x46x17-cm-tzf2531\/#primaryimage"},"thumbnailUrl":"https:\/\/disimi.hr\/wp-content\/uploads\/2025\/09\/tzf2531-W.jpg","datePublished":"2025-09-04T09:23:29+00:00","dateModified":"2026-05-06T08:31:59+00:00","breadcrumb":{"@id":"https:\/\/disimi.hr\/de\/produkt\/torba-avant-garde-crna-dim-38x46x17-cm-tzf2531\/#breadcrumb"},"inLanguage":"de","potentialAction":[{"@type":"ReadAction","target":["https:\/\/disimi.hr\/de\/produkt\/torba-avant-garde-crna-dim-38x46x17-cm-tzf2531\/"]}]},{"@type":"ImageObject","inLanguage":"de","@id":"https:\/\/disimi.hr\/de\/produkt\/torba-avant-garde-crna-dim-38x46x17-cm-tzf2531\/#primaryimage","url":"https:\/\/disimi.hr\/wp-content\/uploads\/2025\/09\/tzf2531-W.jpg","contentUrl":"https:\/\/disimi.hr\/wp-content\/uploads\/2025\/09\/tzf2531-W.jpg","width":800,"height":800},{"@type":"BreadcrumbList","@id":"https:\/\/disimi.hr\/de\/produkt\/torba-avant-garde-crna-dim-38x46x17-cm-tzf2531\/#breadcrumb","itemListElement":[{"@type":"ListItem","position":1,"name":"Po\u010detna stranica","item":"https:\/\/disimi.hr\/de\/"},{"@type":"ListItem","position":2,"name":"Produkte","item":"https:\/\/disimi.hr\/de\/produkte\/"},{"@type":"ListItem","position":3,"name":"Tasche \u201eAvant-Garde\u201c, schwarz ger\u00e4uchert. 38 x 46 x 17 cm \u2013 TZF2531"}]},{"@type":"WebSite","@id":"https:\/\/disimi.hr\/#website","url":"https:\/\/disimi.hr\/","name":"DISIMI?","description":"Hrvatski brand i jedinstveni dizajn!","publisher":{"@id":"https:\/\/disimi.hr\/#organization"},"potentialAction":[{"@type":"SearchAction","target":{"@type":"EntryPoint","urlTemplate":"https:\/\/disimi.hr\/?s={search_term_string}"},"query-input":{"@type":"PropertyValueSpecification","valueRequired":true,"valueName":"search_term_string"}}],"inLanguage":"de"},{"@type":"Organization","@id":"https:\/\/disimi.hr\/#organization","name":"DiSiMi?","url":"https:\/\/disimi.hr\/","logo":{"@type":"ImageObject","inLanguage":"de","@id":"https:\/\/disimi.hr\/#\/schema\/logo\/image\/","url":"https:\/\/disimi.hr\/wp-content\/uploads\/2022\/02\/logo2.jpg","contentUrl":"https:\/\/disimi.hr\/wp-content\/uploads\/2022\/02\/logo2.jpg","width":250,"height":79,"caption":"DiSiMi?"},"image":{"@id":"https:\/\/disimi.hr\/#\/schema\/logo\/image\/"},"sameAs":["https:\/\/www.facebook.com\/DISIMI.hr\/","https:\/\/www.instagram.com\/disimi.hr\/"]}]}},"_links":{"self":[{"href":"https:\/\/disimi.hr\/de\/wp-json\/wp\/v2\/product\/117540","targetHints":{"allow":["GET"]}}],"collection":[{"href":"https:\/\/disimi.hr\/de\/wp-json\/wp\/v2\/product"}],"about":[{"href":"https:\/\/disimi.hr\/de\/wp-json\/wp\/v2\/types\/product"}],"wp:featuredmedia":[{"embeddable":true,"href":"https:\/\/disimi.hr\/de\/wp-json\/wp\/v2\/media\/127016"}],"wp:attachment":[{"href":"https:\/\/disimi.hr\/de\/wp-json\/wp\/v2\/media?parent=117540"}],"wp:term":[{"taxonomy":"product_brand","embeddable":true,"href":"https:\/\/disimi.hr\/de\/wp-json\/wp\/v2\/product_brand?post=117540"},{"taxonomy":"product_cat","embeddable":true,"href":"https:\/\/disimi.hr\/de\/wp-json\/wp\/v2\/product_cat?post=117540"},{"taxonomy":"product_tag","embeddable":true,"href":"https:\/\/disimi.hr\/de\/wp-json\/wp\/v2\/product_tag?post=117540"}],"curies":[{"name":"wp","href":"https:\/\/api.w.org\/{rel}","templated":true}]}}