{"id":117503,"date":"2025-09-18T14:24:57","date_gmt":"2025-09-18T12:24:57","guid":{"rendered":"https:\/\/disimi.hr\/proizvod\/kisobran-crni-s-volancicima-cute-black-kis2500\/"},"modified":"2026-04-17T13:10:38","modified_gmt":"2026-04-17T11:10:38","slug":"kisobran-crni-s-volancicima-cute-black-kis2500","status":"publish","type":"product","link":"https:\/\/disimi.hr\/de\/produkt\/kisobran-crni-s-volancicima-cute-black-kis2500\/","title":{"rendered":"Schwarzer Regenschirm mit R\u00fcschen \u201eCute Black\u201c \u2013 KIS2500"},"content":{"rendered":"<p><\/p>\n","protected":false},"excerpt":{"rendered":"<p><strong>Schwarzer Regenschirm mit R\u00fcschen<\/strong> <\/p>\n<p>Vergessen Sie langweilige, schlichte Regenschirme \u2013 dieser elegante schwarze Regenschirm mit R\u00fcschen ist die perfekte Wahl f\u00fcr Frauen, die auch an regnerischen Tagen einen Hauch von Glamour verspr\u00fchen m\u00f6chten. Romantische R\u00fcschen am Rand und ein dekoratives Detail an der Oberseite verleihen ihm einen besonderen, femininen Charme, w\u00e4hrend die robuste Konstruktion zuverl\u00e4ssigen Schutz vor Regen und Wind gew\u00e4hrleistet. Dank seiner kompakten Form passt er problemlos in jede Tasche und ist somit immer griffbereit. Ob auf dem Weg zur Arbeit, beim Kaffeetrinken mit Freunden oder beim Ausgehen \u2013 dieser Regenschirm ist Ihr modischer Begleiter und praktischer Schutz. <\/p>\n<p><strong>Gefalteter Regenschirm in der Tasche<\/strong> <\/p>\n<p>Praktikabilit\u00e4t und Eleganz vereint! Bei Nichtgebrauch l\u00e4sst sich dieser Regenschirm einfach zusammenfalten und in der mitgelieferten Tasche verstauen. Er ben\u00f6tigt nur minimalen Platz und besticht durch seine elegante \u00c4sthetik mit schwarzen R\u00fcschen. Sie m\u00fcssen sich nicht l\u00e4nger zwischen Funktionalit\u00e4t und Stil entscheiden \u2013 mit diesem Regenschirm bekommen Sie beides. Jedes Detail wurde f\u00fcr Frauen entworfen, die Wert auf ein elegantes Aussehen legen und gleichzeitig praktische L\u00f6sungen f\u00fcr den Alltag sch\u00e4tzen. <\/p>\n<p>Regenschirmtyp: Faltbarer Designer-Regenschirm <\/p>\n<p>Durchmesser des ge\u00f6ffneten Schirms: 101 cm <\/p>\n<p>H\u00f6he des ge\u00f6ffneten Schirms: 57 cm <\/p>\n<p>H\u00f6he des geschlossenen Schirms: 27 cm <\/p>\n<p>Anzahl der B\u00e4nder: 8 <\/p>\n<p>\u00d6ffnen und Schlie\u00dfen: manuell <\/p>\n<p>&nbsp;<\/p>\n","protected":false},"featured_media":125578,"template":"","meta":[],"product_brand":[],"product_cat":[220,219],"product_tag":[],"class_list":{"0":"post-117503","1":"product","2":"type-product","3":"status-publish","4":"has-post-thumbnail","6":"product_cat-kleine","7":"product_cat-regenschirme","9":"first","10":"instock","11":"featured","12":"taxable","13":"shipping-taxable","14":"purchasable","15":"product-type-simple"},"yoast_head":"<!-- This site is optimized with the Yoast SEO plugin v27.5 - https:\/\/yoast.com\/product\/yoast-seo-wordpress\/ -->\n<title>Schwarzer Regenschirm mit R\u00fcschen \u201eCute Black\u201c \u2013 KIS2500 - DISIMI?<\/title>\n<meta name=\"robots\" content=\"index, follow, max-snippet:-1, max-image-preview:large, max-video-preview:-1\" \/>\n<link rel=\"canonical\" href=\"https:\/\/disimi.hr\/de\/produkt\/kisobran-crni-s-volancicima-cute-black-kis2500\/\" \/>\n<meta property=\"og:locale\" content=\"de_DE\" \/>\n<meta property=\"og:type\" content=\"article\" \/>\n<meta property=\"og:title\" content=\"Schwarzer Regenschirm mit R\u00fcschen \u201eCute Black\u201c \u2013 KIS2500 - DISIMI?\" \/>\n<meta property=\"og:description\" content=\"Schwarzer Regenschirm mit R\u00fcschen  Vergessen Sie langweilige, schlichte Regenschirme \u2013 dieser elegante schwarze Regenschirm mit R\u00fcschen ist die perfekte Wahl f\u00fcr Frauen, die auch an regnerischen Tagen einen Hauch von Glamour verspr\u00fchen m\u00f6chten. Romantische R\u00fcschen am Rand und ein dekoratives Detail an der Oberseite verleihen ihm einen besonderen, femininen Charme, w\u00e4hrend die robuste Konstruktion zuverl\u00e4ssigen Schutz vor Regen und Wind gew\u00e4hrleistet. Dank seiner kompakten Form passt er problemlos in jede Tasche und ist somit immer griffbereit. Ob auf dem Weg zur Arbeit, beim Kaffeetrinken mit Freunden oder beim Ausgehen \u2013 dieser Regenschirm ist Ihr modischer Begleiter und praktischer Schutz.  Gefalteter Regenschirm in der Tasche  Praktikabilit\u00e4t und Eleganz vereint! Bei Nichtgebrauch l\u00e4sst sich dieser Regenschirm einfach zusammenfalten und in der mitgelieferten Tasche verstauen. Er ben\u00f6tigt nur minimalen Platz und besticht durch seine elegante \u00c4sthetik mit schwarzen R\u00fcschen. Sie m\u00fcssen sich nicht l\u00e4nger zwischen Funktionalit\u00e4t und Stil entscheiden \u2013 mit diesem Regenschirm bekommen Sie beides. Jedes Detail wurde f\u00fcr Frauen entworfen, die Wert auf ein elegantes Aussehen legen und gleichzeitig praktische L\u00f6sungen f\u00fcr den Alltag sch\u00e4tzen.  Regenschirmtyp: Faltbarer Designer-Regenschirm  Durchmesser des ge\u00f6ffneten Schirms: 101 cm  H\u00f6he des ge\u00f6ffneten Schirms: 57 cm  H\u00f6he des geschlossenen Schirms: 27 cm  Anzahl der B\u00e4nder: 8  \u00d6ffnen und Schlie\u00dfen: manuell  &nbsp;\" \/>\n<meta property=\"og:url\" content=\"https:\/\/disimi.hr\/de\/produkt\/kisobran-crni-s-volancicima-cute-black-kis2500\/\" \/>\n<meta property=\"og:site_name\" content=\"DISIMI?\" \/>\n<meta property=\"article:publisher\" content=\"https:\/\/www.facebook.com\/DISIMI.hr\/\" \/>\n<meta property=\"article:modified_time\" content=\"2026-04-17T11:10:38+00:00\" \/>\n<meta property=\"og:image\" content=\"https:\/\/disimi.hr\/wp-content\/uploads\/2025\/09\/KIS2500-W.jpg\" \/>\n\t<meta property=\"og:image:width\" content=\"800\" \/>\n\t<meta property=\"og:image:height\" content=\"800\" \/>\n\t<meta property=\"og:image:type\" content=\"image\/jpeg\" \/>\n<meta name=\"twitter:card\" content=\"summary_large_image\" \/>\n<script type=\"application\/ld+json\" class=\"yoast-schema-graph\">{\"@context\":\"https:\\\/\\\/schema.org\",\"@graph\":[{\"@type\":\"WebPage\",\"@id\":\"https:\\\/\\\/disimi.hr\\\/de\\\/produkt\\\/kisobran-crni-s-volancicima-cute-black-kis2500\\\/\",\"url\":\"https:\\\/\\\/disimi.hr\\\/de\\\/produkt\\\/kisobran-crni-s-volancicima-cute-black-kis2500\\\/\",\"name\":\"Schwarzer Regenschirm mit R\u00fcschen \u201eCute Black\u201c \u2013 KIS2500 - DISIMI?\",\"isPartOf\":{\"@id\":\"https:\\\/\\\/disimi.hr\\\/#website\"},\"primaryImageOfPage\":{\"@id\":\"https:\\\/\\\/disimi.hr\\\/de\\\/produkt\\\/kisobran-crni-s-volancicima-cute-black-kis2500\\\/#primaryimage\"},\"image\":{\"@id\":\"https:\\\/\\\/disimi.hr\\\/de\\\/produkt\\\/kisobran-crni-s-volancicima-cute-black-kis2500\\\/#primaryimage\"},\"thumbnailUrl\":\"https:\\\/\\\/disimi.hr\\\/wp-content\\\/uploads\\\/2025\\\/09\\\/KIS2500-W.jpg\",\"datePublished\":\"2025-09-18T12:24:57+00:00\",\"dateModified\":\"2026-04-17T11:10:38+00:00\",\"breadcrumb\":{\"@id\":\"https:\\\/\\\/disimi.hr\\\/de\\\/produkt\\\/kisobran-crni-s-volancicima-cute-black-kis2500\\\/#breadcrumb\"},\"inLanguage\":\"de\",\"potentialAction\":[{\"@type\":\"ReadAction\",\"target\":[\"https:\\\/\\\/disimi.hr\\\/de\\\/produkt\\\/kisobran-crni-s-volancicima-cute-black-kis2500\\\/\"]}]},{\"@type\":\"ImageObject\",\"inLanguage\":\"de\",\"@id\":\"https:\\\/\\\/disimi.hr\\\/de\\\/produkt\\\/kisobran-crni-s-volancicima-cute-black-kis2500\\\/#primaryimage\",\"url\":\"https:\\\/\\\/disimi.hr\\\/wp-content\\\/uploads\\\/2025\\\/09\\\/KIS2500-W.jpg\",\"contentUrl\":\"https:\\\/\\\/disimi.hr\\\/wp-content\\\/uploads\\\/2025\\\/09\\\/KIS2500-W.jpg\",\"width\":800,\"height\":800},{\"@type\":\"BreadcrumbList\",\"@id\":\"https:\\\/\\\/disimi.hr\\\/de\\\/produkt\\\/kisobran-crni-s-volancicima-cute-black-kis2500\\\/#breadcrumb\",\"itemListElement\":[{\"@type\":\"ListItem\",\"position\":1,\"name\":\"Po\u010detna stranica\",\"item\":\"https:\\\/\\\/disimi.hr\\\/de\\\/\"},{\"@type\":\"ListItem\",\"position\":2,\"name\":\"Produkte\",\"item\":\"https:\\\/\\\/disimi.hr\\\/de\\\/produkte\\\/\"},{\"@type\":\"ListItem\",\"position\":3,\"name\":\"Schwarzer Regenschirm mit R\u00fcschen \u201eCute Black\u201c \u2013 KIS2500\"}]},{\"@type\":\"WebSite\",\"@id\":\"https:\\\/\\\/disimi.hr\\\/#website\",\"url\":\"https:\\\/\\\/disimi.hr\\\/\",\"name\":\"DISIMI?\",\"description\":\"Hrvatski brand i jedinstveni dizajn!\",\"publisher\":{\"@id\":\"https:\\\/\\\/disimi.hr\\\/#organization\"},\"potentialAction\":[{\"@type\":\"SearchAction\",\"target\":{\"@type\":\"EntryPoint\",\"urlTemplate\":\"https:\\\/\\\/disimi.hr\\\/?s={search_term_string}\"},\"query-input\":{\"@type\":\"PropertyValueSpecification\",\"valueRequired\":true,\"valueName\":\"search_term_string\"}}],\"inLanguage\":\"de\"},{\"@type\":\"Organization\",\"@id\":\"https:\\\/\\\/disimi.hr\\\/#organization\",\"name\":\"DiSiMi?\",\"url\":\"https:\\\/\\\/disimi.hr\\\/\",\"logo\":{\"@type\":\"ImageObject\",\"inLanguage\":\"de\",\"@id\":\"https:\\\/\\\/disimi.hr\\\/#\\\/schema\\\/logo\\\/image\\\/\",\"url\":\"https:\\\/\\\/disimi.hr\\\/wp-content\\\/uploads\\\/2022\\\/02\\\/logo2.jpg\",\"contentUrl\":\"https:\\\/\\\/disimi.hr\\\/wp-content\\\/uploads\\\/2022\\\/02\\\/logo2.jpg\",\"width\":250,\"height\":79,\"caption\":\"DiSiMi?\"},\"image\":{\"@id\":\"https:\\\/\\\/disimi.hr\\\/#\\\/schema\\\/logo\\\/image\\\/\"},\"sameAs\":[\"https:\\\/\\\/www.facebook.com\\\/DISIMI.hr\\\/\",\"https:\\\/\\\/www.instagram.com\\\/disimi.hr\\\/\"]}]}<\/script>\n<!-- \/ Yoast SEO plugin. -->","yoast_head_json":{"title":"Schwarzer Regenschirm mit R\u00fcschen \u201eCute Black\u201c \u2013 KIS2500 - DISIMI?","robots":{"index":"index","follow":"follow","max-snippet":"max-snippet:-1","max-image-preview":"max-image-preview:large","max-video-preview":"max-video-preview:-1"},"canonical":"https:\/\/disimi.hr\/de\/produkt\/kisobran-crni-s-volancicima-cute-black-kis2500\/","og_locale":"de_DE","og_type":"article","og_title":"Schwarzer Regenschirm mit R\u00fcschen \u201eCute Black\u201c \u2013 KIS2500 - DISIMI?","og_description":"Schwarzer Regenschirm mit R\u00fcschen  Vergessen Sie langweilige, schlichte Regenschirme \u2013 dieser elegante schwarze Regenschirm mit R\u00fcschen ist die perfekte Wahl f\u00fcr Frauen, die auch an regnerischen Tagen einen Hauch von Glamour verspr\u00fchen m\u00f6chten. Romantische R\u00fcschen am Rand und ein dekoratives Detail an der Oberseite verleihen ihm einen besonderen, femininen Charme, w\u00e4hrend die robuste Konstruktion zuverl\u00e4ssigen Schutz vor Regen und Wind gew\u00e4hrleistet. Dank seiner kompakten Form passt er problemlos in jede Tasche und ist somit immer griffbereit. Ob auf dem Weg zur Arbeit, beim Kaffeetrinken mit Freunden oder beim Ausgehen \u2013 dieser Regenschirm ist Ihr modischer Begleiter und praktischer Schutz.  Gefalteter Regenschirm in der Tasche  Praktikabilit\u00e4t und Eleganz vereint! Bei Nichtgebrauch l\u00e4sst sich dieser Regenschirm einfach zusammenfalten und in der mitgelieferten Tasche verstauen. Er ben\u00f6tigt nur minimalen Platz und besticht durch seine elegante \u00c4sthetik mit schwarzen R\u00fcschen. Sie m\u00fcssen sich nicht l\u00e4nger zwischen Funktionalit\u00e4t und Stil entscheiden \u2013 mit diesem Regenschirm bekommen Sie beides. Jedes Detail wurde f\u00fcr Frauen entworfen, die Wert auf ein elegantes Aussehen legen und gleichzeitig praktische L\u00f6sungen f\u00fcr den Alltag sch\u00e4tzen.  Regenschirmtyp: Faltbarer Designer-Regenschirm  Durchmesser des ge\u00f6ffneten Schirms: 101 cm  H\u00f6he des ge\u00f6ffneten Schirms: 57 cm  H\u00f6he des geschlossenen Schirms: 27 cm  Anzahl der B\u00e4nder: 8  \u00d6ffnen und Schlie\u00dfen: manuell  &nbsp;","og_url":"https:\/\/disimi.hr\/de\/produkt\/kisobran-crni-s-volancicima-cute-black-kis2500\/","og_site_name":"DISIMI?","article_publisher":"https:\/\/www.facebook.com\/DISIMI.hr\/","article_modified_time":"2026-04-17T11:10:38+00:00","og_image":[{"width":800,"height":800,"url":"https:\/\/disimi.hr\/wp-content\/uploads\/2025\/09\/KIS2500-W.jpg","type":"image\/jpeg"}],"twitter_card":"summary_large_image","schema":{"@context":"https:\/\/schema.org","@graph":[{"@type":"WebPage","@id":"https:\/\/disimi.hr\/de\/produkt\/kisobran-crni-s-volancicima-cute-black-kis2500\/","url":"https:\/\/disimi.hr\/de\/produkt\/kisobran-crni-s-volancicima-cute-black-kis2500\/","name":"Schwarzer Regenschirm mit R\u00fcschen \u201eCute Black\u201c \u2013 KIS2500 - DISIMI?","isPartOf":{"@id":"https:\/\/disimi.hr\/#website"},"primaryImageOfPage":{"@id":"https:\/\/disimi.hr\/de\/produkt\/kisobran-crni-s-volancicima-cute-black-kis2500\/#primaryimage"},"image":{"@id":"https:\/\/disimi.hr\/de\/produkt\/kisobran-crni-s-volancicima-cute-black-kis2500\/#primaryimage"},"thumbnailUrl":"https:\/\/disimi.hr\/wp-content\/uploads\/2025\/09\/KIS2500-W.jpg","datePublished":"2025-09-18T12:24:57+00:00","dateModified":"2026-04-17T11:10:38+00:00","breadcrumb":{"@id":"https:\/\/disimi.hr\/de\/produkt\/kisobran-crni-s-volancicima-cute-black-kis2500\/#breadcrumb"},"inLanguage":"de","potentialAction":[{"@type":"ReadAction","target":["https:\/\/disimi.hr\/de\/produkt\/kisobran-crni-s-volancicima-cute-black-kis2500\/"]}]},{"@type":"ImageObject","inLanguage":"de","@id":"https:\/\/disimi.hr\/de\/produkt\/kisobran-crni-s-volancicima-cute-black-kis2500\/#primaryimage","url":"https:\/\/disimi.hr\/wp-content\/uploads\/2025\/09\/KIS2500-W.jpg","contentUrl":"https:\/\/disimi.hr\/wp-content\/uploads\/2025\/09\/KIS2500-W.jpg","width":800,"height":800},{"@type":"BreadcrumbList","@id":"https:\/\/disimi.hr\/de\/produkt\/kisobran-crni-s-volancicima-cute-black-kis2500\/#breadcrumb","itemListElement":[{"@type":"ListItem","position":1,"name":"Po\u010detna stranica","item":"https:\/\/disimi.hr\/de\/"},{"@type":"ListItem","position":2,"name":"Produkte","item":"https:\/\/disimi.hr\/de\/produkte\/"},{"@type":"ListItem","position":3,"name":"Schwarzer Regenschirm mit R\u00fcschen \u201eCute Black\u201c \u2013 KIS2500"}]},{"@type":"WebSite","@id":"https:\/\/disimi.hr\/#website","url":"https:\/\/disimi.hr\/","name":"DISIMI?","description":"Hrvatski brand i jedinstveni dizajn!","publisher":{"@id":"https:\/\/disimi.hr\/#organization"},"potentialAction":[{"@type":"SearchAction","target":{"@type":"EntryPoint","urlTemplate":"https:\/\/disimi.hr\/?s={search_term_string}"},"query-input":{"@type":"PropertyValueSpecification","valueRequired":true,"valueName":"search_term_string"}}],"inLanguage":"de"},{"@type":"Organization","@id":"https:\/\/disimi.hr\/#organization","name":"DiSiMi?","url":"https:\/\/disimi.hr\/","logo":{"@type":"ImageObject","inLanguage":"de","@id":"https:\/\/disimi.hr\/#\/schema\/logo\/image\/","url":"https:\/\/disimi.hr\/wp-content\/uploads\/2022\/02\/logo2.jpg","contentUrl":"https:\/\/disimi.hr\/wp-content\/uploads\/2022\/02\/logo2.jpg","width":250,"height":79,"caption":"DiSiMi?"},"image":{"@id":"https:\/\/disimi.hr\/#\/schema\/logo\/image\/"},"sameAs":["https:\/\/www.facebook.com\/DISIMI.hr\/","https:\/\/www.instagram.com\/disimi.hr\/"]}]}},"_links":{"self":[{"href":"https:\/\/disimi.hr\/de\/wp-json\/wp\/v2\/product\/117503","targetHints":{"allow":["GET"]}}],"collection":[{"href":"https:\/\/disimi.hr\/de\/wp-json\/wp\/v2\/product"}],"about":[{"href":"https:\/\/disimi.hr\/de\/wp-json\/wp\/v2\/types\/product"}],"wp:featuredmedia":[{"embeddable":true,"href":"https:\/\/disimi.hr\/de\/wp-json\/wp\/v2\/media\/125578"}],"wp:attachment":[{"href":"https:\/\/disimi.hr\/de\/wp-json\/wp\/v2\/media?parent=117503"}],"wp:term":[{"taxonomy":"product_brand","embeddable":true,"href":"https:\/\/disimi.hr\/de\/wp-json\/wp\/v2\/product_brand?post=117503"},{"taxonomy":"product_cat","embeddable":true,"href":"https:\/\/disimi.hr\/de\/wp-json\/wp\/v2\/product_cat?post=117503"},{"taxonomy":"product_tag","embeddable":true,"href":"https:\/\/disimi.hr\/de\/wp-json\/wp\/v2\/product_tag?post=117503"}],"curies":[{"name":"wp","href":"https:\/\/api.w.org\/{rel}","templated":true}]}}