{"id":117498,"date":"2025-09-18T14:32:31","date_gmt":"2025-09-18T12:32:31","guid":{"rendered":"https:\/\/disimi.hr\/proizvod\/kisobran-bez-zlatni-s-volancicima-cute-goldy-kis2501\/"},"modified":"2026-04-20T12:08:37","modified_gmt":"2026-04-20T10:08:37","slug":"kisobran-bez-zlatni-s-volancicima-cute-goldy-kis2501","status":"publish","type":"product","link":"https:\/\/disimi.hr\/de\/produkt\/kisobran-bez-zlatni-s-volancicima-cute-goldy-kis2501\/","title":{"rendered":"Regenschirm beige\/gold mit R\u00fcschen &#8220;Cute Goldy&#8221; &#8211; KIS2501"},"content":{"rendered":"","protected":false},"excerpt":{"rendered":"<p><strong>Beige\/Goldener Regenschirm mit R\u00fcschen<\/strong> <\/p>\n<p>Dieser beige Regenschirm mit raffinierten schwarzen R\u00fcschen vereint klassische Eleganz mit modernem Stil. Seine neutrale Farbe passt m\u00fchelos zu jedem Outfit, w\u00e4hrend feminine Details einen Hauch von Romantik verleihen. Die leichte und robuste Konstruktion erm\u00f6glicht eine einfache Handhabung, und der praktische Beutel erleichtert Transport und Aufbewahrung. Er ist perfekt f\u00fcr Frauen, die bei jeder Gelegenheit stilvoll aussehen m\u00f6chten \u2013 selbst bei bew\u00f6lktem Himmel. Regen ist kein Hindernis mehr, sondern eine Gelegenheit, Ihren Stil zu pr\u00e4sentieren. <\/p>\n<p><strong>Gefalteter Regenschirm im Beutel<\/strong> <\/p>\n<p>Praktikabilit\u00e4t und Eleganz vereint! Bei Nichtgebrauch l\u00e4sst sich dieser Regenschirm einfach zusammenfalten und im Beutel verstauen. Er ben\u00f6tigt nur minimalen Platz und seine elegante \u00c4sthetik mit schwarzen R\u00fcschen hinterl\u00e4sst einen starken Eindruck. Sie m\u00fcssen sich nicht mehr zwischen Funktionalit\u00e4t und Stil entscheiden \u2013 mit diesem Regenschirm erhalten Sie beides. Jedes Detail wurde f\u00fcr Frauen entworfen, die Wert auf ein elegantes Erscheinungsbild legen und gleichzeitig praktische L\u00f6sungen f\u00fcr den Alltag sch\u00e4tzen. <\/p>\n<p>Regenschirmtyp: Faltbarer Designer-Regenschirm <\/p>\n<p>Durchmesser des ge\u00f6ffneten Schirms: 101 cm <\/p>\n<p>H\u00f6he des ge\u00f6ffneten Schirms: 57 cm <\/p>\n<p>H\u00f6he des geschlossenen Schirms: 27 cm <\/p>\n<p>Anzahl der Dr\u00e4hte: 8 <\/p>\n<p>\u00d6ffnung und Schlie\u00dfung: manuell <\/p>\n<p>&nbsp;<\/p>\n","protected":false},"featured_media":125616,"template":"","meta":[],"product_brand":[],"product_cat":[220,219],"product_tag":[],"class_list":{"0":"post-117498","1":"product","2":"type-product","3":"status-publish","4":"has-post-thumbnail","6":"product_cat-kleine","7":"product_cat-regenschirme","9":"first","10":"instock","11":"featured","12":"taxable","13":"shipping-taxable","14":"purchasable","15":"product-type-simple"},"yoast_head":"<!-- This site is optimized with the Yoast SEO plugin v27.5 - https:\/\/yoast.com\/product\/yoast-seo-wordpress\/ -->\n<title>Regenschirm beige\/gold mit R\u00fcschen &quot;Cute Goldy&quot; - KIS2501 - DISIMI?<\/title>\n<meta name=\"robots\" content=\"index, follow, max-snippet:-1, max-image-preview:large, max-video-preview:-1\" \/>\n<link rel=\"canonical\" href=\"https:\/\/disimi.hr\/de\/produkt\/kisobran-bez-zlatni-s-volancicima-cute-goldy-kis2501\/\" \/>\n<meta property=\"og:locale\" content=\"de_DE\" \/>\n<meta property=\"og:type\" content=\"article\" \/>\n<meta property=\"og:title\" content=\"Regenschirm beige\/gold mit R\u00fcschen &quot;Cute Goldy&quot; - KIS2501 - DISIMI?\" \/>\n<meta property=\"og:description\" content=\"Beige\/Goldener Regenschirm mit R\u00fcschen  Dieser beige Regenschirm mit raffinierten schwarzen R\u00fcschen vereint klassische Eleganz mit modernem Stil. Seine neutrale Farbe passt m\u00fchelos zu jedem Outfit, w\u00e4hrend feminine Details einen Hauch von Romantik verleihen. Die leichte und robuste Konstruktion erm\u00f6glicht eine einfache Handhabung, und der praktische Beutel erleichtert Transport und Aufbewahrung. Er ist perfekt f\u00fcr Frauen, die bei jeder Gelegenheit stilvoll aussehen m\u00f6chten \u2013 selbst bei bew\u00f6lktem Himmel. Regen ist kein Hindernis mehr, sondern eine Gelegenheit, Ihren Stil zu pr\u00e4sentieren.  Gefalteter Regenschirm im Beutel  Praktikabilit\u00e4t und Eleganz vereint! Bei Nichtgebrauch l\u00e4sst sich dieser Regenschirm einfach zusammenfalten und im Beutel verstauen. Er ben\u00f6tigt nur minimalen Platz und seine elegante \u00c4sthetik mit schwarzen R\u00fcschen hinterl\u00e4sst einen starken Eindruck. Sie m\u00fcssen sich nicht mehr zwischen Funktionalit\u00e4t und Stil entscheiden \u2013 mit diesem Regenschirm erhalten Sie beides. Jedes Detail wurde f\u00fcr Frauen entworfen, die Wert auf ein elegantes Erscheinungsbild legen und gleichzeitig praktische L\u00f6sungen f\u00fcr den Alltag sch\u00e4tzen.  Regenschirmtyp: Faltbarer Designer-Regenschirm  Durchmesser des ge\u00f6ffneten Schirms: 101 cm  H\u00f6he des ge\u00f6ffneten Schirms: 57 cm  H\u00f6he des geschlossenen Schirms: 27 cm  Anzahl der Dr\u00e4hte: 8  \u00d6ffnung und Schlie\u00dfung: manuell  &nbsp;\" \/>\n<meta property=\"og:url\" content=\"https:\/\/disimi.hr\/de\/produkt\/kisobran-bez-zlatni-s-volancicima-cute-goldy-kis2501\/\" \/>\n<meta property=\"og:site_name\" content=\"DISIMI?\" \/>\n<meta property=\"article:publisher\" content=\"https:\/\/www.facebook.com\/DISIMI.hr\/\" \/>\n<meta property=\"article:modified_time\" content=\"2026-04-20T10:08:37+00:00\" \/>\n<meta property=\"og:image\" content=\"https:\/\/disimi.hr\/wp-content\/uploads\/2025\/09\/KIS2501-W.jpg\" \/>\n\t<meta property=\"og:image:width\" content=\"800\" \/>\n\t<meta property=\"og:image:height\" content=\"800\" \/>\n\t<meta property=\"og:image:type\" content=\"image\/jpeg\" \/>\n<meta name=\"twitter:card\" content=\"summary_large_image\" \/>\n<script type=\"application\/ld+json\" class=\"yoast-schema-graph\">{\"@context\":\"https:\\\/\\\/schema.org\",\"@graph\":[{\"@type\":\"WebPage\",\"@id\":\"https:\\\/\\\/disimi.hr\\\/de\\\/produkt\\\/kisobran-bez-zlatni-s-volancicima-cute-goldy-kis2501\\\/\",\"url\":\"https:\\\/\\\/disimi.hr\\\/de\\\/produkt\\\/kisobran-bez-zlatni-s-volancicima-cute-goldy-kis2501\\\/\",\"name\":\"Regenschirm beige\\\/gold mit R\u00fcschen \\\"Cute Goldy\\\" - KIS2501 - DISIMI?\",\"isPartOf\":{\"@id\":\"https:\\\/\\\/disimi.hr\\\/#website\"},\"primaryImageOfPage\":{\"@id\":\"https:\\\/\\\/disimi.hr\\\/de\\\/produkt\\\/kisobran-bez-zlatni-s-volancicima-cute-goldy-kis2501\\\/#primaryimage\"},\"image\":{\"@id\":\"https:\\\/\\\/disimi.hr\\\/de\\\/produkt\\\/kisobran-bez-zlatni-s-volancicima-cute-goldy-kis2501\\\/#primaryimage\"},\"thumbnailUrl\":\"https:\\\/\\\/disimi.hr\\\/wp-content\\\/uploads\\\/2025\\\/09\\\/KIS2501-W.jpg\",\"datePublished\":\"2025-09-18T12:32:31+00:00\",\"dateModified\":\"2026-04-20T10:08:37+00:00\",\"breadcrumb\":{\"@id\":\"https:\\\/\\\/disimi.hr\\\/de\\\/produkt\\\/kisobran-bez-zlatni-s-volancicima-cute-goldy-kis2501\\\/#breadcrumb\"},\"inLanguage\":\"de\",\"potentialAction\":[{\"@type\":\"ReadAction\",\"target\":[\"https:\\\/\\\/disimi.hr\\\/de\\\/produkt\\\/kisobran-bez-zlatni-s-volancicima-cute-goldy-kis2501\\\/\"]}]},{\"@type\":\"ImageObject\",\"inLanguage\":\"de\",\"@id\":\"https:\\\/\\\/disimi.hr\\\/de\\\/produkt\\\/kisobran-bez-zlatni-s-volancicima-cute-goldy-kis2501\\\/#primaryimage\",\"url\":\"https:\\\/\\\/disimi.hr\\\/wp-content\\\/uploads\\\/2025\\\/09\\\/KIS2501-W.jpg\",\"contentUrl\":\"https:\\\/\\\/disimi.hr\\\/wp-content\\\/uploads\\\/2025\\\/09\\\/KIS2501-W.jpg\",\"width\":800,\"height\":800},{\"@type\":\"BreadcrumbList\",\"@id\":\"https:\\\/\\\/disimi.hr\\\/de\\\/produkt\\\/kisobran-bez-zlatni-s-volancicima-cute-goldy-kis2501\\\/#breadcrumb\",\"itemListElement\":[{\"@type\":\"ListItem\",\"position\":1,\"name\":\"Po\u010detna stranica\",\"item\":\"https:\\\/\\\/disimi.hr\\\/de\\\/\"},{\"@type\":\"ListItem\",\"position\":2,\"name\":\"Produkte\",\"item\":\"https:\\\/\\\/disimi.hr\\\/de\\\/produkte\\\/\"},{\"@type\":\"ListItem\",\"position\":3,\"name\":\"Regenschirm beige\\\/gold mit R\u00fcschen &#8220;Cute Goldy&#8221; &#8211; KIS2501\"}]},{\"@type\":\"WebSite\",\"@id\":\"https:\\\/\\\/disimi.hr\\\/#website\",\"url\":\"https:\\\/\\\/disimi.hr\\\/\",\"name\":\"DISIMI?\",\"description\":\"Hrvatski brand i jedinstveni dizajn!\",\"publisher\":{\"@id\":\"https:\\\/\\\/disimi.hr\\\/#organization\"},\"potentialAction\":[{\"@type\":\"SearchAction\",\"target\":{\"@type\":\"EntryPoint\",\"urlTemplate\":\"https:\\\/\\\/disimi.hr\\\/?s={search_term_string}\"},\"query-input\":{\"@type\":\"PropertyValueSpecification\",\"valueRequired\":true,\"valueName\":\"search_term_string\"}}],\"inLanguage\":\"de\"},{\"@type\":\"Organization\",\"@id\":\"https:\\\/\\\/disimi.hr\\\/#organization\",\"name\":\"DiSiMi?\",\"url\":\"https:\\\/\\\/disimi.hr\\\/\",\"logo\":{\"@type\":\"ImageObject\",\"inLanguage\":\"de\",\"@id\":\"https:\\\/\\\/disimi.hr\\\/#\\\/schema\\\/logo\\\/image\\\/\",\"url\":\"https:\\\/\\\/disimi.hr\\\/wp-content\\\/uploads\\\/2022\\\/02\\\/logo2.jpg\",\"contentUrl\":\"https:\\\/\\\/disimi.hr\\\/wp-content\\\/uploads\\\/2022\\\/02\\\/logo2.jpg\",\"width\":250,\"height\":79,\"caption\":\"DiSiMi?\"},\"image\":{\"@id\":\"https:\\\/\\\/disimi.hr\\\/#\\\/schema\\\/logo\\\/image\\\/\"},\"sameAs\":[\"https:\\\/\\\/www.facebook.com\\\/DISIMI.hr\\\/\",\"https:\\\/\\\/www.instagram.com\\\/disimi.hr\\\/\"]}]}<\/script>\n<!-- \/ Yoast SEO plugin. -->","yoast_head_json":{"title":"Regenschirm beige\/gold mit R\u00fcschen \"Cute Goldy\" - KIS2501 - DISIMI?","robots":{"index":"index","follow":"follow","max-snippet":"max-snippet:-1","max-image-preview":"max-image-preview:large","max-video-preview":"max-video-preview:-1"},"canonical":"https:\/\/disimi.hr\/de\/produkt\/kisobran-bez-zlatni-s-volancicima-cute-goldy-kis2501\/","og_locale":"de_DE","og_type":"article","og_title":"Regenschirm beige\/gold mit R\u00fcschen \"Cute Goldy\" - KIS2501 - DISIMI?","og_description":"Beige\/Goldener Regenschirm mit R\u00fcschen  Dieser beige Regenschirm mit raffinierten schwarzen R\u00fcschen vereint klassische Eleganz mit modernem Stil. Seine neutrale Farbe passt m\u00fchelos zu jedem Outfit, w\u00e4hrend feminine Details einen Hauch von Romantik verleihen. Die leichte und robuste Konstruktion erm\u00f6glicht eine einfache Handhabung, und der praktische Beutel erleichtert Transport und Aufbewahrung. Er ist perfekt f\u00fcr Frauen, die bei jeder Gelegenheit stilvoll aussehen m\u00f6chten \u2013 selbst bei bew\u00f6lktem Himmel. Regen ist kein Hindernis mehr, sondern eine Gelegenheit, Ihren Stil zu pr\u00e4sentieren.  Gefalteter Regenschirm im Beutel  Praktikabilit\u00e4t und Eleganz vereint! Bei Nichtgebrauch l\u00e4sst sich dieser Regenschirm einfach zusammenfalten und im Beutel verstauen. Er ben\u00f6tigt nur minimalen Platz und seine elegante \u00c4sthetik mit schwarzen R\u00fcschen hinterl\u00e4sst einen starken Eindruck. Sie m\u00fcssen sich nicht mehr zwischen Funktionalit\u00e4t und Stil entscheiden \u2013 mit diesem Regenschirm erhalten Sie beides. Jedes Detail wurde f\u00fcr Frauen entworfen, die Wert auf ein elegantes Erscheinungsbild legen und gleichzeitig praktische L\u00f6sungen f\u00fcr den Alltag sch\u00e4tzen.  Regenschirmtyp: Faltbarer Designer-Regenschirm  Durchmesser des ge\u00f6ffneten Schirms: 101 cm  H\u00f6he des ge\u00f6ffneten Schirms: 57 cm  H\u00f6he des geschlossenen Schirms: 27 cm  Anzahl der Dr\u00e4hte: 8  \u00d6ffnung und Schlie\u00dfung: manuell  &nbsp;","og_url":"https:\/\/disimi.hr\/de\/produkt\/kisobran-bez-zlatni-s-volancicima-cute-goldy-kis2501\/","og_site_name":"DISIMI?","article_publisher":"https:\/\/www.facebook.com\/DISIMI.hr\/","article_modified_time":"2026-04-20T10:08:37+00:00","og_image":[{"width":800,"height":800,"url":"https:\/\/disimi.hr\/wp-content\/uploads\/2025\/09\/KIS2501-W.jpg","type":"image\/jpeg"}],"twitter_card":"summary_large_image","schema":{"@context":"https:\/\/schema.org","@graph":[{"@type":"WebPage","@id":"https:\/\/disimi.hr\/de\/produkt\/kisobran-bez-zlatni-s-volancicima-cute-goldy-kis2501\/","url":"https:\/\/disimi.hr\/de\/produkt\/kisobran-bez-zlatni-s-volancicima-cute-goldy-kis2501\/","name":"Regenschirm beige\/gold mit R\u00fcschen \"Cute Goldy\" - KIS2501 - DISIMI?","isPartOf":{"@id":"https:\/\/disimi.hr\/#website"},"primaryImageOfPage":{"@id":"https:\/\/disimi.hr\/de\/produkt\/kisobran-bez-zlatni-s-volancicima-cute-goldy-kis2501\/#primaryimage"},"image":{"@id":"https:\/\/disimi.hr\/de\/produkt\/kisobran-bez-zlatni-s-volancicima-cute-goldy-kis2501\/#primaryimage"},"thumbnailUrl":"https:\/\/disimi.hr\/wp-content\/uploads\/2025\/09\/KIS2501-W.jpg","datePublished":"2025-09-18T12:32:31+00:00","dateModified":"2026-04-20T10:08:37+00:00","breadcrumb":{"@id":"https:\/\/disimi.hr\/de\/produkt\/kisobran-bez-zlatni-s-volancicima-cute-goldy-kis2501\/#breadcrumb"},"inLanguage":"de","potentialAction":[{"@type":"ReadAction","target":["https:\/\/disimi.hr\/de\/produkt\/kisobran-bez-zlatni-s-volancicima-cute-goldy-kis2501\/"]}]},{"@type":"ImageObject","inLanguage":"de","@id":"https:\/\/disimi.hr\/de\/produkt\/kisobran-bez-zlatni-s-volancicima-cute-goldy-kis2501\/#primaryimage","url":"https:\/\/disimi.hr\/wp-content\/uploads\/2025\/09\/KIS2501-W.jpg","contentUrl":"https:\/\/disimi.hr\/wp-content\/uploads\/2025\/09\/KIS2501-W.jpg","width":800,"height":800},{"@type":"BreadcrumbList","@id":"https:\/\/disimi.hr\/de\/produkt\/kisobran-bez-zlatni-s-volancicima-cute-goldy-kis2501\/#breadcrumb","itemListElement":[{"@type":"ListItem","position":1,"name":"Po\u010detna stranica","item":"https:\/\/disimi.hr\/de\/"},{"@type":"ListItem","position":2,"name":"Produkte","item":"https:\/\/disimi.hr\/de\/produkte\/"},{"@type":"ListItem","position":3,"name":"Regenschirm beige\/gold mit R\u00fcschen &#8220;Cute Goldy&#8221; &#8211; KIS2501"}]},{"@type":"WebSite","@id":"https:\/\/disimi.hr\/#website","url":"https:\/\/disimi.hr\/","name":"DISIMI?","description":"Hrvatski brand i jedinstveni dizajn!","publisher":{"@id":"https:\/\/disimi.hr\/#organization"},"potentialAction":[{"@type":"SearchAction","target":{"@type":"EntryPoint","urlTemplate":"https:\/\/disimi.hr\/?s={search_term_string}"},"query-input":{"@type":"PropertyValueSpecification","valueRequired":true,"valueName":"search_term_string"}}],"inLanguage":"de"},{"@type":"Organization","@id":"https:\/\/disimi.hr\/#organization","name":"DiSiMi?","url":"https:\/\/disimi.hr\/","logo":{"@type":"ImageObject","inLanguage":"de","@id":"https:\/\/disimi.hr\/#\/schema\/logo\/image\/","url":"https:\/\/disimi.hr\/wp-content\/uploads\/2022\/02\/logo2.jpg","contentUrl":"https:\/\/disimi.hr\/wp-content\/uploads\/2022\/02\/logo2.jpg","width":250,"height":79,"caption":"DiSiMi?"},"image":{"@id":"https:\/\/disimi.hr\/#\/schema\/logo\/image\/"},"sameAs":["https:\/\/www.facebook.com\/DISIMI.hr\/","https:\/\/www.instagram.com\/disimi.hr\/"]}]}},"_links":{"self":[{"href":"https:\/\/disimi.hr\/de\/wp-json\/wp\/v2\/product\/117498","targetHints":{"allow":["GET"]}}],"collection":[{"href":"https:\/\/disimi.hr\/de\/wp-json\/wp\/v2\/product"}],"about":[{"href":"https:\/\/disimi.hr\/de\/wp-json\/wp\/v2\/types\/product"}],"wp:featuredmedia":[{"embeddable":true,"href":"https:\/\/disimi.hr\/de\/wp-json\/wp\/v2\/media\/125616"}],"wp:attachment":[{"href":"https:\/\/disimi.hr\/de\/wp-json\/wp\/v2\/media?parent=117498"}],"wp:term":[{"taxonomy":"product_brand","embeddable":true,"href":"https:\/\/disimi.hr\/de\/wp-json\/wp\/v2\/product_brand?post=117498"},{"taxonomy":"product_cat","embeddable":true,"href":"https:\/\/disimi.hr\/de\/wp-json\/wp\/v2\/product_cat?post=117498"},{"taxonomy":"product_tag","embeddable":true,"href":"https:\/\/disimi.hr\/de\/wp-json\/wp\/v2\/product_tag?post=117498"}],"curies":[{"name":"wp","href":"https:\/\/api.w.org\/{rel}","templated":true}]}}